{"id":77,"date":"2015-02-18T17:39:55","date_gmt":"2015-02-18T17:39:55","guid":{"rendered":"http:\/\/swck.org\/wop\/wordpress\/?page_id=77"},"modified":"2025-03-20T20:34:14","modified_gmt":"2025-03-20T20:34:14","slug":"rasens-ursprung","status":"publish","type":"page","link":"https:\/\/swck.org\/wop\/wordpress\/?page_id=77","title":{"rendered":"Rasernas ursprung"},"content":{"rendered":"<p>Welsh Corgin (cardigan och pembroke) h\u00e4rstammar fr\u00e5n Wales i England. Olika teorier om dess ursprung f\u00f6rekommer dock. Somliga p\u00e5st\u00e5r att vikingarna fr\u00e5n V\u00e4stsverige skulle ha f\u00f6rt med sig V\u00e4stg\u00f6taspetsar till Wales och att det sedan var de som bildade stammen f\u00f6r Welsh Corgi.<br \/>En annan teori \u00e4r att det skulle vara tv\u00e4rt om, dvs att de svenska vikingarna skulle tagit med sig hundar hem fr\u00e5n Wales till V\u00e4sterg\u00f6tland och skapat V\u00e4stg\u00f6taspetsen av Welsh Corgin.<\/p>\n<p>Hur som helst tros det att Welsh Corgin funnits \u00e4nda sen 900-talet. D\u00e5 de anv\u00e4ndes som g\u00e5rds-, vakt- och vallhund. Den vallade d\u00e5 fr\u00e4mst n\u00f6tkreatur. \u00c5r 1925 blev Welsh Corgin registrerad som officiell ras av Engelska kennelklubben, d\u00e5 skilde man inte p\u00e5 Cardigan och Pembroke. F\u00f6rst 1934 registrerades de som separata raser.<\/p>\n<p>Welsh Corgi best\u00e5r allts\u00e5 av tv\u00e5 olika raser. Welsh Corgi Cardigan och Welsh Corgi Pembroke.<br \/><br \/>Mer historia om welsh corgi pembroke och specialklubben <a href=\"https:\/\/l.facebook.com\/l.php?u=https%3A%2F%2Fswck.org%2Fwop%2Fwordpress%2Fwp-content%2Fuploads%2F2025%2F03%2FHistoria.pdf%3Ffbclid%3DIwZXh0bgNhZW0CMTAAAR1KS0lJCAHPDv1tbBJ4RYXHg3pa3gzguh_Gcc7A_h5MbAwbcBMzLIT5oaY_aem_Dw1gdR61FnxYIt46s95RfQ&amp;h=AT2pvypqaJA12pY6jR09RmPQWa6QEOmty5aEY4uTyrfgzK_Kluq-9JHgdvXGJziCWHqPgOV_oJ1alUuLQN5aJFa5Ol9qSS7gVh6hxDxNGe0zdyS7QZk-fDO_BFsSSTrTWd8\" target=\"_blank\" rel=\"noopener\">hittar du h\u00e4r<\/a>. Har funnits i tidigare RAS dokument.<\/p>\n\n\n<div class=\"wp-block-columns is-layout-flex wp-container-core-columns-is-layout-9d6595d7 wp-block-columns-is-layout-flex\">\n<div class=\"wp-block-column is-layout-flow wp-block-column-is-layout-flow\">\n<figure class=\"wp-block-image size-large\"><a href=\"http:\/\/swck.org\/wop\/wordpress\/wp-content\/uploads\/2021\/02\/welsh-corgi-cardigan-038_vv_800px-1.jpg\"><img loading=\"lazy\" decoding=\"async\" width=\"800\" height=\"615\" src=\"http:\/\/swck.org\/wop\/wordpress\/wp-content\/uploads\/2021\/02\/welsh-corgi-cardigan-038_vv_800px-1.jpg\" alt=\"\" class=\"wp-image-3064\" srcset=\"https:\/\/swck.org\/wop\/wordpress\/wp-content\/uploads\/2021\/02\/welsh-corgi-cardigan-038_vv_800px-1.jpg 800w, https:\/\/swck.org\/wop\/wordpress\/wp-content\/uploads\/2021\/02\/welsh-corgi-cardigan-038_vv_800px-1-300x231.jpg 300w, https:\/\/swck.org\/wop\/wordpress\/wp-content\/uploads\/2021\/02\/welsh-corgi-cardigan-038_vv_800px-1-768x590.jpg 768w\" sizes=\"auto, (max-width: 800px) 100vw, 800px\" \/><\/a><figcaption class=\"wp-element-caption\">Welsh corgi Cardigan<\/figcaption><\/figure>\n\n\n\n<p><\/p>\n<\/div>\n\n\n\n<div class=\"wp-block-column is-layout-flow wp-block-column-is-layout-flow\">\n<figure class=\"wp-block-image size-large\"><a href=\"http:\/\/swck.org\/wop\/wordpress\/wp-content\/uploads\/2021\/02\/welsh-corgi-pembroke-039_vv_800px.jpg\"><img loading=\"lazy\" decoding=\"async\" width=\"800\" height=\"644\" src=\"http:\/\/swck.org\/wop\/wordpress\/wp-content\/uploads\/2021\/02\/welsh-corgi-pembroke-039_vv_800px.jpg\" alt=\"\" class=\"wp-image-3062\" srcset=\"https:\/\/swck.org\/wop\/wordpress\/wp-content\/uploads\/2021\/02\/welsh-corgi-pembroke-039_vv_800px.jpg 800w, https:\/\/swck.org\/wop\/wordpress\/wp-content\/uploads\/2021\/02\/welsh-corgi-pembroke-039_vv_800px-300x242.jpg 300w, https:\/\/swck.org\/wop\/wordpress\/wp-content\/uploads\/2021\/02\/welsh-corgi-pembroke-039_vv_800px-768x618.jpg 768w\" sizes=\"auto, (max-width: 800px) 100vw, 800px\" \/><\/a><figcaption class=\"wp-element-caption\">Welsh corgi Pembroke<\/figcaption><\/figure>\n<\/div>\n<\/div>\n","protected":false},"excerpt":{"rendered":"<p>Welsh Corgin (cardigan och pembroke) h\u00e4rstammar fr\u00e5n Wales i England. Olika teorier om dess ursprung f\u00f6rekommer dock. Somliga p\u00e5st\u00e5r att vikingarna fr\u00e5n V\u00e4stsverige skulle ha f\u00f6rt med sig V\u00e4stg\u00f6taspetsar till &#8230;<\/p>\n","protected":false},"author":1,"featured_media":0,"parent":25,"menu_order":0,"comment_status":"closed","ping_status":"closed","template":"","meta":{"footnotes":""},"class_list":["post-77","page","type-page","status-publish","hentry"],"_links":{"self":[{"href":"https:\/\/swck.org\/wop\/wordpress\/index.php?rest_route=\/wp\/v2\/pages\/77","targetHints":{"allow":["GET"]}}],"collection":[{"href":"https:\/\/swck.org\/wop\/wordpress\/index.php?rest_route=\/wp\/v2\/pages"}],"about":[{"href":"https:\/\/swck.org\/wop\/wordpress\/index.php?rest_route=\/wp\/v2\/types\/page"}],"author":[{"embeddable":true,"href":"https:\/\/swck.org\/wop\/wordpress\/index.php?rest_route=\/wp\/v2\/users\/1"}],"replies":[{"embeddable":true,"href":"https:\/\/swck.org\/wop\/wordpress\/index.php?rest_route=%2Fwp%2Fv2%2Fcomments&post=77"}],"version-history":[{"count":9,"href":"https:\/\/swck.org\/wop\/wordpress\/index.php?rest_route=\/wp\/v2\/pages\/77\/revisions"}],"predecessor-version":[{"id":4872,"href":"https:\/\/swck.org\/wop\/wordpress\/index.php?rest_route=\/wp\/v2\/pages\/77\/revisions\/4872"}],"up":[{"embeddable":true,"href":"https:\/\/swck.org\/wop\/wordpress\/index.php?rest_route=\/wp\/v2\/pages\/25"}],"wp:attachment":[{"href":"https:\/\/swck.org\/wop\/wordpress\/index.php?rest_route=%2Fwp%2Fv2%2Fmedia&parent=77"}],"curies":[{"name":"wp","href":"https:\/\/api.w.org\/{rel}","templated":true}]}}