{"id":75,"date":"2015-02-18T17:39:34","date_gmt":"2015-02-18T17:39:34","guid":{"rendered":"http:\/\/swck.org\/wop\/wordpress\/?page_id=75"},"modified":"2026-01-25T14:41:13","modified_gmt":"2026-01-25T14:41:13","slug":"r-a-s","status":"publish","type":"page","link":"https:\/\/swck.org\/wop\/wordpress\/?page_id=75","title":{"rendered":"R A S"},"content":{"rendered":"<p><span style=\"font-size: 16pt;\"><strong>Rasspecifika avelsstrategier<\/strong><\/span><\/p>\n<p>De rasspecifika avelsstrategierna (RAS) \u00e4r handlingsplaner f\u00f6r aveln inom en specifik ras. De beskriver b\u00e5de problem och starka sidor som kan finnas inom rasen och rymmer de avelsrekommendationer som rasklubbens medlemmar kommit \u00f6verens om. Tanken \u00e4r att RAS-dokumentet ska vara en v\u00e4gledning och riktlinje f\u00f6r uppf\u00f6darna, men det tj\u00e4nar ocks\u00e5 som konsumentupplysning f\u00f6r den som har planer p\u00e5 att k\u00f6pa hund.<\/p>\n<p>Svenska Kennelklubben (SKK) arbetar tillsammans med specialklubbarna och rasklubbarna f\u00f6r att ta fram strategier f\u00f6r aveln inom vissa raser. M\u00e5let \u00e4r att de hundar som f\u00f6ds upp av svenska uppf\u00f6dare ska vara friska och funktionella ur alla aspekter. Arbetet med RAS utg\u00e5r fr\u00e5n en beskrivning av nul\u00e4get och problemen som finns hos rasen i dag. H\u00e4nsyn tas bland annat till hundarnas h\u00e4lsa, mentalitet och exteri\u00f6r. Strategin beskriver ocks\u00e5 vilka m\u00e5ls\u00e4ttningar som finns, hur m\u00e5len ska n\u00e5s och n\u00e4r.<\/p>\n<p>Mer information om RAS finns att l\u00e4sa p\u00e5 SKKs hemsida.<\/p>\n<p><strong><a href=\"https:\/\/swck.org\/wop\/wordpress\/wp-content\/uploads\/2026\/01\/RATT-RAS-CARDIGAN.docx-1.pdf?fbclid=IwY2xjawPjCrVleHRuA2FlbQIxMABicmlkETFWbUU2UFM2b3JVMU1IYVFJc3J0YwZhcHBfaWQQMjIyMDM5MTc4ODIwMDg5MgABHjoMadaB4nJpQJRj3lXbUmHJ8XkIZZIUlWS1IvmjHvt3DiHL4tM_gfVNU8RA_aem_RGXlqvb6MsGUIM9XbWJxPQ\" target=\"_blank\" rel=\"noopener\">RAS version 4 Welsh corgi cardigan<\/a><br \/>\n<\/strong>Fastst\u00e4llt av SKK 2025-09-17<\/p>\n<p><strong><a href=\"https:\/\/swck.org\/wop\/wordpress\/wp-content\/uploads\/2026\/01\/RATT-RAS-PEMBROKE.docx.pdf?fbclid=IwY2xjawPjCshleHRuA2FlbQIxMABicmlkETFWbUU2UFM2b3JVMU1IYVFJc3J0YwZhcHBfaWQQMjIyMDM5MTc4ODIwMDg5MgABHm0ess4SFWC7CecLp-F7V0qDXL4mAu7Cro7tnBnuyCodkz9_QiW2kJ5Nph9m_aem_IdJkY6bdOSxGGMDQB47ssw\" target=\"_blank\" rel=\"noopener\">RAS version 5 Welsh corgi pembroke<\/a><br \/>\n<\/strong>Fastst\u00e4llt av SKK 2025-09-17<strong><br \/>\n<\/strong><\/p>\n","protected":false},"excerpt":{"rendered":"<p>Rasspecifika avelsstrategier De rasspecifika avelsstrategierna (RAS) \u00e4r handlingsplaner f\u00f6r aveln inom en specifik ras. De beskriver b\u00e5de problem och starka sidor som kan finnas inom rasen och rymmer de avelsrekommendationer &#8230;<\/p>\n","protected":false},"author":1,"featured_media":0,"parent":25,"menu_order":0,"comment_status":"closed","ping_status":"closed","template":"","meta":{"footnotes":""},"class_list":["post-75","page","type-page","status-publish","hentry"],"_links":{"self":[{"href":"https:\/\/swck.org\/wop\/wordpress\/index.php?rest_route=\/wp\/v2\/pages\/75","targetHints":{"allow":["GET"]}}],"collection":[{"href":"https:\/\/swck.org\/wop\/wordpress\/index.php?rest_route=\/wp\/v2\/pages"}],"about":[{"href":"https:\/\/swck.org\/wop\/wordpress\/index.php?rest_route=\/wp\/v2\/types\/page"}],"author":[{"embeddable":true,"href":"https:\/\/swck.org\/wop\/wordpress\/index.php?rest_route=\/wp\/v2\/users\/1"}],"replies":[{"embeddable":true,"href":"https:\/\/swck.org\/wop\/wordpress\/index.php?rest_route=%2Fwp%2Fv2%2Fcomments&post=75"}],"version-history":[{"count":20,"href":"https:\/\/swck.org\/wop\/wordpress\/index.php?rest_route=\/wp\/v2\/pages\/75\/revisions"}],"predecessor-version":[{"id":5539,"href":"https:\/\/swck.org\/wop\/wordpress\/index.php?rest_route=\/wp\/v2\/pages\/75\/revisions\/5539"}],"up":[{"embeddable":true,"href":"https:\/\/swck.org\/wop\/wordpress\/index.php?rest_route=\/wp\/v2\/pages\/25"}],"wp:attachment":[{"href":"https:\/\/swck.org\/wop\/wordpress\/index.php?rest_route=%2Fwp%2Fv2%2Fmedia&parent=75"}],"curies":[{"name":"wp","href":"https:\/\/api.w.org\/{rel}","templated":true}]}}