{"id":69,"date":"2015-02-18T17:38:26","date_gmt":"2015-02-18T17:38:26","guid":{"rendered":"http:\/\/swck.org\/wop\/wordpress\/?page_id=69"},"modified":"2026-04-14T14:25:32","modified_gmt":"2026-04-14T14:25:32","slug":"omplacering","status":"publish","type":"page","link":"https:\/\/swck.org\/wop\/wordpress\/?page_id=69","title":{"rendered":"Omplacering"},"content":{"rendered":"<p><span style=\"font-size: 14pt;\"><strong>Har du en Corgi som s\u00f6ker nytt hem?<\/strong> <\/span><br \/>Kontakta oss s\u00e5 f\u00e5r du hj\u00e4lp att via klubben annonsera f\u00f6r en omplacering.<br \/>styrelse@swck.org<\/p>\n<div dir=\"auto\"><hr \/><\/div>\n\n\n<p><span style=\"font-size: 16pt;\"><strong>Corgis som letar nytt hem!<\/strong><\/span><\/p>\n\n\n\n<div class=\"wp-block-columns is-layout-flex wp-container-core-columns-is-layout-9d6595d7 wp-block-columns-is-layout-flex\">\n<div class=\"wp-block-column is-layout-flow wp-block-column-is-layout-flow\">\n<figure class=\"wp-block-image size-full\"><a href=\"https:\/\/swck.org\/wop\/wordpress\/wp-content\/uploads\/2026\/04\/image0.jpeg\"><img loading=\"lazy\" decoding=\"async\" width=\"480\" height=\"640\" src=\"https:\/\/swck.org\/wop\/wordpress\/wp-content\/uploads\/2026\/04\/image0.jpeg\" alt=\"\" class=\"wp-image-5704\" srcset=\"https:\/\/swck.org\/wop\/wordpress\/wp-content\/uploads\/2026\/04\/image0.jpeg 480w, https:\/\/swck.org\/wop\/wordpress\/wp-content\/uploads\/2026\/04\/image0-225x300.jpeg 225w\" sizes=\"auto, (max-width: 480px) 100vw, 480px\" \/><\/a><\/figure>\n<\/div>\n\n\n\n<div class=\"wp-block-column is-layout-flow wp-block-column-is-layout-flow\">\n<p><strong>Jag s\u00f6ker ett tryggt, stabilt och erfaret hem till min tricolor cardigan hane p\u00e5 4 \u00e5r.<\/strong><\/p>\n\n\n\n<p>Han \u00e4r en arbetsvillig, intelligent och v\u00e4ldigt personlig hund med tydlig av- och p\u00e5-knapp. Inomhus \u00e4r han lugn och kan koppla av fint, och han \u00e4r dessutom v\u00e4ldigt gosig och kelen \u2013 han tycker om att ligga n\u00e4ra, g\u00e4rna i soffan eller i kn\u00e4t, och uppskattar att bli klappad och kliad.<\/p>\n\n\n\n<p>Han \u00e4r en rolig individ med mycket gl\u00e4dje och bus i blicken, och knyter starka band till sin person.<\/p>\n\n\n\n<p>Vi har g\u00e5tt kurs inom lydnad, agility, sp\u00e5r och nosework och han tycker om att arbeta tillsammans med sin m\u00e4nniska. Samtidigt beh\u00f6ver han inte leva ett \u201cmaxat\u201d aktivt liv \u2013 han skulle lika g\u00e4rna kunna trivas med ett lugnare liv p\u00e5 en g\u00e5rd d\u00e4r han f\u00e5r strosa runt, h\u00e5lla koll och bara vara, s\u00e5 l\u00e4nge han f\u00e5r r\u00e4tt stimulans och n\u00e4rhet.<\/p>\n\n\n\n<p>Skogen \u00e4r en favorit, och vintertid blommar han verkligen ut \u2013 han \u00e4lskar sn\u00f6! Sommaren kan vara mer utmanande, och han uppskattar d\u00e5 att kunna svalka sig i vatten under promenader.<\/p>\n\n\n\n<p>Han fungerar med andra hundar och djur vid r\u00e4tt introduktion, men kan tycka att vissa hundm\u00f6ten \u00e4r jobbiga. Han beh\u00f6ver d\u00e4rf\u00f6r en trygg och hundvan \u00e4gare som kan guida honom r\u00e4tt.<\/p>\n\n\n\n<p>&#x26a0;&#xfe0f; Ska inte bo med sm\u00e5 barn. Hundvana ton\u00e5ringar kan fungera.<\/p>\n\n\n\n<p>&#x2714;&#xfe0f;&nbsp;Okastrerad<br>&#x2714;&#xfe0f; Vaccinerad &amp; f\u00f6rs\u00e4krad<br>&#x2714;&#xfe0f; Stamtavla finns<br>&#x2714;&#xfe0f; Mentalbeskriven (MH)<br>&#x2714;&#xfe0f;&nbsp;G\u00e5tt flera kurser<br>&#x2714;&#xfe0f;&nbsp;Kan vara ensam hemma, men kan visa missn\u00f6je genom vissa olater<\/p>\n\n\n\n<p>&#x1f3e1;&nbsp;Han s\u00f6ker ett hem i lugnare milj\u00f6 \u2013 g\u00e4rna p\u00e5 landet eller i en mindre by. Storstadsliv med mycket intryck \u00e4r inget som passar honom.<\/p>\n\n\n\n<p>Jag s\u00f6ker dig som:<\/p>\n\n\n\n<ul class=\"wp-block-list\">\n<li>Har god hundvana och kan l\u00e4sa hund<\/li>\n\n\n\n<li>Kan erbjuda ett stabilt, l\u00e5ngsiktigt hem<\/li>\n\n\n\n<li>F\u00f6rst\u00e5r vikten av struktur, tydlighet och trygghet<\/li>\n<\/ul>\n\n\n\n<p>&#x1f494;&nbsp;Anledning till omplacering:<br>P\u00e5 grund av f\u00f6r\u00e4ndrade arbetstider f\u00e5r han idag flytta mellan tre olika hem, vilket inte fungerar f\u00f6r honom. Han beh\u00f6ver lugn, stabilitet och en fast punkt i tillvaron.<br>Det h\u00e4r \u00e4r en fantastisk hund i r\u00e4tt h\u00e4nder \u2013 lojal, arbetsglad och med mycket personlighet.<\/p>\n\n\n\n<p>&#x1f4cd;&nbsp;Finsp\u00e5ng<\/p>\n\n\n\n<p>&#x1f4e7; F\u00f6rsta kontakt sker via mejl. Ber\u00e4tta utf\u00f6rligt om dig sj\u00e4lv, din livssituation och vad du kan erbjuda.&nbsp;<br><a href=\"mailto:Johanna.Pihl@live.se\" target=\"_blank\" rel=\"noreferrer noopener\">Johanna.Pihl@live.se<\/a>&nbsp;<\/p>\n<\/div>\n<\/div>\n\n\n\n<hr class=\"wp-block-separator has-text-color has-cyan-bluish-gray-color has-alpha-channel-opacity has-cyan-bluish-gray-background-color has-background is-style-wide\"\/>\n\n\n\n<div class=\"wp-block-columns is-layout-flex wp-container-core-columns-is-layout-9d6595d7 wp-block-columns-is-layout-flex\">\n<div class=\"wp-block-column is-layout-flow wp-block-column-is-layout-flow\">\n<figure class=\"wp-block-image size-large\"><a href=\"https:\/\/swck.org\/wop\/wordpress\/wp-content\/uploads\/2026\/04\/1159-scaled.jpg\"><img loading=\"lazy\" decoding=\"async\" width=\"768\" height=\"1024\" src=\"https:\/\/swck.org\/wop\/wordpress\/wp-content\/uploads\/2026\/04\/1159-768x1024.jpg\" alt=\"\" class=\"wp-image-5705\" srcset=\"https:\/\/swck.org\/wop\/wordpress\/wp-content\/uploads\/2026\/04\/1159-768x1024.jpg 768w, https:\/\/swck.org\/wop\/wordpress\/wp-content\/uploads\/2026\/04\/1159-225x300.jpg 225w, https:\/\/swck.org\/wop\/wordpress\/wp-content\/uploads\/2026\/04\/1159-1152x1536.jpg 1152w, https:\/\/swck.org\/wop\/wordpress\/wp-content\/uploads\/2026\/04\/1159-1536x2048.jpg 1536w, https:\/\/swck.org\/wop\/wordpress\/wp-content\/uploads\/2026\/04\/1159-scaled.jpg 1920w\" sizes=\"auto, (max-width: 768px) 100vw, 768px\" \/><\/a><\/figure>\n<\/div>\n\n\n\n<div class=\"wp-block-column is-layout-flow wp-block-column-is-layout-flow\">\n<p><strong>Omplacering 8-\u00e5rig steriliserad pembroke tik.<\/strong><\/p>\n\n\n\n<p>Carli \u00e4r v\u00e4rldens b\u00e4sta och mysigaste hund, hon \u00e4lskar att h\u00e4nga med p\u00e5 allt m\u00f6jligt och \u00e4r v\u00e4ldigt anpassningsbar.&nbsp;<\/p>\n\n\n\n<p>N\u00e5gra sm\u00e5 egenheter som att hon gillar att hoppa p\u00e5 altand\u00f6rrar, ogillar att klippa klor har hon, men hon kompenserar f\u00f6r detta genom att vara s\u00e5 otroligt s\u00f6t och charmig och underbar.<\/p>\n\n\n\n<p>Orsaken till omplaceringen \u00e4r att i v\u00e5rt nya&nbsp; hush\u00e5ll finns det barn, varav den minsta \u00e4r 3\u00e5r, Carli har inte haft s\u00e5 mycket erfarenhet av sm\u00e5 barn och har sv\u00e5rt att f\u00f6rst\u00e5 hur de fungerar, vilket har gjort att hon blir stressad och ut\u00e5tagerande mot den minsta.<\/p>\n\n\n\n<p>Jag s\u00f6ker d\u00e4rmed ett hem till henne d\u00e4r det inte finns n\u00e5gra mindre barn, inte heller tikar (stabila lugna hanhundar kan fungera). Carli \u00e4r steriliserad.&nbsp;<\/p>\n\n\n\n<p>Jag hoppas och \u00f6nskar att kunna ge henne ett bra och tryggt hem, g\u00e4rna ett \u00e4ldre par utan sm\u00e5 barn d\u00e4r Carli kan f\u00e5 vara i fokus.<\/p>\n\n\n\n<p>Kontakt:<br>Lina Sch\u00f6n<br>0768-80 38 02<br>S\u00f6lvesborg&nbsp;<\/p>\n<\/div>\n<\/div>\n","protected":false},"excerpt":{"rendered":"<p>Har du en Corgi som s\u00f6ker nytt hem? Kontakta oss s\u00e5 f\u00e5r du hj\u00e4lp att via klubben annonsera f\u00f6r en omplacering.styrelse@swck.org Corgis som letar nytt hem! Jag s\u00f6ker ett tryggt, &#8230;<\/p>\n","protected":false},"author":1,"featured_media":0,"parent":13,"menu_order":0,"comment_status":"closed","ping_status":"closed","template":"","meta":{"footnotes":""},"class_list":["post-69","page","type-page","status-publish","hentry"],"_links":{"self":[{"href":"https:\/\/swck.org\/wop\/wordpress\/index.php?rest_route=\/wp\/v2\/pages\/69","targetHints":{"allow":["GET"]}}],"collection":[{"href":"https:\/\/swck.org\/wop\/wordpress\/index.php?rest_route=\/wp\/v2\/pages"}],"about":[{"href":"https:\/\/swck.org\/wop\/wordpress\/index.php?rest_route=\/wp\/v2\/types\/page"}],"author":[{"embeddable":true,"href":"https:\/\/swck.org\/wop\/wordpress\/index.php?rest_route=\/wp\/v2\/users\/1"}],"replies":[{"embeddable":true,"href":"https:\/\/swck.org\/wop\/wordpress\/index.php?rest_route=%2Fwp%2Fv2%2Fcomments&post=69"}],"version-history":[{"count":96,"href":"https:\/\/swck.org\/wop\/wordpress\/index.php?rest_route=\/wp\/v2\/pages\/69\/revisions"}],"predecessor-version":[{"id":5728,"href":"https:\/\/swck.org\/wop\/wordpress\/index.php?rest_route=\/wp\/v2\/pages\/69\/revisions\/5728"}],"up":[{"embeddable":true,"href":"https:\/\/swck.org\/wop\/wordpress\/index.php?rest_route=\/wp\/v2\/pages\/13"}],"wp:attachment":[{"href":"https:\/\/swck.org\/wop\/wordpress\/index.php?rest_route=%2Fwp%2Fv2%2Fmedia&parent=69"}],"curies":[{"name":"wp","href":"https:\/\/api.w.org\/{rel}","templated":true}]}}