{"id":5182,"date":"2025-07-24T14:29:05","date_gmt":"2025-07-24T14:29:05","guid":{"rendered":"https:\/\/swck.org\/wop\/wordpress\/?page_id=5182"},"modified":"2025-07-24T14:38:00","modified_gmt":"2025-07-24T14:38:00","slug":"mentalitet","status":"publish","type":"page","link":"https:\/\/swck.org\/wop\/wordpress\/?page_id=5182","title":{"rendered":"Mentalitet"},"content":{"rendered":"\n<p>H\u00e4r kommer snart information kring v\u00e5ra tv\u00e5 rasers mentalitet.<br><br><strong>Beteende- och personlighetsbeskrivning hund<\/strong><br>Vill du veta mer om din hunds mentalitet? Svenska Kennelklubbens mentalbeskrivning, BPH, \u00e4r utformad f\u00f6r att passa alla hundar. Den hj\u00e4lper dig som hund\u00e4gare att l\u00e4ra k\u00e4nna din hund lite b\u00e4ttre och \u00e4r v\u00e4rdefull i avelsarbetet f\u00f6r uppf\u00f6dare, och oss som specialklubb.<br><br>Alla hundar och hundraser \u00e4r inte likadana. Vilken personlighet har din hund? \u00c4r den lekfull, trygg, energisk, glad i m\u00e4nniskor? Det kan BPH ge dig svaren p\u00e5!<\/p>\n\n\n\n<p>Beskrivningen tar omkring 45 minuter och inneh\u00e5ller\u00a0<a href=\"https:\/\/www.skk.se\/aktiv-med-hund\/mentalbeskrivning\/bph\/momenten-i-bph\/\">\u00e5tta olika moment<\/a>. Syftet \u00e4r att f\u00e5 en bild av hur hunden reagerar p\u00e5 och hanterar olika situationer. Det handlar bland annat om att m\u00f6ta fr\u00e4mmande personer, att leka, att arbeta f\u00f6r att komma \u00e5t mat och att st\u00f6ta p\u00e5 \u00f6verraskningar.<br><br>BPH \u00e4r just en beskrivning och inte en prov- eller testform. Det betyder att din hund inte f\u00e5r betyg, po\u00e4ng eller kan vinna priser. Inte heller f\u00e5r hunden beteckningen godk\u00e4nd\/icke godk\u00e4nd. BPH \u00e4r en officiell merit och n\u00e4r du och din hund g\u00e5tt BPH noteras beskrivningen som genomf\u00f6rd.<br><br>L\u00e4s mer p\u00e5 <a href=\"https:\/\/www.skk.se\/aktiv-med-hund\/mentalbeskrivning\/bph\/\" data-type=\"link\" data-id=\"https:\/\/www.skk.se\/aktiv-med-hund\/mentalbeskrivning\/bph\/\" target=\"_blank\" rel=\"noreferrer noopener\">Svenska Kennel klubbens hemsida om BPH<\/a><br><\/p>\n\n\n\n<p>N\u00e4r en ras har mer \u00e4n 200 beskrivna individer s\u00e4tter SKK ihop en analys av dessa resultat, de finner du att l\u00e4sa h\u00e4r.<\/p>\n\n\n\n<div class=\"wp-block-columns is-layout-flex wp-container-core-columns-is-layout-9d6595d7 wp-block-columns-is-layout-flex\">\n<div class=\"wp-block-column is-layout-flow wp-block-column-is-layout-flow\">\n<p class=\"has-text-align-center\"><strong><a href=\"https:\/\/swck.org\/wop\/wordpress\/wp-content\/uploads\/2025\/07\/Welsh-corgi-cardigan-20250701.pdf?fbclid=IwY2xjawLkV55leHRuA2FlbQIxMABicmlkETBneGlsQTQ4MVdFbE9sWm1NAR5sCxB8nsa67_JboibMAd6MRa5SKl5xR8OWivKhN3DtZjtw2oy4dgp3hHUaJg_aem_P5_a3FSMenGogHlugKvgoA\" target=\"_blank\" rel=\"noreferrer noopener\">200- analys Welsh corgi cardigan <\/a><\/strong><\/p>\n<\/div>\n\n\n\n<div class=\"wp-block-column is-layout-flow wp-block-column-is-layout-flow\">\n<p class=\"has-text-align-center\"><strong><a href=\"https:\/\/swck.org\/wop\/wordpress\/wp-content\/uploads\/2025\/07\/Welsh-corgi-pembroke-20250701.pdf?fbclid=IwY2xjawLkV6xleHRuA2FlbQIxMABicmlkETBneGlsQTQ4MVdFbE9sWm1NAR6-IyEGtcjLdebL4c9EttZm-0C8zS3m50DeAihG2Yo5uqG3FDs7_tcHjy2cVA_aem_As9qSBuPaOFfSRSdH-zUKw\" target=\"_blank\" rel=\"noreferrer noopener\">200- analys Welsh corgi pembroke<\/a><\/strong><\/p>\n<\/div>\n<\/div>\n\n\n\n<p><\/p>\n","protected":false},"excerpt":{"rendered":"<p>H\u00e4r kommer snart information kring v\u00e5ra tv\u00e5 rasers mentalitet. Beteende- och personlighetsbeskrivning hundVill du veta mer om din hunds mentalitet? Svenska Kennelklubbens mentalbeskrivning, BPH, \u00e4r utformad f\u00f6r att passa alla &#8230;<\/p>\n","protected":false},"author":1,"featured_media":0,"parent":0,"menu_order":0,"comment_status":"closed","ping_status":"closed","template":"","meta":{"footnotes":""},"class_list":["post-5182","page","type-page","status-publish","hentry"],"_links":{"self":[{"href":"https:\/\/swck.org\/wop\/wordpress\/index.php?rest_route=\/wp\/v2\/pages\/5182","targetHints":{"allow":["GET"]}}],"collection":[{"href":"https:\/\/swck.org\/wop\/wordpress\/index.php?rest_route=\/wp\/v2\/pages"}],"about":[{"href":"https:\/\/swck.org\/wop\/wordpress\/index.php?rest_route=\/wp\/v2\/types\/page"}],"author":[{"embeddable":true,"href":"https:\/\/swck.org\/wop\/wordpress\/index.php?rest_route=\/wp\/v2\/users\/1"}],"replies":[{"embeddable":true,"href":"https:\/\/swck.org\/wop\/wordpress\/index.php?rest_route=%2Fwp%2Fv2%2Fcomments&post=5182"}],"version-history":[{"count":3,"href":"https:\/\/swck.org\/wop\/wordpress\/index.php?rest_route=\/wp\/v2\/pages\/5182\/revisions"}],"predecessor-version":[{"id":5186,"href":"https:\/\/swck.org\/wop\/wordpress\/index.php?rest_route=\/wp\/v2\/pages\/5182\/revisions\/5186"}],"wp:attachment":[{"href":"https:\/\/swck.org\/wop\/wordpress\/index.php?rest_route=%2Fwp%2Fv2%2Fmedia&parent=5182"}],"curies":[{"name":"wp","href":"https:\/\/api.w.org\/{rel}","templated":true}]}}