{"id":5002,"date":"2025-05-05T09:07:26","date_gmt":"2025-05-05T09:07:26","guid":{"rendered":"https:\/\/swck.org\/wop\/wordpress\/?page_id=5002"},"modified":"2026-03-18T18:05:02","modified_gmt":"2026-03-18T18:05:02","slug":"eurocorgi-2026","status":"publish","type":"page","link":"https:\/\/swck.org\/wop\/wordpress\/?page_id=5002","title":{"rendered":"Eurocorgi 2026"},"content":{"rendered":"\n<p>Varmt v\u00e4lkomna till <strong>EUROCORGI 2026<\/strong>,<br><strong>Swedish Winner Show &amp; European Dog Show!<\/strong><br><em>English below<\/em><br><strong>FR\u00c5GOR?<\/strong><br>Kontakta oss: <a href=\"mailto:eurocorgi2026@gmail.com\" target=\"_blank\" rel=\"noreferrer noopener\">eurocorgi2026@gmail.com<\/a><\/p>\n\n\n\n<h4 class=\"wp-block-heading has-text-align-center\">EUROCORGI 2026<br>Anm\u00e4lan \u00f6ppnen!<\/h4>\n\n\n\n<div class=\"wp-block-media-text has-media-on-the-right is-stacked-on-mobile\" style=\"grid-template-columns:auto 27%\"><div class=\"wp-block-media-text__content\">\n<p>Arrangeras av Svenska Welsh Corgi Klubben<br>Datum: Fredag 4 september 2026<br>Plats: <strong>Runsten Equestrian<\/strong>, Ridhusv\u00e4gen 20, 147 91 Gr\u00f6dinge, Sweden<br>Mer info om platsen: <a class=\"\" href=\"https:\/\/www.runstenequestrian.se\">Runsten Equestrian<\/a><\/p>\n\n\n\n<p>DOMARE PEMBROKE: <br><a href=\"https:\/\/swck.org\/wop\/wordpress\/wp-content\/uploads\/2026\/01\/Ms-Terry-Hansen.pdf\" target=\"_blank\" rel=\"noreferrer noopener\">Terry Hansen&nbsp;, Kennel Pinemeade, USA<\/a><br><a href=\"https:\/\/swck.org\/wop\/wordpress\/wp-content\/uploads\/2026\/01\/Marian-Your-.pdf\" target=\"_blank\" rel=\"noreferrer noopener\">Marian Johnson Your, Kennel Tri-umph, USA<\/a><br><br>DOMARE CARDIGAN:<br>Dayl Phillip, Kennel Aurigan, USA<br><a href=\"https:\/\/swck.org\/wop\/wordpress\/wp-content\/uploads\/2026\/01\/Ros-Gardiner-Ellwood-Resume.pdf\">Roslyn Gardiner (Ellwood) Kennel Elmsmere, UK<\/a><\/p>\n<\/div><figure class=\"wp-block-media-text__media\"><img loading=\"lazy\" decoding=\"async\" width=\"1024\" height=\"1024\" src=\"https:\/\/swck.org\/wop\/wordpress\/wp-content\/uploads\/2025\/07\/EUROCORGI-edited-1024x1024.png\" alt=\"\" class=\"wp-image-5122 size-full\" srcset=\"https:\/\/swck.org\/wop\/wordpress\/wp-content\/uploads\/2025\/07\/EUROCORGI-edited-1024x1024.png 1024w, https:\/\/swck.org\/wop\/wordpress\/wp-content\/uploads\/2025\/07\/EUROCORGI-edited-300x300.png 300w, https:\/\/swck.org\/wop\/wordpress\/wp-content\/uploads\/2025\/07\/EUROCORGI-edited-150x150.png 150w, https:\/\/swck.org\/wop\/wordpress\/wp-content\/uploads\/2025\/07\/EUROCORGI-edited-768x769.png 768w, https:\/\/swck.org\/wop\/wordpress\/wp-content\/uploads\/2025\/07\/EUROCORGI-edited.png 1079w\" sizes=\"auto, (max-width: 1024px) 100vw, 1024px\" \/><\/figure><\/div>\n\n\n\n<hr class=\"wp-block-separator has-alpha-channel-opacity\"\/>\n\n\n\n<h4 class=\"wp-block-heading\">Gala Dinner<\/h4>\n\n\n\n<p>Vi v\u00e4lkomnar er till gemensam middag p\u00e5:<br><strong>Best Western Plus Skogsh\u00f6jd<\/strong><br> T\u00e4ppgatan 15, 151 33 S\u00f6dert\u00e4lje, Sweden<br><a class=\"\" href=\"https:\/\/www.bestwestern.se\/\">Best Western Skogsh\u00f6jd \u2013 S\u00f6dert\u00e4lje<\/a><\/p>\n\n\n\n<p><strong>Rumspriser inkl frukost och hundtill\u00e4gg:<\/strong><\/p>\n\n\n\n<ul class=\"wp-block-list\">\n<li>Economy Double (2 pers): 1295 SEK\/natt<\/li>\n\n\n\n<li>Standard Queen (2 pers): 1495 SEK\/natt<\/li>\n\n\n\n<li>Superior King (2 pers): 1595 SEK\/natt<\/li>\n\n\n\n<li>Studio Superior (3 pers): 1695 SEK\/natt<\/li>\n<\/ul>\n\n\n\n<p><strong>Bokningsl\u00e4nk kommer snart!<\/strong><br>Restid till EUROCORGI: ca. 30 min<br>Restid till Stockholmsm\u00e4ssan (EDS &amp; Swedish Winner Show): approx. 30 min<br><\/p>\n\n\n\n<hr class=\"wp-block-separator has-alpha-channel-opacity\"\/>\n\n\n\n<h4 class=\"wp-block-heading\"><\/h4>\n\n\n\n<p><strong>L\u00f6rdag 5 september<\/strong><br><strong>Swedish Winner Show 2026<\/strong><br>Arrangeras av Svenska kennelklubben<br>En internationell hundutst\u00e4llning med m\u00f6jlighet att vinna svenskt certifikat och internationellt certifikat, CACIB samt junior- och veteran CACIB.<br><a href=\"https:\/\/www.skk.se\/european-dog-show-2026\/utstallning\/swedish-winner-show-2026\/\">Swedish Winner Show 2026<\/a><\/p>\n\n\n\n<p><strong>S\u00f6ndag 6 september<\/strong><br><strong>European Dog Show 2026<\/strong><br>Arrangeras av Svenska kennelklubben<br><a href=\"https:\/\/www.skk.se\/european-dog-show-2026\/\">European Dog Show 2026<\/a><\/p>\n\n\n\n<p>Plats f\u00f6r b\u00e5da utst\u00e4llningarna: <strong>Stockholmsm\u00e4ssan<\/strong>, Stockholm<\/p>\n\n\n\n<hr class=\"wp-block-separator has-alpha-channel-opacity\"\/>\n\n\n\n<p>A warm welcome to <strong>Stockholm<\/strong> and <strong>EUROCORGI 2026<\/strong>,<br><strong>Swedish Winner Show &amp; European Dog Show!<\/strong><\/p>\n\n\n\n<h4 class=\"wp-block-heading\">EUROCORGI 2026<br><strong>Registration is open!<\/strong><br><\/h4>\n\n\n\n<p>Organized by the Swedish Welsh Corgi Club<br>Date: Friday, September 4, 2026<br>Venue: <strong>Runsten Equestrian<\/strong>, Ridhusv\u00e4gen 20, 147 91 Gr\u00f6dinge, Sweden<br>More info: <a class=\"\" href=\"https:\/\/www.runstenequestrian.se\">Runsten Equestrian<\/a><br><br>JUDGE PEMBROKE: <br><a href=\"https:\/\/swck.org\/wop\/wordpress\/wp-content\/uploads\/2026\/01\/Ms-Terry-Hansen.pdf\" target=\"_blank\" rel=\"noreferrer noopener\">Terry Hansen&nbsp;, Kennel Pinemeade, USA.<\/a><br><a href=\"https:\/\/swck.org\/wop\/wordpress\/wp-content\/uploads\/2026\/01\/Marian-Your-.pdf\" target=\"_blank\" rel=\"noreferrer noopener\">Marian Johnson Your, Kennel Tri-umph, USA.<\/a><br><br>JUDGE CARDIGAN:<br>Dayl Phillip, Kennel Aurigan, USA.<br><a href=\"https:\/\/swck.org\/wop\/wordpress\/wp-content\/uploads\/2026\/01\/Ros-Gardiner-Ellwood-Resume.pdf\" target=\"_blank\" rel=\"noreferrer noopener\">Roslyn Gardiner (Ellwood) Kennel Elmsmere, UK.<\/a><\/p>\n\n\n\n<p><br><\/p>\n\n\n\n<hr class=\"wp-block-separator has-alpha-channel-opacity\"\/>\n\n\n\n<h4 class=\"wp-block-heading\">Gala Dinner<\/h4>\n\n\n\n<p>Join us for a shared dinner at:<br><strong>Best Western Plus Skogsh\u00f6jd<\/strong><br> T\u00e4ppgatan 15, 151 33 S\u00f6dert\u00e4lje, Sweden<br><a class=\"\" href=\"https:\/\/www.bestwestern.se\/\">Best Western Skogsh\u00f6jd \u2013 S\u00f6dert\u00e4lje<\/a><\/p>\n\n\n\n<p><strong>Room rates (breakfast &amp; dog fee included):<\/strong><\/p>\n\n\n\n<ul class=\"wp-block-list\">\n<li>Economy Double (2 persons): 1295 SEK\/night<\/li>\n\n\n\n<li>Standard Queen (2 persons): 1495 SEK\/night<\/li>\n\n\n\n<li>Superior King (2 persons): 1595 SEK\/night<\/li>\n\n\n\n<li>Studio Superior (3 persons): 1695 SEK\/night<\/li>\n<\/ul>\n\n\n\n<p><strong> <a href=\"https:\/\/app.mews.com\/distributor\/b5c23be3-eccb-4074-8f53-b27300c9dd7f?mewsAvailabilityBlockId=cd448f78-92f1-4178-983c-b32300843a10&amp;mewsStart=2026-09-03&amp;mewsEnd=2026-09-07\" target=\"_blank\" rel=\"noreferrer noopener\">New booking &#8211; Best Western Plus Skogsh\u00f6jd <\/a><br><\/strong><br>Travel time from hotel to EUROCORGI: approx. 30 min<br>Travel time from hotel to Stockholmsm\u00e4ssan (EDS &amp; Swedish Winner Show): approx. 30 min<\/p>\n\n\n\n<p>The Gala Dinner will be held at the official hotel. A silent auction will be held during the<br>Gala Dinner. Detailed programme and booking information will be published separately.<br><br><strong>JUNIOR HANDLING &amp; CHILD WITH DOG<\/strong><br>Will be arranged.<br>Entries are made at the showground, Judge will be announced separately.<br><br><strong>LIVE RESULTS &amp; CRITIQUES<\/strong><br>Live results, including full written critiques for each participating dog, will be available<br>during the show. The link will be published closer to the event.<br><br><strong>RULES &amp; REGULATIONS<\/strong><br>We strictly follow the Swedish Kennel Club\u2019s rules and regulations.<br>Dogs younger than 4 months are not allowed in the exhibition area.<br>Smoking is only permitted outside the exhibition area.<br>Full regulations:<br><a href=\"https:\/\/www.skk.se\/en\/european-dog-show-2026\/dog-show\/rules-and-regulations\/\" target=\"_blank\" rel=\"noreferrer noopener\">https:\/\/www.skk.se\/en\/european-dog-show-2026\/dog-show\/rules-and-regulations\/<\/a><br><br><strong>UPDATES<\/strong><br>Please follow our Facebook group \u2018\u2019 Eurocorgi 2026 \u2018\u2019 for judges&#8217; presentations, how<br>to book accommodation, gala dinner and other updates.<br><\/p>\n\n\n\n<hr class=\"wp-block-separator has-alpha-channel-opacity\"\/>\n\n\n\n<h4 class=\"wp-block-heading\">Upcoming Shows at Stockholmsm\u00e4ssan:<\/h4>\n\n\n\n<p><strong>Saturday, September 5<\/strong><br><strong>Swedish Winner Show 2026<\/strong><br>Organized by the Swedish Kennel Club (SKK)<br>International dog show with the possibility to win Swedish CAC, CACIB, and Junior\/Veteran CACIB.<br><a href=\"https:\/\/www.skk.se\/european-dog-show-2026\/utstallning\/swedish-winner-show-2026\/\">Swedish Winner Show 2026<\/a><\/p>\n\n\n\n<p><strong>Sunday, September 6<\/strong><br><strong>European Dog Show 2026<\/strong><br>Also organized by SKK<br>A prestigious international dog show at the same venue.<br><a href=\"https:\/\/www.skk.se\/european-dog-show-2026\/\">European Dog Show 2026<\/a><\/p>\n\n\n\n<p>Venue for both shows: <strong>Stockholmsm\u00e4ssan<\/strong>, Stockholm, Sweden<\/p>\n\n\n\n<hr class=\"wp-block-separator has-alpha-channel-opacity\"\/>\n\n\n\n<p><strong>QUESTIONS?<\/strong><br>Contact us at: <a href=\"mailto:eurocorgi2026@gmail.com\" target=\"_blank\" rel=\"noreferrer noopener\">eurocorgi2026@gmail.com<\/a><\/p>\n\n\n\n<p><br><\/p>\n\n\n\n<div class=\"wp-block-columns is-layout-flex wp-container-core-columns-is-layout-9d6595d7 wp-block-columns-is-layout-flex\">\n<div class=\"wp-block-column is-layout-flow wp-block-column-is-layout-flow\" style=\"flex-basis:66.66%\"><\/div>\n\n\n\n<div class=\"wp-block-column is-layout-flow wp-block-column-is-layout-flow\" style=\"flex-basis:33.33%\"><\/div>\n<\/div>\n","protected":false},"excerpt":{"rendered":"<p>Varmt v\u00e4lkomna till EUROCORGI 2026,Swedish Winner Show &amp; European Dog Show!English belowFR\u00c5GOR?Kontakta oss: eurocorgi2026@gmail.com EUROCORGI 2026Anm\u00e4lan \u00f6ppnen! Arrangeras av Svenska Welsh Corgi KlubbenDatum: Fredag 4 september 2026Plats: Runsten Equestrian, Ridhusv\u00e4gen &#8230;<\/p>\n","protected":false},"author":1,"featured_media":0,"parent":0,"menu_order":0,"comment_status":"closed","ping_status":"closed","template":"","meta":{"footnotes":""},"class_list":["post-5002","page","type-page","status-publish","hentry"],"_links":{"self":[{"href":"https:\/\/swck.org\/wop\/wordpress\/index.php?rest_route=\/wp\/v2\/pages\/5002","targetHints":{"allow":["GET"]}}],"collection":[{"href":"https:\/\/swck.org\/wop\/wordpress\/index.php?rest_route=\/wp\/v2\/pages"}],"about":[{"href":"https:\/\/swck.org\/wop\/wordpress\/index.php?rest_route=\/wp\/v2\/types\/page"}],"author":[{"embeddable":true,"href":"https:\/\/swck.org\/wop\/wordpress\/index.php?rest_route=\/wp\/v2\/users\/1"}],"replies":[{"embeddable":true,"href":"https:\/\/swck.org\/wop\/wordpress\/index.php?rest_route=%2Fwp%2Fv2%2Fcomments&post=5002"}],"version-history":[{"count":30,"href":"https:\/\/swck.org\/wop\/wordpress\/index.php?rest_route=\/wp\/v2\/pages\/5002\/revisions"}],"predecessor-version":[{"id":5632,"href":"https:\/\/swck.org\/wop\/wordpress\/index.php?rest_route=\/wp\/v2\/pages\/5002\/revisions\/5632"}],"wp:attachment":[{"href":"https:\/\/swck.org\/wop\/wordpress\/index.php?rest_route=%2Fwp%2Fv2%2Fmedia&parent=5002"}],"curies":[{"name":"wp","href":"https:\/\/api.w.org\/{rel}","templated":true}]}}