{"id":42,"date":"2015-02-18T17:26:12","date_gmt":"2015-02-18T17:26:12","guid":{"rendered":"http:\/\/swck.org\/wop\/wordpress\/?page_id=42"},"modified":"2026-03-16T15:53:15","modified_gmt":"2026-03-16T15:53:15","slug":"avelsrad","status":"publish","type":"page","link":"https:\/\/swck.org\/wop\/wordpress\/?page_id=42","title":{"rendered":"Avelsinformation"},"content":{"rendered":"\n<div class=\"wp-block-columns is-layout-flex wp-container-core-columns-is-layout-9d6595d7 wp-block-columns-is-layout-flex\">\n<div class=\"wp-block-column is-layout-flow wp-block-column-is-layout-flow\" style=\"flex-basis:66.66%\">\n<p><strong>Har du en individ som du tror kan tillf\u00f6ra positiva egenskaper till raser s\u00e5 hoppas vi att denna sidan kan ge dig bra information.<\/strong><br><br>H\u00e4r samlas information fr\u00e5n SWCK\u00b4s tv\u00e5 avelskommitt\u00e9er, AKP och AKC, till uppf\u00f6dare och avelsintresserade f\u00f6r v\u00e5ra tv\u00e5 raser.<br>\u00d6nskar du motta information fr\u00e5n v\u00e5ra avelskommitt\u00e9er s\u00e5 fyll i detta formul\u00e4r:&nbsp;<br><a href=\"https:\/\/docs.google.com\/forms\/d\/e\/1FAIpQLSe9nFkQ_5C6MGmcNebfVl21NBvClPZUNDRM1e9lYgf6aGxuSw\/viewform\" target=\"_blank\" rel=\"noreferrer noopener\">Kontaktuppgifter till avelsintresserade inom SWCK<\/a><br><br>Vi rekommenderar alla som \u00f6nskar att ta sina hundar i avel att l\u00e4sa Ras Specifika Avelsstrategier, RAS, f\u00f6r sin ras. Dokumenten finner du under fliken <em>OM RASERNA<\/em><\/p>\n\n\n\n<hr class=\"wp-block-separator has-alpha-channel-opacity\"\/>\n\n\n\n<p>F\u00f6r att kunna g\u00e5 vidare med individer i avel s\u00e5 finns det vissa krav fr\u00e5n SKK och rekommendationer fr\u00e5n SWCK:<br><br><strong>Registeringskrav f\u00f6r b\u00e5da corgiraserna<\/strong><\/p>\n\n\n\n<p class=\"has-text-align-left\">Avelsdjur ska vara HD r\u00f6ntgade och avl\u00e4sta hos SKK innan parning.<br>SKK har sedan den 1 januari 2025 inf\u00f6rt h\u00e4lsoprogram niv\u00e5 2 p\u00e5 HD f\u00f6r Welsh corgi pembroke och Welsh corgi cardigan.<br><strong>Niv\u00e5 2<\/strong>\u00a0inneb\u00e4r att det \u00e4r krav p\u00e5 att alla hundar i rasen ska ha ett registrerat unders\u00f6kningsresultat innan de g\u00e5r i avel, f\u00f6r att deras valpar ska f\u00e5 registreras i SKK.\u00a0<br>\u2013 Hund med kliniska symptom p\u00e5 HD f\u00e5r inte anv\u00e4ndas i avel, oavsett HD-status vid r\u00f6ntgen<br>\u2013 Hund med HD-grad C beh\u00f6ver inte konsekvent uteslutas fr\u00e5n avel och f\u00e5r paras med hund med HD grad A, B eller C.<br>\u2013 Hund med HD-grad D f\u00e5r endast paras med hund med HD-grad A eller B<br>\u2013 Hund med HD-grad E f\u00e5r inte anv\u00e4ndas i avel<br><br><strong>DISPENSANS\u00d6KAN<\/strong><\/p>\n\n\n\n<p>\u00c4r ditt avelsdjur r\u00f6ntgad med HD grad A, B eller C beh\u00f6vs ingen dispensans\u00f6kan, den hund du \u00f6nskar para med beh\u00f6ver ha ett officiellt HD resultat via FCI, OFA, Pennhip mm.<\/p>\n\n\n\n<p>\u00c4r ditt avelsdjur r\u00f6ntgad med HD grad D beh\u00f6vs ingen dispensans\u00f6kan n\u00e4r den tillt\u00e4nkta hunden \u00e4r r\u00f6ntgad med HD grad A eller B enligt FCI.<\/p>\n\n\n\n<p>\u00c4r ditt avelsdjur r\u00f6ntgad med HD grad D beh\u00f6vs en dispensans\u00f6kan g\u00f6ras till SKK om den tillt\u00e4nkta hunden \u00e4r r\u00f6ntgad med OFA, Pennhip. Observera att SKK beh\u00f6ver ha ans\u00f6kan i god tid innan planerad parning och det beh\u00f6vs en ans\u00f6kan f\u00f6r varje tillt\u00e4nkt parning.<\/p>\n\n\n\n<p><a href=\"https:\/\/www.skk.se\/uppfodning\/att-foda-upp-en-valpkull\/valpregistrering\/dispensansokan-for-hund-till-avel\/\">DISPENSANS\u00d6KAN TILL HUND I AVEL<\/a><\/p>\n\n\n\n<p class=\"has-text-align-center\"><strong>GENSTESTER<\/strong><\/p>\n\n\n\n<p class=\"has-text-align-left\">I m\u00e5nga andra l\u00e4nder, d\u00e4r DNA tester blivit vanligt f\u00f6rekommande, s\u00e5 testas det f\u00f6r olika diagnoser hos Welsh Corgi. Det \u00e4r bland annat Degenerativ Myelopati, en sjukdom som enligt forskningen hos SLU, kan j\u00e4mf\u00f6ras med ALS hos m\u00e4nniskor.<br>Tillg\u00e5ngen till DNA-tester \u00f6kar snabbt inom hundaveln. M\u00e5nga av testerna avser sjukdomar med en enkel recessiv arvsg\u00e5ng, men det finns \u00e4ven tester p\u00e5 marknaden f\u00f6r sjukdomar med en mer komplex genetisk bakgrund. I dessa fall har forskare hittat n\u00e5gon, eller n\u00e5gra, genvarianter som visat sig ha en koppling till sjukdomen och som man kan testa f\u00f6r. Dessa testar brukar kallas<br>f\u00f6r \u201drisktester\u201d , Ett exempel p\u00e5 en risktest som erbjuds i m\u00e5nga raser \u00e4r det f\u00f6r degenerativ myelopati. <br><br><strong>SKKs avelskommitt\u00e9 har gjort f\u00f6ljande generella policyuttalande avseende till\u00e4mpningen av DNA-tester i avelsarbetet.<\/strong> <br>Genetiska tester \u00e4r ett verktyg i avelsarbetet f\u00f6r b\u00e4ttre h\u00e4lsa hos v\u00e5ra hundar, f\u00f6rutsatt att dessa tester \u00e4r tillf\u00f6rlitliga, relevanta och anv\u00e4nds p\u00e5 ett klokt s\u00e4tt. Uppf\u00f6dare och hund\u00e4gare b\u00f6r noggrant utv\u00e4rdera nyttan med och konsekvenserna av ett genetiskt test innan<br>detta utf\u00f6rs. Risken med ett ensidigt eller \u00f6verdrivet fokus p\u00e5 DNA-testresultat \u00e4r att andra viktiga \u00e5kommor eller egenskaper hamnar iskymundan.<br>SKKs avelskommitt\u00e9 vill understryka vikten av att man i avelsarbetet utg\u00e5r ifr\u00e5n hur vanligt f\u00f6rekommande och hur stort kliniskt problem en sjukdom \u00e4r, snarare \u00e4n att utg\u00e5 ifr\u00e5n vilka tester som finns tillg\u00e4ngliga. Om en sjukdom inte utg\u00f6r ett kliniskt problem i rasen och\/eller det DNA-test som erbjuds f\u00f6r denna \u00e5komma inte<br>anses tillf\u00f6rlitligt \u00e4r det b\u00e4ttre att avst\u00e5 fr\u00e5n att testa sin hund.<br>Risken \u00e4r annars att avelsbasen begr\u00e4nsas p\u00e5 felaktiga grunder, eftersom du som uppf\u00f6dare \u00e4r skyldig att ta h\u00e4nsyn till testresultatet i ditt avelsarbete. Det \u00e4r viktigt att ha i \u00e5tanke att hundavel handlar om mycket mer \u00e4n enstaka sjukdomar, och att genetiska tester inte ger hela bilden.<br><br><strong>Mycket viktigt &#8211; Det vi m\u00e5ste t\u00e4nka p\u00e5 \u00e4r att om man testar sin hund och f\u00e5r svaret anlagsb\u00e4rare eller affekterad, s\u00e5 m\u00e5ste man para den individen med en som \u00e4r testad och fri.<\/strong><br><br><strong><em>Avelsh\u00e4nsyn\u00a0<\/em><\/strong><em>F\u00f6r ett l\u00e5ngsiktigt h\u00e5llbart avelsarbete med h\u00e4nsyn till s\u00e5v\u00e4l h\u00e4lsa som genetisk variation b\u00f6r f\u00f6ljande riktlinjer avseende HD beaktas i avelsarbetet<\/em>.<\/p>\n\n\n\n<p class=\"has-text-align-center\"><strong>\u00d6GONLYSNING<\/strong><\/p>\n\n\n\n<p>Fr\u00e5n och med den 3 februari 2025, g\u00e5r svenska veterin\u00e4rer \u00f6ver till att anv\u00e4nda det europeiska intyget ECVO vid \u00f6gonunders\u00f6kningar, vilket g\u00f6r att det kommer att bli mer enhetligt inom Sverige och mellan olika l\u00e4nder. Det inneb\u00e4r att man m\u00e5ste best\u00e4lla en remiss fr\u00e5n SKK innan \u00f6gonlysning, men ocks\u00e5 att resultatet fortare blir officiellt d\u00e5 veterin\u00e4ren sj\u00e4lv l\u00e4gger ut det online.<br>Remiss best\u00e4ller man p\u00e5 <a href=\"http:\/\/www.mittskk.se\">Mitt SKK<\/a>.<\/p>\n\n\n\n<p>Det h\u00e4r inneb\u00e4r att SKK kan erbjuda avels rekommendationer\u00a0f\u00f6r samtliga diagnoser vilket f\u00f6rhoppningsvis kan underl\u00e4tta avelsarbete f\u00f6r alla uppf\u00f6dare samt ras- och special klubbar. Det \u00e4r m\u00e5nga, b\u00e5de uppf\u00f6dare och klubbar, som efterfr\u00e5gat avels rekommendationer f\u00f6r fler diagnoser \u00e4n som erbjuds idag.<br><br>P\u00e5 <a href=\"https:\/\/www.ecvo.eu\/\" data-type=\"link\" data-id=\"https:\/\/www.ecvo.eu\/\" target=\"_blank\" rel=\"noreferrer noopener\">ECVO\u00b4s hemsida<\/a> finner du de vanligaste diagnoserna f\u00f6r varje specifik ras och i <a href=\"https:\/\/www.ecvo.eu\/media\/chapter_8_vet_advice_2024.pdf\" data-type=\"link\" data-id=\"https:\/\/www.ecvo.eu\/media\/chapter_8_vet_advice_2024.pdf\">kapitel 8<\/a> kan du l\u00e4sa varje diagnos specifika avelsrekommendation.<br><br><a href=\"https:\/\/www.ecvo.eu\/media\/welshcorgipembroke.pdf\" data-type=\"link\" data-id=\"https:\/\/www.ecvo.eu\/media\/welshcorgipembroke.pdf\" target=\"_blank\" rel=\"noreferrer noopener\">ECVO Manual Welsh Corgi Pembroke<\/a><br><a href=\"https:\/\/www.ecvo.eu\/media\/cardiganwelshcorgi.pdf\" data-type=\"link\" data-id=\"https:\/\/www.ecvo.eu\/media\/cardiganwelshcorgi.pdf\" target=\"_blank\" rel=\"noreferrer noopener\">ECVO Manual Welsh Corgi Cardigan<\/a><\/p>\n\n\n\n<hr class=\"wp-block-separator has-alpha-channel-opacity\"\/>\n\n\n\n<p><strong>Avelsrekommendation<br><em>SWCK rekommenderar att uppf\u00f6dare beaktar f\u00f6ljande vid avelsplanering:<\/em><\/strong><br>\u2013 B\u00f6r ej l\u00e5ta bet\u00e4cka tik som \u00e4r yngre \u00e4n 24 m\u00e5nader<br>\u2013 Avelsdjur skall vara \u00f6gonlysta innan parning<br>\u2013 (End. Pembroke) Ett av f\u00f6r\u00e4ldradjuren i en kombination b\u00f6r ha stubbsvans s\u00e5 att det f\u00f6r rasen unika stubbsvansanlaget bevaras och f\u00f6rs vidare.<br>\u2013 (End. cardigan) SWCK\u2019s&nbsp;st\u00e5ndpunkt \u00e4r att blue merle endast ska paras med tref\u00e4rgad.<\/p>\n\n\n\n<p><strong>Krav f\u00f6r valph\u00e4nvisning<br><\/strong>F\u00f6ljande kr\u00e4vs f\u00f6r att f\u00e5 valph\u00e4nvisning genom SWCK:<\/p>\n\n\n\n<p>\u2013 Skall uppfylla SWCKs krav p\u00e5 uppf\u00f6dare<br>\u2013 Uppf\u00f6daren skall vara medlem i SKK och SWCK.<br>\u2013 Skall i avel endast anv\u00e4nda hundar som vid officiell utst\u00e4llning minst har f\u00e5tt kvalitetsbed\u00f6mningen VERY GOOD<\/p>\n\n\n\n<p><em>PEMBROKE:<\/em><strong><br><\/strong>\u2013 Avelsdjur skall vara \u00f6gonlysta inf\u00f6r parning<br>\u2013 Avelsdjur ska vara HD r\u00f6ntgade och avl\u00e4sta hos SKK innan parning<\/p>\n\n\n\n<p><em>CARDIGAN<\/em><br>\u2013 Avelsdjur skall vara \u00f6gonlysta inf\u00f6r parning<br>\u2013 Avelsdjur ska vara HD r\u00f6ntgade och avl\u00e4sta hos SKK innan parning<br>\u2013 F\u00f6r\u00e4ldradjuren skall vara fria fr\u00e5n PRA. Kunna visa upp resultat ihop med intyg, d\u00e4r hundens identitet \u00e4r styrkt, p\u00e5 resultat av DNA-test eller h\u00e4rstammar fr\u00e5n fria linjer genom blodtest enligt av SKK godk\u00e4nt laboratorium.&nbsp;<a href=\"https:\/\/swck.org\/wop\/wordpress\/?page_id=2131\">Mer info h\u00e4r.<\/a><\/p>\n\n\n\n<p>Av uppf\u00f6dare som f\u00e5r valph\u00e4nvisning genom SWCK f\u00f6rv\u00e4ntar klubben sig att:<\/p>\n\n\n\n<p>\u2013 Uppf\u00f6daren informerar valpk\u00f6paren om rasens egenskaper och anv\u00e4ndbarhet samt ger st\u00f6d och v\u00e4gledning till valpk\u00f6paren<br>-Uppf\u00f6daren vid f\u00f6rs\u00e4ljning av valpar upplyser om att det finns en rasklubb och hur man kommer i kontakt med den.<\/p>\n\n\n\n<hr class=\"wp-block-separator has-alpha-channel-opacity\"\/>\n\n\n\n<p><br><\/p>\n\n\n\n<p><br><\/p>\n\n\n\n<p><\/p>\n<\/div>\n\n\n\n<div class=\"wp-block-column is-layout-flow wp-block-column-is-layout-flow\" style=\"flex-basis:33.33%\">\n<div class=\"wp-block-group\"><div class=\"wp-block-group__inner-container is-layout-constrained wp-block-group-is-layout-constrained\">\n<figure class=\"wp-block-table\"><table class=\"has-fixed-layout\"><tbody><tr><td><strong>L\u00c4NKAR<\/strong><\/td><\/tr><tr><td><a href=\"https:\/\/hundar.skk.se\/avelsdata\/Initial.aspx\" target=\"_blank\" rel=\"noreferrer noopener\">Avelsdata SKK<\/a><\/td><\/tr><tr><td><a href=\"https:\/\/www.skk.se\/globalassets\/media---skk.se\/uppfodning\/avtal\/parningsavtal-j7.pdf?fbclid=IwY2xjawPjA3FleHRuA2FlbQIxMABicmlkETFWbUU2UFM2b3JVMU1IYVFJc3J0YwZhcHBfaWQQMjIyMDM5MTc4ODIwMDg5MgABHuw31WCWCJ7dv9uw_CLrCPXqKSnEjxsecphAv4aC82YtHlAUuhwtBGNCnolq_aem_j13_T6I4nMO6uJoA1WkXXg\" target=\"_blank\" rel=\"noreferrer noopener\">Parningsavtal &#8211; svenska<\/a><\/td><\/tr><tr><td><a href=\"https:\/\/www.skk.se\/globalassets\/media---skk.se\/engelska-dokument--andra-sprak\/j16-mating-agreement-2020-form.pdf?timestamp=20241010072411&amp;fbclid=IwY2xjawPjA5BleHRuA2FlbQIxMABicmlkETFWbUU2UFM2b3JVMU1IYVFJc3J0YwZhcHBfaWQQMjIyMDM5MTc4ODIwMDg5MgABHtnaY7erjCAaHagmbAcoGQjas9q_mHKSqeKzkJDCQCmoqHVh4mt2GzXFK-1e_aem_o5D4Vht75AH6g-ceRCYR0A\" target=\"_blank\" rel=\"noreferrer noopener\">Parningsavtal &#8211; engelska<\/a><\/td><\/tr><tr><td><a href=\"https:\/\/www.skk.se\/uppfodning\/regler-riktlinjer-och-lagar\/avtal\/?fbclid=IwY2xjawPjA7lleHRuA2FlbQIxMABicmlkETFWbUU2UFM2b3JVMU1IYVFJc3J0YwZhcHBfaWQQMjIyMDM5MTc4ODIwMDg5MgABHvBIgJfmXbHT5xQPDiS-bxdDClqBaoW9Ik8IZa3iFi2xYKf0aj7o8zrNzIXN_aem_gg1PXziiGyGAOQq1SFQRlw\" target=\"_blank\" rel=\"noreferrer noopener\">Mer info kring avtal<\/a><\/td><\/tr><tr><td><\/td><\/tr><tr><td><a href=\"https:\/\/www.skk.se\/om-oss\/vad-gor-skk\/vara-utbildningar\/webbinarium\/?fbclid=IwY2xjawPi_7NleHRuA2FlbQIxMABicmlkETFWbUU2UFM2b3JVMU1IYVFJc3J0YwZhcHBfaWQQMjIyMDM5MTc4ODIwMDg5MgABHkCWm8_3u6EmNMH2dChzKJzpqUfvyKE_-_xp13w7XJgukXOoC4jL9t0XU2B5_aem_XoZSrFZTpU0cB_x_Num3eg\" target=\"_blank\" rel=\"noreferrer noopener\">SKK\u00b4S webbinarium<\/a><\/td><\/tr><tr><td><a href=\"https:\/\/www.youtube.com\/playlist?list=PLJNEE6TcK5b04AW0jeapJ91Shqj9wHbhf\" target=\"_blank\" rel=\"noreferrer noopener\">SKK\u00b4s youtube kanal<\/a><\/td><\/tr><tr><td><\/td><\/tr><tr><td><strong>KONTAKT<\/strong><\/td><\/tr><tr><td><a href=\"mailto:pembroke@swck.org\" target=\"_blank\" rel=\"noreferrer noopener\">pembroke@swck.org<\/a><\/td><\/tr><tr><td><a href=\"mailto:cardigan@swck.org\" target=\"_blank\" rel=\"noreferrer noopener\">cardigan@swck.org<\/a><\/td><\/tr><\/tbody><\/table><\/figure>\n<\/div><\/div>\n<\/div>\n<\/div>\n\n\n<p><span style=\"font-size: 24pt;\">\u00a0<\/span><\/p>\n\n\n<div class=\"wp-block-columns is-layout-flex wp-container-core-columns-is-layout-9d6595d7 wp-block-columns-is-layout-flex\">\n<div class=\"wp-block-column is-layout-flow wp-block-column-is-layout-flow\"><\/div>\n\n\n\n<div class=\"wp-block-column is-layout-flow wp-block-column-is-layout-flow\"><\/div>\n<\/div>\n","protected":false},"excerpt":{"rendered":"<p>Har du en individ som du tror kan tillf\u00f6ra positiva egenskaper till raser s\u00e5 hoppas vi att denna sidan kan ge dig bra information. H\u00e4r samlas information fr\u00e5n SWCK\u00b4s tv\u00e5 &#8230;<\/p>\n","protected":false},"author":1,"featured_media":0,"parent":308,"menu_order":0,"comment_status":"closed","ping_status":"closed","template":"","meta":{"footnotes":""},"class_list":["post-42","page","type-page","status-publish","hentry"],"_links":{"self":[{"href":"https:\/\/swck.org\/wop\/wordpress\/index.php?rest_route=\/wp\/v2\/pages\/42","targetHints":{"allow":["GET"]}}],"collection":[{"href":"https:\/\/swck.org\/wop\/wordpress\/index.php?rest_route=\/wp\/v2\/pages"}],"about":[{"href":"https:\/\/swck.org\/wop\/wordpress\/index.php?rest_route=\/wp\/v2\/types\/page"}],"author":[{"embeddable":true,"href":"https:\/\/swck.org\/wop\/wordpress\/index.php?rest_route=\/wp\/v2\/users\/1"}],"replies":[{"embeddable":true,"href":"https:\/\/swck.org\/wop\/wordpress\/index.php?rest_route=%2Fwp%2Fv2%2Fcomments&post=42"}],"version-history":[{"count":75,"href":"https:\/\/swck.org\/wop\/wordpress\/index.php?rest_route=\/wp\/v2\/pages\/42\/revisions"}],"predecessor-version":[{"id":5628,"href":"https:\/\/swck.org\/wop\/wordpress\/index.php?rest_route=\/wp\/v2\/pages\/42\/revisions\/5628"}],"up":[{"embeddable":true,"href":"https:\/\/swck.org\/wop\/wordpress\/index.php?rest_route=\/wp\/v2\/pages\/308"}],"wp:attachment":[{"href":"https:\/\/swck.org\/wop\/wordpress\/index.php?rest_route=%2Fwp%2Fv2%2Fmedia&parent=42"}],"curies":[{"name":"wp","href":"https:\/\/api.w.org\/{rel}","templated":true}]}}