{"id":38,"date":"2015-02-18T17:25:28","date_gmt":"2015-02-18T17:25:28","guid":{"rendered":"http:\/\/swck.org\/wop\/wordpress\/?page_id=38"},"modified":"2024-07-27T08:36:59","modified_gmt":"2024-07-27T08:36:59","slug":"wcp-tidningen","status":"publish","type":"page","link":"https:\/\/swck.org\/wop\/wordpress\/?page_id=38","title":{"rendered":"Welsh Corgi Prat"},"content":{"rendered":"<p>Klubbtidningen Welsh Corgi Prat &#8211; WCP &#8211; utkommer med tre nummer per \u00e5r.<\/p>\n<p><strong>Datum f\u00f6r manusstopp<\/strong><br \/>\n<span class=\"s1\">Nr 1: 20 mars<br \/>\n<\/span><span class=\"s1\">Nr 2: 20 juli<br \/>\n<\/span><span class=\"s1\">Nr 3: 20 november<\/span><\/p>\n<p><strong>Redakt\u00f6r<\/strong><br \/>\nE-post : redaktor@swck.org<\/p>\n<p><strong>Har du inte f\u00e5tt din tidning?<br \/>\n<\/strong>Kontrollera att SKK:s register har r\u00e4tt uppgifter, detta kan du enkelt g\u00f6ra via <a href=\"https:\/\/www.mittskk.se\/\">MittSKK.<\/a><strong><br \/>\n<\/strong><\/p>\n<hr \/>\n<p><strong><span style=\"font-size: 16pt;\">Arkiv av WCP<br \/>\n<\/span><\/strong>Historia \u00e4r viktigt f\u00f6r oss och via l\u00e4nken h\u00e4r under kan du ta del av tidigare nummer av WCP fr\u00e5n december 1963 till 2014.<\/p>\n<p><a href=\"http:\/\/awcp.uandq.com\/\" target=\"_blank\" rel=\"noopener noreferrer\">http:\/\/awcp.uandq.com\/<\/a><\/p>\n<p>Stort tack till Ulla och Christer von Wowern f\u00f6r detta arbete!<\/p>\n","protected":false},"excerpt":{"rendered":"<p>Klubbtidningen Welsh Corgi Prat &#8211; WCP &#8211; utkommer med tre nummer per \u00e5r. Datum f\u00f6r manusstopp Nr 1: 20 mars Nr 2: 20 juli Nr 3: 20 november Redakt\u00f6r E-post &#8230;<\/p>\n","protected":false},"author":1,"featured_media":0,"parent":23,"menu_order":0,"comment_status":"closed","ping_status":"closed","template":"","meta":{"footnotes":""},"class_list":["post-38","page","type-page","status-publish","hentry"],"_links":{"self":[{"href":"https:\/\/swck.org\/wop\/wordpress\/index.php?rest_route=\/wp\/v2\/pages\/38","targetHints":{"allow":["GET"]}}],"collection":[{"href":"https:\/\/swck.org\/wop\/wordpress\/index.php?rest_route=\/wp\/v2\/pages"}],"about":[{"href":"https:\/\/swck.org\/wop\/wordpress\/index.php?rest_route=\/wp\/v2\/types\/page"}],"author":[{"embeddable":true,"href":"https:\/\/swck.org\/wop\/wordpress\/index.php?rest_route=\/wp\/v2\/users\/1"}],"replies":[{"embeddable":true,"href":"https:\/\/swck.org\/wop\/wordpress\/index.php?rest_route=%2Fwp%2Fv2%2Fcomments&post=38"}],"version-history":[{"count":30,"href":"https:\/\/swck.org\/wop\/wordpress\/index.php?rest_route=\/wp\/v2\/pages\/38\/revisions"}],"predecessor-version":[{"id":4302,"href":"https:\/\/swck.org\/wop\/wordpress\/index.php?rest_route=\/wp\/v2\/pages\/38\/revisions\/4302"}],"up":[{"embeddable":true,"href":"https:\/\/swck.org\/wop\/wordpress\/index.php?rest_route=\/wp\/v2\/pages\/23"}],"wp:attachment":[{"href":"https:\/\/swck.org\/wop\/wordpress\/index.php?rest_route=%2Fwp%2Fv2%2Fmedia&parent=38"}],"curies":[{"name":"wp","href":"https:\/\/api.w.org\/{rel}","templated":true}]}}