{"id":367,"date":"2015-09-11T05:18:44","date_gmt":"2015-09-11T05:18:44","guid":{"rendered":"http:\/\/swck.org\/wop\/wordpress\/?page_id=367"},"modified":"2026-04-20T07:39:36","modified_gmt":"2026-04-20T07:39:36","slug":"avelshanar-pembroke","status":"publish","type":"page","link":"https:\/\/swck.org\/wop\/wordpress\/?page_id=367","title":{"rendered":"Avelshanar Pembroke"},"content":{"rendered":"<p style=\"text-align: left;\">F\u00f6r mer information om hundarna h\u00e4nvisas till <a href=\"https:\/\/hundar.skk.se\/hunddata\/\" target=\"_blank\" rel=\"noopener noreferrer\">SKK Hunddata<\/a> eller direkt till \u00e4garen. Hundarnas titlar \u00e4r h\u00e4mtade fr\u00e5n SKK Hunddata.<\/p>\n<p>Vill du annonsera din svensk\u00e4gda hanhund p\u00e5 denna sida? Maila <a href=\"mailto:pembroke@swck.org\">pembroke@swck.org\u00a0<\/a><\/p>\n<table>\n<tbody>\n<tr>\n<td style=\"text-align: left;\"><strong>Andvol Lancelot<\/strong><br dir=\"auto\" \/>Regnr: SE10793\/2022<br dir=\"auto\" \/>F\u00f6dd: 2021-03-24<br dir=\"auto\" \/>Titel: SUCH<br dir=\"auto\" \/>\u00d6gon UA<br dir=\"auto\" \/>HD-status: B+B<br dir=\"auto\" \/>F\u00e4rg: R\u00f6d\u00a0<br dir=\"auto\" \/>Svans: LS<br dir=\"auto\" \/>\u00c4gare: Kerstin Einarson<br \/>076-8113444\u00a0<br dir=\"auto\" \/><a href=\"mailto:einarson.kerstin@telia.com\" target=\"_blank\" rel=\"noopener\">einarson.kerstin@telia.com<\/a><\/td>\n<td><img loading=\"lazy\" decoding=\"async\" class=\"aligncenter\" src=\"https:\/\/swck.org\/wop\/wordpress\/wp-content\/uploads\/2025\/01\/d2a186d1-223f-4d95-b2d9-390c522b7c08.jpg\" alt=\"\" width=\"287\" height=\"212\" \/><\/td>\n<\/tr>\n<tr>\n<td style=\"text-align: left;\">\n<p><strong>Andvol Va-Bank<br dir=\"auto\" \/><\/strong>Regnr: SE18568\/2022<br \/>F\u00f6dd: 2021-10-25<br dir=\"auto\" \/>Titel: C.I.B.&amp;SE&amp;DK UCH, C.I.B.-J, DK JUCH, DK JV-22, NLCH, PLCH NORD V-25 &amp; DK V-25<br \/>BPH genomf\u00f6rt<br dir=\"auto\" \/>\u00d6gon UA<br dir=\"auto\" \/>HD-status: C+B<br dir=\"auto\" \/>F\u00e4rg: R\u00f6d\u00a0<br dir=\"auto\" \/>Svans: Stubb<br dir=\"auto\" \/>\u00c4gare: Britta Dafg\u00e5rd<br \/>070-519 50 11<br \/><a href=\"mailto:kenneloccis@gmail.com\">kenneloccis@gmail.com<\/a><\/p>\n<\/td>\n<td><img loading=\"lazy\" decoding=\"async\" class=\"aligncenter\" src=\"https:\/\/swck.org\/wop\/wordpress\/wp-content\/uploads\/2026\/02\/igor-sta.jpg\" alt=\"\" width=\"291\" height=\"212\" \/><\/td>\n<\/tr>\n<tr>\n<td><strong>Bastian<\/strong><br \/><span style=\"font-size: 10pt;\">Regnr:\u00a0SE30580\/2016<\/span><br \/><span style=\"font-size: 10pt;\">F\u00f6dd: 2016-04-12<\/span><br \/><span style=\"font-size: 10pt;\">HD-status: B+B<br \/>Titel: SE UCH, DK UCH, HTM I<\/span><br \/><span style=\"font-size: 10pt;\">BPH genomf\u00f6rd<br \/>\u00d6gon UA 2018-06-07<\/span><br \/><span style=\"font-size: 10pt;\">F\u00e4rg: Sobel<\/span><br \/><span style=\"font-size: 10pt;\">Svans: Stubb<\/span><br \/><span style=\"font-size: 10pt;\">\u00c4gare: Tina Schaeder, Sk\u00e4rblacka<\/span><br \/><span style=\"font-size: 10pt;\">073-039 30 78<\/span><br \/><span style=\"font-size: 10pt;\"><a href=\"mailto:tina.schaeder@gmail.com\">tina.schaeder@gmail.com<\/a><\/span><br \/><a href=\"https:\/\/www.facebook.com\/tinascorgi123\/\"><span style=\"font-size: 10pt;\">https:\/\/www.facebook.com\/tinascorgi123\/<\/span><\/a><\/td>\n<td><img loading=\"lazy\" decoding=\"async\" class=\"aligncenter\" src=\"https:\/\/swck.org\/wop\/wordpress\/wp-content\/uploads\/2025\/04\/490981016_1330254618208361_6257417630311176634_n.jpg\" alt=\"\" width=\"292\" height=\"208\" \/><\/td>\n<\/tr>\n<tr>\n<td style=\"text-align: left;\"><strong>Bigtales Readly Lavec<\/strong><br \/><span style=\"font-size: 10pt;\">Regnr: SE38613\/2023<\/span><br \/><span style=\"font-size: 10pt;\">F\u00f6dd: 2023-06-19<\/span><br \/><span style=\"font-size: 10pt;\">HD-status: B+B<\/span><br \/><span style=\"font-size: 10pt;\">BPH genomf\u00f6rd<br \/>\u00d6gon PPM 2024-05-28\u00a0<\/span><br \/><span style=\"font-size: 10pt;\">F\u00e4rg: R\u00f6d\/vit<\/span><br \/><span style=\"font-size: 10pt;\">Svans: L\u00e5ngsvans<\/span><br \/><span style=\"font-size: 10pt;\"><span style=\"font-size: 10pt;\">\u00c4gare: Anna Andersson<br \/><\/span><\/span>\n<div class=\"Mh5jwe JqSWld yqQS1\">\u00a0bigtaleskennel@hotmail.com\u00a0<\/div>\n<\/td>\n<td><img loading=\"lazy\" decoding=\"async\" class=\"aligncenter\" src=\"https:\/\/swck.org\/wop\/wordpress\/wp-content\/uploads\/2025\/05\/501109301_10165371770048973_348366915988238233_n-3.jpg\" alt=\"\" width=\"279\" height=\"283\" \/><\/td>\n<\/tr>\n<tr>\n<td style=\"text-align: left;\">\n<div class=\"Qr7Oae\" role=\"listitem\">\n<div class=\"OxAavc NVbRL\" data-required=\"true\" data-item-id=\"2038809456\">\n<div class=\"xMZTse Ih4Dzb\">\n<div class=\"Mh5jwe JqSWld yqQS1\" aria-describedby=\"c128\"><strong>Bonus Pop Up&#8217;s Breathtaking Bono<\/strong><\/div>\n<\/div>\n<\/div>\n<\/div>\n<div class=\"Qr7Oae\" role=\"listitem\">\n<div class=\"OxAavc NVbRL\" data-required=\"true\" data-item-id=\"1368567386\">\n<div class=\"pYfr3c\">\n<div class=\"prOLdf\">\n<div class=\"g53bl\">\n<div class=\"cTDvob D1wxyf RjsPE\" role=\"heading\" aria-level=\"3\" aria-describedby=\"i.desc.1368567386 c135\"><span style=\"font-size: 10pt;\">Regnr: SE49843\/2021<br \/>F\u00f6dd: 2021-06-13<br \/>Titel: DK UCH, SE UCH<br \/>\u00d6gon UA 2023-03-13<br \/>HD-status: D+D<br \/>F\u00e4rg: Tref\u00e4rgad<br \/>Svans: Stubb<br \/>\u00c4gare: Maja \u00c4rleborg Hasselkvist<br \/><a href=\"mailto:bonuspopupskennel@gmail.com\">bonuspopupskennel@gmail.com<\/a><br \/><a href=\"https:\/\/www.bonuspopups.hundpoolen.com\"><span style=\"font-size: 10pt;\">Hemsida<\/span><\/a><br \/><\/span><\/div>\n<\/div>\n<\/div>\n<\/div>\n<\/div>\n<\/div>\n<\/td>\n<td><a href=\"https:\/\/swck.org\/wop\/wordpress\/wp-content\/uploads\/2024\/01\/403762696_1030259568191261_6525874909890304426_n-1.jpg\" target=\"_blank\" rel=\"noopener\"><img loading=\"lazy\" decoding=\"async\" class=\"aligncenter wp-image-3889\" src=\"https:\/\/swck.org\/wop\/wordpress\/wp-content\/uploads\/2024\/01\/403762696_1030259568191261_6525874909890304426_n-1.jpg\" alt=\"\" width=\"300\" height=\"209\" srcset=\"https:\/\/swck.org\/wop\/wordpress\/wp-content\/uploads\/2024\/01\/403762696_1030259568191261_6525874909890304426_n-1.jpg 1440w, https:\/\/swck.org\/wop\/wordpress\/wp-content\/uploads\/2024\/01\/403762696_1030259568191261_6525874909890304426_n-1-300x209.jpg 300w, https:\/\/swck.org\/wop\/wordpress\/wp-content\/uploads\/2024\/01\/403762696_1030259568191261_6525874909890304426_n-1-1024x714.jpg 1024w, https:\/\/swck.org\/wop\/wordpress\/wp-content\/uploads\/2024\/01\/403762696_1030259568191261_6525874909890304426_n-1-768x535.jpg 768w\" sizes=\"auto, (max-width: 300px) 100vw, 300px\" \/><\/a><\/td>\n<\/tr>\n<tr>\n<td style=\"text-align: left;\">\n<div class=\"Qr7Oae\" role=\"listitem\">\n<div class=\"OxAavc NVbRL\" data-required=\"true\" data-item-id=\"2038809456\">\n<div class=\"xMZTse Ih4Dzb\">\n<div class=\"Mh5jwe JqSWld yqQS1\" aria-describedby=\"c128\">\n<div class=\"Qr7Oae\" role=\"listitem\">\n<div class=\"OxAavc NVbRL\" data-required=\"true\" data-item-id=\"2038809456\">\n<div class=\"xMZTse Ih4Dzb\">\n<div class=\"Mh5jwe JqSWld yqQS1\" aria-describedby=\"c128\"><strong>Br\u00e5vestag\u00e5rdens Cooper<\/strong><\/div>\n<\/div>\n<\/div>\n<\/div>\n<div class=\"Qr7Oae\" role=\"listitem\">\n<div class=\"OxAavc NVbRL\" data-required=\"true\" data-item-id=\"1368567386\">\n<div class=\"pYfr3c\">\n<div class=\"prOLdf\">\n<div class=\"g53bl\">\n<div class=\"cTDvob D1wxyf RjsPE\" role=\"heading\" aria-level=\"3\" aria-describedby=\"i.desc.1368567386 c135\"><span style=\"font-size: 10pt;\">Regnr: SE25299\/2021<br \/>F\u00f6dd: 2021-03-08<br \/>Titel: CH UCH, DK UCH, DK V-22, SE UCH<br \/>BPH genomf\u00f6rt<br \/>\u00d6gon UA 2023-09-26<br \/>HD-status: B+B<br \/>F\u00e4rg: R\u00f6d<br \/>Svans: Stubb<br \/>Avelsr\u00e4tt: Mia Br\u00e5ve<br \/><a href=\"mailto:mia@bravesta.com\">mia@bravesta.com<\/a><br \/><\/span><\/div>\n<div role=\"heading\" aria-level=\"3\" aria-describedby=\"i.desc.1368567386 c135\"><a href=\"http:\/\/www.bravesta.com\/\" target=\"_blank\" rel=\"noopener\">Hemsida<\/a><\/div>\n<div role=\"heading\" aria-level=\"3\" aria-describedby=\"i.desc.1368567386 c135\">\u00a0<\/div>\n<\/div>\n<\/div>\n<\/div>\n<\/div>\n<\/div>\n<\/div>\n<\/div>\n<\/div>\n<\/div>\n<\/td>\n<td><img loading=\"lazy\" decoding=\"async\" class=\"aligncenter\" src=\"https:\/\/swck.org\/wop\/wordpress\/wp-content\/uploads\/2025\/03\/Pelle-sida.jpg\" alt=\"\" width=\"289\" height=\"263\" \/><\/td>\n<\/tr>\n<tr>\n<td style=\"text-align: left;\">\n<div class=\"Qr7Oae\" role=\"listitem\">\n<div class=\"OxAavc NVbRL\" data-required=\"true\" data-item-id=\"2038809456\">\n<div class=\"xMZTse Ih4Dzb\">\n<div class=\"Mh5jwe JqSWld yqQS1\" aria-describedby=\"c128\">\n<div class=\"Qr7Oae\" role=\"listitem\">\n<div class=\"OxAavc NVbRL\" data-required=\"true\" data-item-id=\"2038809456\">\n<div class=\"xMZTse Ih4Dzb\">\n<div class=\"Mh5jwe JqSWld yqQS1\" aria-describedby=\"c128\">\n<p><strong>Emindos Lowrider Ulf-J\u00f6rgen<br \/><\/strong><\/p>\n<div class=\"Qr7Oae\" role=\"listitem\">\n<div class=\"OxAavc NVbRL\" data-required=\"true\" data-item-id=\"1368567386\">\n<div class=\"pYfr3c\">\n<div class=\"prOLdf\">\n<div class=\"g53bl\">\n<div class=\"cTDvob D1wxyf RjsPE\" role=\"heading\" aria-level=\"3\" aria-describedby=\"i.desc.1368567386 c135\"><span style=\"font-size: 10pt;\"><span style=\"font-size: 10pt; font-family: inherit; font-weight: inherit;\">Regnr: <\/span><span style=\"font-size: 10pt; font-family: inherit; font-weight: inherit;\">SE18349\/2023<\/span><br \/><span style=\"font-size: 10pt; font-family: inherit; font-weight: inherit;\">F\u00f6dd: <\/span><span style=\"font-size: 10pt; font-family: inherit; font-weight: inherit;\">2023-02-22<\/span><br \/>Titel: SE UCH SV JV-24<br \/>BPH genomf\u00f6rt<br \/>\u00d6gon UA\u00a0<br \/>HD-status: C+B<br \/>F\u00e4rg: R\u00f6d<br \/>Svans: L\u00e5ng<br \/>\u00c4gare: Ida Eriksson<\/span><\/div>\n<\/div>\n<\/div>\n<\/div>\n<\/div>\n<\/div>\n<p class=\"v1x_p2\">idaericss0n@hotmail.com<br \/><a href=\"https:\/\/www.chibidaskennel.se\/\" target=\"_blank\" rel=\"noopener noreferrer\">https:\/\/www.chibidaskennel.se<\/a><\/p>\n<\/div>\n<\/div>\n<\/div>\n<\/div>\n<\/div>\n<\/div>\n<\/div>\n<\/div>\n<\/td>\n<td>\n<p class=\"v1x_p2\"><img loading=\"lazy\" decoding=\"async\" class=\"aligncenter\" src=\"https:\/\/swck.org\/wop\/wordpress\/wp-content\/uploads\/2025\/07\/ulf-gorgen-scaled.jpeg\" alt=\"\" width=\"308\" height=\"205\" \/><\/p>\n<\/td>\n<\/tr>\n<tr>\n<td style=\"text-align: left;\">\n<div class=\"Qr7Oae\" role=\"listitem\">\n<div class=\"OxAavc NVbRL\" data-required=\"true\" data-item-id=\"2038809456\">\n<div class=\"xMZTse Ih4Dzb\">\n<div class=\"Mh5jwe JqSWld yqQS1\" aria-describedby=\"c128\">\n<div class=\"Mh5jwe JqSWld yqQS1\" aria-describedby=\"c128\">\n<div class=\"Mh5jwe JqSWld yqQS1\" aria-describedby=\"c128\"><strong>Lilla R\u00e4v&#8217;s Guldgosse<br \/><\/strong><\/div>\n<div aria-describedby=\"c128\"><span style=\"font-size: 10pt;\">Regnr: <span style=\"font-family: inherit; font-weight: inherit;\">SE34191\/2022<\/span><\/span>\n<div class=\"Qr7Oae\" role=\"listitem\">\n<div class=\"OxAavc NVbRL\" data-required=\"true\" data-item-id=\"106595556\">\n<div class=\"pYfr3c\">\n<div class=\"prOLdf\">\n<div class=\"g53bl\">\n<div class=\"cTDvob D1wxyf RjsPE\" role=\"heading\" aria-level=\"3\" aria-describedby=\"i.desc.106595556 c91\"><span style=\"font-size: 10pt;\">F\u00f6dd: <span style=\"font-family: inherit; font-weight: inherit;\">2022-05-01<\/span><\/span>\n<div class=\"Qr7Oae\" role=\"listitem\">\n<div class=\"OxAavc NVbRL\" data-required=\"true\" data-item-id=\"2102194701\">\n<div class=\"pYfr3c\">\n<div class=\"prOLdf\">\n<div class=\"g53bl\">\n<div role=\"heading\" aria-level=\"3\" aria-describedby=\"i.desc.2102194701 c95\"><span style=\"font-size: 10pt;\">Titel: SE UCH<\/span><\/div>\n<div role=\"heading\" aria-level=\"3\" aria-describedby=\"i.desc.2102194701 c95\"><span style=\"font-size: 10pt;\">BPH Genomf\u00f6rd<\/span><\/div>\n<div class=\"cTDvob D1wxyf RjsPE\" role=\"heading\" aria-level=\"3\" aria-describedby=\"i.desc.2102194701 c95\"><span style=\"font-size: 10pt;\">\u00d6gonlyst UA 2024-05-30<\/span><\/div>\n<div role=\"heading\" aria-level=\"3\" aria-describedby=\"i.desc.2102194701 c95\"><span style=\"font-size: 10pt;\">HD-status: C+C<\/span><\/div>\n<div role=\"heading\" aria-level=\"3\" aria-describedby=\"i.desc.2102194701 c95\"><span style=\"font-size: 10pt;\">F\u00e4rg: R\u00f6d<\/span><\/div>\n<div role=\"heading\" aria-level=\"3\" aria-describedby=\"i.desc.2102194701 c95\"><span style=\"font-size: 10pt;\">Svans: Stubb<\/span><\/div>\n<div role=\"heading\" aria-level=\"3\" aria-describedby=\"i.desc.2102194701 c95\"><span style=\"font-size: 10pt;\">\u00c4gare: Cecilia Andersson Bergstrand<\/span><\/div>\n<div role=\"heading\" aria-level=\"3\" aria-describedby=\"i.desc.2102194701 c95\"><span style=\"font-size: 10pt;\"><a href=\"mailto:info.lillaravs@gmail.com\">info.lillaravs@gmail.com<\/a><\/span><\/div>\n<div role=\"heading\" aria-level=\"3\" aria-describedby=\"i.desc.2102194701 c95\"><a href=\"https:\/\/www.lillaravs.se\/about-5-1\" target=\"_blank\" rel=\"noopener\"><span style=\"font-size: 10pt;\">Hemsida<\/span><\/a><\/div>\n<\/div>\n<\/div>\n<\/div>\n<\/div>\n<\/div>\n<\/div>\n<\/div>\n<\/div>\n<\/div>\n<\/div>\n<\/div>\n<\/div>\n<\/div>\n<\/div>\n<\/div>\n<\/div>\n<\/div>\n<\/td>\n<td><a href=\"https:\/\/swck.org\/wop\/wordpress\/wp-content\/uploads\/2024\/06\/image0-4.jpeg\" target=\"_blank\" rel=\"noopener\"><img loading=\"lazy\" decoding=\"async\" class=\"aligncenter wp-image-4273\" src=\"https:\/\/swck.org\/wop\/wordpress\/wp-content\/uploads\/2024\/06\/image0-4.jpeg\" alt=\"\" width=\"300\" height=\"209\" srcset=\"https:\/\/swck.org\/wop\/wordpress\/wp-content\/uploads\/2024\/06\/image0-4.jpeg 760w, https:\/\/swck.org\/wop\/wordpress\/wp-content\/uploads\/2024\/06\/image0-4-300x209.jpeg 300w\" sizes=\"auto, (max-width: 300px) 100vw, 300px\" \/><\/a><\/td>\n<\/tr>\n<tr>\n<td style=\"text-align: left;\">\n<div class=\"Qr7Oae\" role=\"listitem\">\n<div class=\"OxAavc NVbRL\" data-required=\"true\" data-item-id=\"2038809456\">\n<div class=\"xMZTse Ih4Dzb\">\n<div class=\"Mh5jwe JqSWld yqQS1\" aria-describedby=\"c128\">\n<div class=\"Mh5jwe JqSWld yqQS1\" aria-describedby=\"c128\">\n<div class=\"Mh5jwe JqSWld yqQS1\" aria-describedby=\"c128\">\n<div class=\"Mh5jwe JqSWld yqQS1\" aria-describedby=\"c128\"><strong>List Line Pangu<br \/><\/strong><\/div>\n<div aria-describedby=\"c128\"><span style=\"font-size: 10pt;\">Regnr: <span style=\"font-family: inherit; font-weight: inherit;\">SE16852\/2021<\/span><\/span>\n<div class=\"Qr7Oae\" role=\"listitem\">\n<div class=\"OxAavc NVbRL\" data-required=\"true\" data-item-id=\"106595556\">\n<div class=\"pYfr3c\">\n<div class=\"prOLdf\">\n<div class=\"g53bl\">\n<div class=\"cTDvob D1wxyf RjsPE\" role=\"heading\" aria-level=\"3\" aria-describedby=\"i.desc.106595556 c91\"><span style=\"font-size: 10pt;\">F\u00f6dd: <span style=\"font-family: inherit; font-weight: inherit;\">2021-01-08<\/span><\/span>\n<div class=\"Qr7Oae\" role=\"listitem\">\n<div class=\"OxAavc NVbRL\" data-required=\"true\" data-item-id=\"2102194701\">\n<div class=\"pYfr3c\">\n<div class=\"prOLdf\">\n<div class=\"g53bl\">\n<div class=\"cTDvob D1wxyf RjsPE\" role=\"heading\" aria-level=\"3\" aria-describedby=\"i.desc.2102194701 c95\"><span style=\"font-size: 10pt;\">\u00d6gonlyst UA\u00a0<\/span><\/div>\n<div role=\"heading\" aria-level=\"3\" aria-describedby=\"i.desc.2102194701 c95\"><span style=\"font-size: 10pt;\">HD-status: C+C<\/span><\/div>\n<div role=\"heading\" aria-level=\"3\" aria-describedby=\"i.desc.2102194701 c95\"><span style=\"font-size: 10pt;\">F\u00e4rg: R\u00f6d<\/span><\/div>\n<div role=\"heading\" aria-level=\"3\" aria-describedby=\"i.desc.2102194701 c95\"><span style=\"font-size: 10pt;\">Svans: LS<\/span><\/div>\n<div role=\"heading\" aria-level=\"3\" aria-describedby=\"i.desc.2102194701 c95\"><span style=\"font-size: 10pt;\">\u00c4gare: Daniel &amp; Cathrine Adler , Hurva<\/span><\/div>\n<div role=\"heading\" aria-level=\"3\" aria-describedby=\"i.desc.2102194701 c95\">\n<div class=\"Mh5jwe JqSWld yqQS1\" aria-describedby=\"c128\">\n<div dir=\"auto\">TLF: 070 719 76 01<\/div>\n<div dir=\"auto\"><a href=\"mailto:cathrine.adler@gmail.com\" rel=\"noreferrer\">cathrine.adler@gmail.com<\/a><\/div>\n<\/div>\n<\/div>\n<\/div>\n<\/div>\n<\/div>\n<\/div>\n<\/div>\n<\/div>\n<\/div>\n<\/div>\n<\/div>\n<\/div>\n<\/div>\n<\/div>\n<\/div>\n<\/div>\n<\/div>\n<\/div>\n<\/div>\n<\/div>\n<\/td>\n<td><img loading=\"lazy\" decoding=\"async\" class=\"aligncenter\" src=\"https:\/\/swck.org\/wop\/wordpress\/wp-content\/uploads\/2025\/12\/listlinepangu.jpg\" alt=\"\" width=\"292\" height=\"219\" \/><\/td>\n<\/tr>\n<tr>\n<td style=\"text-align: left;\">\n<div class=\"Qr7Oae\" role=\"listitem\">\n<div class=\"OxAavc NVbRL\" data-required=\"true\" data-item-id=\"2038809456\">\n<div class=\"xMZTse Ih4Dzb\">\n<div class=\"Mh5jwe JqSWld yqQS1\" aria-describedby=\"c128\">\n<div class=\"Mh5jwe JqSWld yqQS1\" aria-describedby=\"c128\">\n<div class=\"Mh5jwe JqSWld yqQS1\" aria-describedby=\"c128\">\n<div class=\"Mh5jwe JqSWld yqQS1\" aria-describedby=\"c128\"><strong>Luxberry Ace of Spades<br \/><\/strong><\/div>\n<div aria-describedby=\"c128\"><span style=\"font-size: 10pt;\">Regnr: <span style=\"font-family: inherit; font-weight: inherit;\">SE38605\/2019<\/span><\/span>\n<div class=\"Qr7Oae\" role=\"listitem\">\n<div class=\"OxAavc NVbRL\" data-required=\"true\" data-item-id=\"106595556\">\n<div class=\"pYfr3c\">\n<div class=\"prOLdf\">\n<div class=\"g53bl\">\n<div class=\"cTDvob D1wxyf RjsPE\" role=\"heading\" aria-level=\"3\" aria-describedby=\"i.desc.106595556 c91\"><span style=\"font-size: 10pt;\">F\u00f6dd: <span style=\"font-family: inherit; font-weight: inherit;\">2018-11-17<\/span><\/span>\n<div class=\"Qr7Oae\" role=\"listitem\">\n<div class=\"OxAavc NVbRL\" data-required=\"true\" data-item-id=\"2102194701\">\n<div class=\"pYfr3c\">\n<div class=\"prOLdf\">\n<div class=\"g53bl\">\n<div role=\"heading\" aria-level=\"3\" aria-describedby=\"i.desc.2102194701 c95\"><span style=\"font-size: 10pt;\">Titel: SE UCH, DK UCH, NO UCH, NO V-24, NORD JV-19<\/span><\/div>\n<div role=\"heading\" aria-level=\"3\" aria-describedby=\"i.desc.2102194701 c95\"><span style=\"font-size: 10pt;\">BPH Genomf\u00f6rd<\/span><\/div>\n<div class=\"cTDvob D1wxyf RjsPE\" role=\"heading\" aria-level=\"3\" aria-describedby=\"i.desc.2102194701 c95\"><span style=\"font-size: 10pt;\">\u00d6gonlyst UA 2020-12-08<\/span><\/div>\n<div role=\"heading\" aria-level=\"3\" aria-describedby=\"i.desc.2102194701 c95\"><span style=\"font-size: 10pt;\">HD-status: B+B<\/span><\/div>\n<div role=\"heading\" aria-level=\"3\" aria-describedby=\"i.desc.2102194701 c95\"><span style=\"font-size: 10pt;\">F\u00e4rg: R\u00f6d<\/span><\/div>\n<div role=\"heading\" aria-level=\"3\" aria-describedby=\"i.desc.2102194701 c95\"><span style=\"font-size: 10pt;\">Svans: Stubb<\/span><\/div>\n<div role=\"heading\" aria-level=\"3\" aria-describedby=\"i.desc.2102194701 c95\"><span style=\"font-size: 10pt;\">\u00c4gare: Anna Andersson<\/span><\/div>\n<div role=\"heading\" aria-level=\"3\" aria-describedby=\"i.desc.2102194701 c95\"><a href=\"mailto:annamariaek_@hotmail.com\">annamariaek_@hotmail.com<\/a><br \/><span style=\"font-size: 10pt;\"><a href=\"http:\/\/www.bigtaleskennel.hundpoolen.se\" target=\"_blank\" rel=\"noopener\" data-saferedirecturl=\"https:\/\/www.google.com\/url?q=http:\/\/www.kennelredroyaltys.com&amp;source=gmail&amp;ust=1698570297787000&amp;usg=AOvVaw2Yv9uYziEuo4Dey-0uv4gC\">Hemsida<\/a><\/span><\/div>\n<\/div>\n<\/div>\n<\/div>\n<\/div>\n<\/div>\n<\/div>\n<\/div>\n<\/div>\n<\/div>\n<\/div>\n<\/div>\n<\/div>\n<\/div>\n<\/div>\n<\/div>\n<\/div>\n<\/div>\n<\/div>\n<\/td>\n<td><img loading=\"lazy\" decoding=\"async\" class=\"aligncenter\" src=\"https:\/\/swck.org\/wop\/wordpress\/wp-content\/uploads\/2025\/12\/eddie-vacker-bild.jpg\" alt=\"\" width=\"302\" height=\"203\" \/><\/td>\n<\/tr>\n<tr>\n<td style=\"text-align: left;\"><strong>Pemlandia&#8217;s Elf Angrod<br \/><\/strong><span style=\"font-size: 10pt;\"><span style=\"font-size: 10pt;\">Regnr: <\/span><\/span>SE41986\/2024\u00a0\n<div class=\"v1elementToProof\">\n<div class=\"v1elementToProof\">f\u00f6dd:2024-06-04<\/div>\n<div class=\"v1elementToProof\">svans: Stubb<\/div>\n<div class=\"v1elementToProof\">HD:status B+B<\/div>\n<div class=\"v1elementToProof\">f\u00e4rg: Tref\u00e4rgad<\/div>\n<div class=\"v1elementToProof\">BPH genomf\u00f6rd<\/div>\n<div class=\"v1elementToProof\">\u00f6gon: UA 2025-12-09<\/div>\n<div class=\"v1elementToProof\">\u00e4gare: Anna Andersson. M\u00f6klinta<\/div>\n<\/div>\n<div role=\"heading\" aria-level=\"3\" aria-describedby=\"i.desc.2102194701 c95\"><a href=\"mailto:annamariaek_@hotmail.com\">annamariaek_@hotmail.com<\/a><br \/><span style=\"font-size: 10pt;\"><a href=\"http:\/\/www.bigtaleskennel.hundpoolen.se\" target=\"_blank\" rel=\"noopener\" data-saferedirecturl=\"https:\/\/www.google.com\/url?q=http:\/\/www.kennelredroyaltys.com&amp;source=gmail&amp;ust=1698570297787000&amp;usg=AOvVaw2Yv9uYziEuo4Dey-0uv4gC\">Hemsida<\/a><\/span><\/div>\n<\/td>\n<td><img loading=\"lazy\" decoding=\"async\" class=\"aligncenter\" src=\"https:\/\/swck.org\/wop\/wordpress\/wp-content\/uploads\/2025\/12\/Elf1.png\" alt=\"\" width=\"310\" height=\"194\" \/><\/td>\n<\/tr>\n<tr>\n<td style=\"text-align: left;\"><strong>Red Royalty\u00b4s Easter Ilon<\/strong><br \/><span style=\"font-size: 10pt;\">Regnr: SE35425\/2022<\/span><br \/><span style=\"font-size: 10pt;\">F\u00f6dd: 2022-04-15<\/span><br \/><span style=\"font-size: 10pt;\">Titel: C.I.B-J, SEUCH, DKUCH, NOUCH, NO JV-23, NORD JV-23<\/span><br \/><span style=\"font-size: 10pt;\">BPH genomf\u00f6rd<\/span><br \/><span style=\"font-size: 10pt;\">\u00d6gon UA 2023-04-11<br \/>HD-status: B+C<\/span><br \/><span style=\"font-size: 10pt;\">F\u00e4rg: Tref\u00e4rgad<\/span><br \/><span style=\"font-size: 10pt;\">Svans: Stubb<\/span><br \/><span style=\"font-size: 10pt;\">\u00c4gare: Ann-christin Skoglund<\/span><br \/><span style=\"font-size: 10pt;\">Uppf\u00f6dare\/Avelsr\u00e4tt: Jennica Skoglund<\/span><br \/><span style=\"font-size: 10pt;\"><a href=\"mailto:kennelredroyaltys@gmail.com\" target=\"_blank\" rel=\"noopener\">kennelredroyaltys@gmail.com<\/a><\/span><br \/><span style=\"font-size: 10pt;\"><a href=\"http:\/\/www.kennelredroyaltys.com\/\" target=\"_blank\" rel=\"noopener\" data-saferedirecturl=\"https:\/\/www.google.com\/url?q=http:\/\/www.kennelredroyaltys.com&amp;source=gmail&amp;ust=1698570297787000&amp;usg=AOvVaw2Yv9uYziEuo4Dey-0uv4gC\"><span style=\"font-size: 10pt;\">Hemsida<\/span><\/a><\/span><\/td>\n<td><img loading=\"lazy\" decoding=\"async\" class=\"aligncenter\" src=\"https:\/\/swck.org\/wop\/wordpress\/wp-content\/uploads\/2024\/12\/IMG_9826-scaled.jpg\" alt=\"\" width=\"327\" height=\"219\" \/><\/td>\n<\/tr>\n<tr>\n<td style=\"text-align: left;\"><strong>Red Royalty\u00b4s Noble Neo<br \/><\/strong><span style=\"font-size: 10pt;\">Regnr: SE43729\/2024<\/span><br \/><span style=\"font-size: 10pt;\">F\u00f6dd: 2024-08-10<\/span><br \/><span style=\"font-size: 10pt;\">\u00d6gon UA 2026-03-11<br \/>HD-status: B+B<\/span><br \/><span style=\"font-size: 10pt;\">F\u00e4rg: Tref\u00e4rgad<\/span><br \/><span style=\"font-size: 10pt;\">Svans: Stubb<\/span><br \/><span style=\"font-size: 10pt;\">\u00c4gare: Lina Karlsson<\/span><strong><br \/><\/strong><a href=\"lina@globussport.se\" target=\"_blank\" rel=\"noopener\"><span style=\"font-size: 13.3333px;\">lina@globussport<\/span><\/a><strong><br \/><\/strong><\/td>\n<td><img loading=\"lazy\" decoding=\"async\" class=\"aligncenter\" src=\"https:\/\/swck.org\/wop\/wordpress\/wp-content\/uploads\/2026\/04\/2476bd4a-e3da-4f37-a853-bb5a1165c796.jpg\" alt=\"\" width=\"297\" height=\"228\" \/><\/td>\n<\/tr>\n<tr>\n<td style=\"text-align: left;\"><strong>Red Royalty\u00b4s Noble Nicholas<br \/><\/strong><span style=\"font-size: 10pt;\">Regnr: SE43727\/2024<\/span><br \/><span style=\"font-size: 10pt;\">F\u00f6dd: 2024-08-10<\/span><br \/><span style=\"font-size: 10pt;\">Titel:\u00a0 NORD JV-25 SE JV-25\u00a0<\/span><br \/><span style=\"font-size: 10pt;\">\u00d6gon UA 2025-10-07<br \/>HD-status: B+B<\/span><br \/><span style=\"font-size: 10pt;\">F\u00e4rg: R\u00f6d<\/span><br \/><span style=\"font-size: 10pt;\">Svans: Stubb<\/span><br \/><span style=\"font-size: 10pt;\">\u00c4gare: Jennica och Tuva Skoglund<\/span><strong><br \/><\/strong><span style=\"font-size: 10pt;\"><a href=\"mailto:kennelredroyaltys@gmail.com\" target=\"_blank\" rel=\"noopener\">kennelredroyaltys@gmail.com<\/a><\/span><strong><br \/><\/strong><span style=\"font-size: 10pt;\"><a href=\"http:\/\/www.kennelredroyaltys.com\/\" target=\"_blank\" rel=\"noopener\" data-saferedirecturl=\"https:\/\/www.google.com\/url?q=http:\/\/www.kennelredroyaltys.com&amp;source=gmail&amp;ust=1698570297787000&amp;usg=AOvVaw2Yv9uYziEuo4Dey-0uv4gC\">Hemsida<\/a><\/span><\/td>\n<td><img loading=\"lazy\" decoding=\"async\" class=\"aligncenter\" src=\"https:\/\/swck.org\/wop\/wordpress\/wp-content\/uploads\/2025\/12\/f17680af-bb76-4bb8-b5cf-511411511484.jpg\" alt=\"\" width=\"332\" height=\"223\" \/><\/td>\n<\/tr>\n<\/tbody>\n<\/table>\n\n\n<p><\/p>\n","protected":false},"excerpt":{"rendered":"<p>Bigtales Readly Lavec SE38613\/2023<\/p>\n<p>Regnr: SE38613\/2023<br \/>\nF\u00f6dd: 2023-06-19<br \/>\nTitel:<br \/>\n\u00d6gon PPM 2024-05-28<br \/>\nHD-status: B+B<br \/>\nF\u00e4rg: R\u00f6d<br \/>\nSvans: L\u00e5ngsvans<br \/>\n\u00c4gare: Anna Andersson                           <\/p>\n","protected":false},"author":1,"featured_media":0,"parent":308,"menu_order":0,"comment_status":"closed","ping_status":"closed","template":"","meta":{"footnotes":""},"class_list":["post-367","page","type-page","status-publish","hentry"],"_links":{"self":[{"href":"https:\/\/swck.org\/wop\/wordpress\/index.php?rest_route=\/wp\/v2\/pages\/367","targetHints":{"allow":["GET"]}}],"collection":[{"href":"https:\/\/swck.org\/wop\/wordpress\/index.php?rest_route=\/wp\/v2\/pages"}],"about":[{"href":"https:\/\/swck.org\/wop\/wordpress\/index.php?rest_route=\/wp\/v2\/types\/page"}],"author":[{"embeddable":true,"href":"https:\/\/swck.org\/wop\/wordpress\/index.php?rest_route=\/wp\/v2\/users\/1"}],"replies":[{"embeddable":true,"href":"https:\/\/swck.org\/wop\/wordpress\/index.php?rest_route=%2Fwp%2Fv2%2Fcomments&post=367"}],"version-history":[{"count":184,"href":"https:\/\/swck.org\/wop\/wordpress\/index.php?rest_route=\/wp\/v2\/pages\/367\/revisions"}],"predecessor-version":[{"id":5751,"href":"https:\/\/swck.org\/wop\/wordpress\/index.php?rest_route=\/wp\/v2\/pages\/367\/revisions\/5751"}],"up":[{"embeddable":true,"href":"https:\/\/swck.org\/wop\/wordpress\/index.php?rest_route=\/wp\/v2\/pages\/308"}],"wp:attachment":[{"href":"https:\/\/swck.org\/wop\/wordpress\/index.php?rest_route=%2Fwp%2Fv2%2Fmedia&parent=367"}],"curies":[{"name":"wp","href":"https:\/\/api.w.org\/{rel}","templated":true}]}}