{"id":36,"date":"2015-02-18T17:25:06","date_gmt":"2015-02-18T17:25:06","guid":{"rendered":"http:\/\/swck.org\/wop\/wordpress\/?page_id=36"},"modified":"2024-05-14T13:38:41","modified_gmt":"2024-05-14T13:38:41","slug":"medlemsavgifter","status":"publish","type":"page","link":"https:\/\/swck.org\/wop\/wordpress\/?page_id=36","title":{"rendered":"Medlemskap i SWCK"},"content":{"rendered":"<p><strong>Medlemsavgifter 2024<\/strong><br \/>\nFullbetalande medlem med papperstidning: 375 SEK<br \/>\nFullbetalande medlem med digital tidning*: 275 SEK<br \/>\nFamiljemedlem: 100 SEK<br \/>\nG\u00e5vomedlemskap*: 150 SEK<br \/>\nFullbetalande utl\u00e4ndsk medlem: 400 SEK<br \/>\nUtl\u00e4ndsk familjemedlem: 100 SEK<br \/>\nUtl\u00e4ndskt g\u00e5vomedlemskap*: 200 SEK<br \/>\n*Fr\u00e5n uppf\u00f6dare till valpk\u00f6pare som inte \u00e4r medlem i SWCK.<br \/>\n*F\u00f6r att \u00e4ndra befintligt medlemskap till digital tidning kontaktar ni <a href=\"mailto:medlem@skk.se\">medlem@skk.se<\/a><\/p>\n<p>Svenska Kennelklubben, SKK, administrerar medlemskapet f\u00f6r v\u00e5r r\u00e4kning.<br \/>\n<a href=\"https:\/\/hundar.skk.se\/medlemsguiden?requestKlubbid=1371&amp;RequestCategoryType=1\" target=\"_blank\" rel=\"noopener noreferrer\">Ny medlem<\/a><\/p>\n<p><a href=\"https:\/\/hundar.skk.se\/medlemsguiden?RequestStartgrupp=1\" target=\"_blank\" rel=\"noopener noreferrer\">Familjemedlem<\/a><\/p>\n<p><a href=\"https:\/\/docs.google.com\/a\/skk.se\/forms\/d\/e\/1FAIpQLSeLIJXcFaPwQDIDJazcvjDs7WE409LS1nGNRBtQNVAHRZFnYQ\/viewform\" target=\"_blank\" rel=\"noopener noreferrer\">G\u00e5vomedlemskap (Uppf\u00f6dare)<\/a><\/p>\n<p><a href=\"https:\/\/www.skk.se\/sv\/SHU\/Bli-medlem\/\">Mellan 6-25 \u00e5r<\/a><\/p>\n<p>Adress\u00e4ndring eller avsluta\/f\u00f6r\u00e4ndra medlemskap <a href=\"https:\/\/docs.google.com\/a\/skk.se\/forms\/d\/e\/1FAIpQLSdhZC1dMSbFZGknQq7EtUbeVQ_x75fcFj4rqSsz4DzIqugaMw\/viewform\" target=\"_blank\" rel=\"noopener noreferrer\">H\u00c4R<\/a><br \/>\nF\u00f6r fr\u00e5gor om medlemskap ber vi dig kontakta<br \/>\nSKK:s medlemsavdelning:<br \/>\nTelefon 08-795 30 50 eller via e-post medlem@skk.se<\/p>\n<p>V\u00e4lkommen som medlem!<\/p>\n<p><strong>Members outside of Sweden<br \/>\n<\/strong>Contact SKK<br \/>\nmedlem@skk.se<\/p>\n","protected":false},"excerpt":{"rendered":"<p>Medlemsavgifter 2024 Fullbetalande medlem med papperstidning: 375 SEK Fullbetalande medlem med digital tidning*: 275 SEK Familjemedlem: 100 SEK G\u00e5vomedlemskap*: 150 SEK Fullbetalande utl\u00e4ndsk medlem: 400 SEK Utl\u00e4ndsk familjemedlem: 100 SEK &#8230;<\/p>\n","protected":false},"author":1,"featured_media":0,"parent":23,"menu_order":0,"comment_status":"closed","ping_status":"closed","template":"","meta":{"footnotes":""},"class_list":["post-36","page","type-page","status-publish","hentry"],"_links":{"self":[{"href":"https:\/\/swck.org\/wop\/wordpress\/index.php?rest_route=\/wp\/v2\/pages\/36","targetHints":{"allow":["GET"]}}],"collection":[{"href":"https:\/\/swck.org\/wop\/wordpress\/index.php?rest_route=\/wp\/v2\/pages"}],"about":[{"href":"https:\/\/swck.org\/wop\/wordpress\/index.php?rest_route=\/wp\/v2\/types\/page"}],"author":[{"embeddable":true,"href":"https:\/\/swck.org\/wop\/wordpress\/index.php?rest_route=\/wp\/v2\/users\/1"}],"replies":[{"embeddable":true,"href":"https:\/\/swck.org\/wop\/wordpress\/index.php?rest_route=%2Fwp%2Fv2%2Fcomments&post=36"}],"version-history":[{"count":26,"href":"https:\/\/swck.org\/wop\/wordpress\/index.php?rest_route=\/wp\/v2\/pages\/36\/revisions"}],"predecessor-version":[{"id":4163,"href":"https:\/\/swck.org\/wop\/wordpress\/index.php?rest_route=\/wp\/v2\/pages\/36\/revisions\/4163"}],"up":[{"embeddable":true,"href":"https:\/\/swck.org\/wop\/wordpress\/index.php?rest_route=\/wp\/v2\/pages\/23"}],"wp:attachment":[{"href":"https:\/\/swck.org\/wop\/wordpress\/index.php?rest_route=%2Fwp%2Fv2%2Fmedia&parent=36"}],"curies":[{"name":"wp","href":"https:\/\/api.w.org\/{rel}","templated":true}]}}