{"id":34,"date":"2015-02-18T17:24:20","date_gmt":"2015-02-18T17:24:20","guid":{"rendered":"http:\/\/swck.org\/wop\/wordpress\/?page_id=34"},"modified":"2026-03-18T18:11:35","modified_gmt":"2026-03-18T18:11:35","slug":"regelverkstadgar","status":"publish","type":"page","link":"https:\/\/swck.org\/wop\/wordpress\/?page_id=34","title":{"rendered":"Regelverk"},"content":{"rendered":"<p><a href=\"https:\/\/swck.org\/wop\/wordpress\/wp-content\/uploads\/2025\/03\/NYA-STADGAR-FOR-SVENSKA-WELSH-CORGI-KLUBBEN.pdf\" target=\"_blank\" rel=\"noopener\">SWCK Stadgar (PDF)<\/a><\/p>\n<p><a href=\"https:\/\/swck.org\/wop\/wordpress\/wp-content\/uploads\/2025\/04\/Befattningsbeskrivningar-funktionarer-SVENSKA-WELSH-CORGI-KLUBBEN-.pdf\" target=\"_blank\" rel=\"noopener\">Befattningsbeskrivning- LADDA NER<\/a>, uppdaterad 2025-04-13<\/p>\n<p><a href=\"https:\/\/swck.org\/wop\/wordpress\/wp-content\/uploads\/2024\/05\/RESEPOLICY.pdf\" target=\"_blank\" rel=\"noopener\">Resepolicy SWCK &#8211; LADDA NER<\/a><\/p>\n<p><a href=\"https:\/\/swck.org\/wop\/wordpress\/wp-content\/uploads\/2024\/05\/Integritetspolicy.pdf\" target=\"_blank\" rel=\"noopener\">Integritetspolicy &#8211; GDPR &#8211; LADDAR NER<\/a><\/p>\n<p><a href=\"https:\/\/swck.org\/wop\/wordpress\/wp-content\/uploads\/2025\/03\/TAVLINGSREGLER-Hundsport.pdf\" target=\"_blank\" rel=\"noopener\">Regler \u00c5rets corgi &#8211; Hundsport<\/a><\/p>\n<p><a href=\"https:\/\/swck.org\/wop\/wordpress\/wp-content\/uploads\/2026\/03\/TAVLINGSREGLER-Utstallning.pdf\" target=\"_blank\" rel=\"noopener\">Regler \u00c5rets corgi &#8211; Utst\u00e4llning<\/a><\/p>\n<p><a href=\"https:\/\/swck.org\/wop\/wordpress\/wp-content\/uploads\/2025\/03\/TAVLINGSREGLER-hundungdom.pdf\" target=\"_blank\" rel=\"noopener\">Regler \u00c5rets Hundungdom<\/a><\/p>\n<p>Regler f\u00f6r valph\u00e4nvisning: Se Fliken\u00a0<a href=\"http:\/\/swck.org\/wop\/wordpress\/?page_id=60\">Info till uppf\u00f6dare inom SWCK<\/a><\/p>\n<div>\n<div>\n<hr \/>\n<\/div>\n<\/div>\n<div><strong><span style=\"font-size: 12pt;\">Befattningsbeskrivelse f\u00f6r funktion\u00e4rer inom SWCK<br \/>\n<\/span><\/strong><a href=\"https:\/\/swck.org\/wop\/wordpress\/wp-content\/uploads\/2024\/05\/Befattningsbeskrivningar-funktionarer-SVENSKA-WELSH-CORGI-KLUBBEN-.pdf\" target=\"_blank\" rel=\"noopener\"><span style=\"font-size: 12pt;\">LADDA NER<\/span><\/a><\/div>\n","protected":false},"excerpt":{"rendered":"<p>SWCK Stadgar (PDF) Befattningsbeskrivning- LADDA NER, uppdaterad 2025-04-13 Resepolicy SWCK &#8211; LADDA NER Integritetspolicy &#8211; GDPR &#8211; LADDAR NER Regler \u00c5rets corgi &#8211; Hundsport Regler \u00c5rets corgi &#8211; Utst\u00e4llning Regler &#8230;<\/p>\n","protected":false},"author":1,"featured_media":0,"parent":23,"menu_order":0,"comment_status":"closed","ping_status":"closed","template":"","meta":{"footnotes":""},"class_list":["post-34","page","type-page","status-publish","hentry"],"_links":{"self":[{"href":"https:\/\/swck.org\/wop\/wordpress\/index.php?rest_route=\/wp\/v2\/pages\/34","targetHints":{"allow":["GET"]}}],"collection":[{"href":"https:\/\/swck.org\/wop\/wordpress\/index.php?rest_route=\/wp\/v2\/pages"}],"about":[{"href":"https:\/\/swck.org\/wop\/wordpress\/index.php?rest_route=\/wp\/v2\/types\/page"}],"author":[{"embeddable":true,"href":"https:\/\/swck.org\/wop\/wordpress\/index.php?rest_route=\/wp\/v2\/users\/1"}],"replies":[{"embeddable":true,"href":"https:\/\/swck.org\/wop\/wordpress\/index.php?rest_route=%2Fwp%2Fv2%2Fcomments&post=34"}],"version-history":[{"count":27,"href":"https:\/\/swck.org\/wop\/wordpress\/index.php?rest_route=\/wp\/v2\/pages\/34\/revisions"}],"predecessor-version":[{"id":5638,"href":"https:\/\/swck.org\/wop\/wordpress\/index.php?rest_route=\/wp\/v2\/pages\/34\/revisions\/5638"}],"up":[{"embeddable":true,"href":"https:\/\/swck.org\/wop\/wordpress\/index.php?rest_route=\/wp\/v2\/pages\/23"}],"wp:attachment":[{"href":"https:\/\/swck.org\/wop\/wordpress\/index.php?rest_route=%2Fwp%2Fv2%2Fmedia&parent=34"}],"curies":[{"name":"wp","href":"https:\/\/api.w.org\/{rel}","templated":true}]}}