{"id":2771,"date":"2020-05-01T20:50:33","date_gmt":"2020-05-01T20:50:33","guid":{"rendered":"http:\/\/swck.org\/wop\/wordpress\/?page_id=2771"},"modified":"2021-02-21T20:18:30","modified_gmt":"2021-02-21T20:18:30","slug":"uppfodare-pembroke","status":"publish","type":"page","link":"https:\/\/swck.org\/wop\/wordpress\/?page_id=2771","title":{"rendered":"Uppf\u00f6dare Pembroke"},"content":{"rendered":"\n<p>I tabellen nedan kan du sj\u00e4lv v\u00e4lja hur du vill sortera inneh\u00e5llet f\u00f6r att det b\u00e4st passar dig. Tryck p\u00e5 respektive rubrik s\u00e5 sk\u00f6ter tabellen resten.<\/p>\n\n\n\n\n<table id=\"tablepress-2\" class=\"tablepress tablepress-id-2\">\n<thead>\n<tr class=\"row-1\">\n\t<th class=\"column-1\">Kennelnamn<\/th><th class=\"column-2\">Kontakt<\/th><th class=\"column-3\">L\u00e4n<\/th><th class=\"column-4\">Ras<\/th>\n<\/tr>\n<\/thead>\n<tbody class=\"row-striping row-hover\">\n<tr class=\"row-2\">\n\t<td class=\"column-1\">Bigtales<\/td><td class=\"column-2\">Anna Andersson<br \/>\nHede 150 <br \/>\n73399 M\u00f6klinta<br \/>\n070-4664419<br \/>\n<a href=\"mailto:annamariaek_@hotmail.com\">annamariaek_@hotmail.com<\/><br \/>\n<a href=\"http:\/\/www.bigtaleskennel.hundpoolen.se \" rel=\"noopener noreferrer\" target=\"_blank\">Hemsida<\/a><\/td><td class=\"column-3\">V\u00e4stmanland<\/td><td class=\"column-4\">Pembroke<\/td>\n<\/tr>\n<tr class=\"row-3\">\n\t<td class=\"column-1\">Br\u00e5vestag\u00e5rden<\/td><td class=\"column-2\">Mia Br\u00e5ve<br \/>\nB\u00f6ketoftav\u00e4gen 142<br \/>\n26774 Billesholm<br \/>\n070-7772555<br \/>\n<a href=\"mailto:mia@bravesta.com\">mia@bravesta.com<\/a><br \/>\n<a href=\"https:\/\/www.bravesta.com\">Hemsida<\/a><\/td><td class=\"column-3\">Sk\u00e5ne<\/td><td class=\"column-4\">Pembroke<\/td>\n<\/tr>\n<tr class=\"row-4\">\n\t<td class=\"column-1\">Chibidas<\/td><td class=\"column-2\">Ida Ericsson<br \/>\nTroed Nelsongatan 5 <br \/>\n28822 Vinsl\u00f6v<br \/>\n<a href=\"mailto: idaericss0n@hotmail.com\">idaericss0n@hotmail.com<\/a><br \/>\n<a href=\"http:\/\/www.chibidaskennel.se\/\">Hemsida<\/a><\/td><td class=\"column-3\">Sk\u00e5ne<\/td><td class=\"column-4\">Pembroke<\/td>\n<\/tr>\n<tr class=\"row-5\">\n\t<td class=\"column-1\">Duvasg\u00e5rdens<\/td><td class=\"column-2\">M\u00e4rta Brandts<br \/>\nDuvas g\u00e5rd 261<br \/>\n776 97 Dala-Husby<br \/>\n<a href=\"mailto:marta.brandts@hotmail.com\">marta.brandts@hotmail.com<\/a><br \/>\n0705520204<br \/>\n<\/td><td class=\"column-3\">Dalarna<\/td><td class=\"column-4\">Pembroke<\/td>\n<\/tr>\n<tr class=\"row-6\">\n\t<td class=\"column-1\">Fayfox<\/td><td class=\"column-2\">Gabriella Hafstr\u00f6m<br \/>\nV\u00e4gen i Dalen 2<br \/>\n247 97 Flyinge<br \/>\n070-767 08 01<br \/>\n<a href=\"mailto:fayfox16@gmail.com\">fayfox16@gmail.com<\/a><br \/>\n<a href=\"https:\/\/www.fayfox.net\/startsida\">Hemsida<\/a><\/td><td class=\"column-3\">Sk\u00e5ne<\/td><td class=\"column-4\">Pembroke<\/td>\n<\/tr>\n<tr class=\"row-7\">\n\t<td class=\"column-1\">Hellman\u00b4s corgibo<\/td><td class=\"column-2\">Madeleine Hellman<br \/>\nStr\u00f6mk\u00e4rr 1<br \/>\n64396 Julita<br \/>\n<a href=\"mailto: monica@kennelhadhafangs.se\">Maddehellman@hotmail.com<\/a><br \/>\n<a href=\"http:\/www.hellmanscorgibo.se\/\">Hemsida<\/a><\/td><td class=\"column-3\">S\u00f6dermanland<\/td><td class=\"column-4\">Pembroke<\/td>\n<\/tr>\n<tr class=\"row-8\">\n\t<td class=\"column-1\">Igroc<\/td><td class=\"column-2\">Eva Granlund<br \/>\nLundgrensv\u00e4g 14 A<br \/>\n519 92 Kungs\u00e4ter<br \/>\n0705-4753225<br \/>\n<a href=\"mailto:kenneligroc86@gmail.com\">kenneligroc86@gmail.com<\/a><\/td><td class=\"column-3\">Halland<\/td><td class=\"column-4\">Pembroke<\/td>\n<\/tr>\n<tr class=\"row-9\">\n\t<td class=\"column-1\">Jycklarens<\/td><td class=\"column-2\">Helena Dursj\u00f6<br \/>\n0706259107 <br \/>\n<a href=\"mailto:jycklarens@gmail.com\">jycklarens@gmail.com<\/a><\/td><td class=\"column-3\"><\/td><td class=\"column-4\">Pembroke<\/td>\n<\/tr>\n<tr class=\"row-10\">\n\t<td class=\"column-1\">Lilla R\u00e4v's<\/td><td class=\"column-2\">Cecilia Andersson Bergstrand<br \/>\nMakrillv\u00e4gen 2<br \/>\n263 75 Nyhamnsl\u00e4ge<br \/>\n<a href=\"mailto:info.lillaravs@gmail.com\">info.lillaravs@gmail.com<\/a><br \/>\n<a href=\"https:\/\/www.lillaravs.se\">Hemsida<\/a><br \/>\n<a href=\"https:\/\/www.youtube.com\/c\/LillaR%C3%A4v\">YouTube<\/a><\/td><td class=\"column-3\">Sk\u00e5ne<\/td><td class=\"column-4\">Pembroke<\/td>\n<\/tr>\n<tr class=\"row-11\">\n\t<td class=\"column-1\">My Royals<\/td><td class=\"column-2\">My Vall\u00e9n<br \/>\nK\u00e5rgatan 3, 961 33 Boden ( Norrbotten)<br \/>\nTelefon nr 0727388660<br \/>\n<a href=\"mailto: myvallen@gmail.com\">myvallen@gmail.com<\/a><br \/>\n<a href=\"http:\/\/www.myroyalskennel.com\/\">Hemsida<\/a><\/td><td class=\"column-3\">Norrbotten<\/td><td class=\"column-4\">Pembroke<\/td>\n<\/tr>\n<tr class=\"row-12\">\n\t<td class=\"column-1\">Occis<\/td><td class=\"column-2\">Britta och Sofia Dafg\u00e5rd <br \/>\nKvibille Lillebo 156<br \/>\n305 78 Kvibille<br \/>\n070-519 50 11<br \/>\n<a href=\"mailto:kenneloccis@gmail.com\">kenneloccis@gmail.com<\/a><br \/>\n<a href=\"https:\/\/www.occiskennel.com\/\">Hemsida<\/a><\/td><td class=\"column-3\">Halland<\/td><td class=\"column-4\">Pembroke<\/td>\n<\/tr>\n<tr class=\"row-13\">\n\t<td class=\"column-1\">Qashiwas<\/td><td class=\"column-2\">Kerstin Einarson<br \/>\nM\u00e5nserud, \u00d6ster\u00e5s<br \/>\n672 93 \u00c5rj\u00e4ng<br \/>\n076-8113444<br \/>\n<a href=\"mailto:einarson.kerstin@telia.com\">einarson.kerstin@telia.com<\/a><br \/>\n<a href=\"https:\/\/www.facebook.com\/Qashiwas-Welsh-Corgi-Pembroke-667620930531757\/\">Hemsida<\/a><\/td><td class=\"column-3\">V\u00e4rmland<\/td><td class=\"column-4\">Pembroke<\/td>\n<\/tr>\n<tr class=\"row-14\">\n\t<td class=\"column-1\">Red Royalty's<\/td><td class=\"column-2\">Jennica Skoglund<br \/>\nGeres v\u00e4g 11<br \/>\n665 33 Kil<br \/>\n<a href=\"mailto:kennelredroyaltys@gmail.com\">kennelredroyaltys@gmail.com<\/a><br \/>\n<a href=\"https:\/\/www.kennelredroyaltys.com\">Hemsida<\/a><\/td><td class=\"column-3\">V\u00e4rmland<\/td><td class=\"column-4\">Pembroke<\/td>\n<\/tr>\n<tr class=\"row-15\">\n\t<td class=\"column-1\">Sea-Croft<\/td><td class=\"column-2\">Birgitta Bernadotte <br \/>\nT\u00e4by 226<br \/>\n74194 Knivsta<br \/>\n070-2282183<br \/>\n<a href=\"mailto:birgitta@sea-croft.com\">birgitta@sea-croft.com<\/a><br \/>\n<a href=\"https:\/\/www.sea-croft.com\">Hemsida<\/a><\/td><td class=\"column-3\">Uppland<\/td><td class=\"column-4\">Pembroke<\/td>\n<\/tr>\n<tr class=\"row-16\">\n\t<td class=\"column-1\">Sparv\u00f6ga<\/td><td class=\"column-2\">Camilla Dahlroth<br \/>\nV\u00e4stra Ing\u00e4rdah\u00e4jv\u00e4gen 62<br \/>\n374 54 Asarum<br \/>\n 0733349937<br \/>\n<a href=\"mailto:kennelsparvoga@gmail.com\">kennelsparvoga@gmail.com<\/a><br \/>\n<a href=\"https:\/\/sparvoga.se\/\">Hemsida<\/a><br \/>\n<\/td><td class=\"column-3\">Blekinge<\/td><td class=\"column-4\">Pembroke<\/td>\n<\/tr>\n<tr class=\"row-17\">\n\t<td class=\"column-1\">Stora Bj\u00f6rn<\/td><td class=\"column-2\">Karin Jansson<br \/>\nS\u00f6derskogen 120<br \/>\n748 93 \u00d6sterbybruk<br \/>\n0295-21079<br \/>\n0703-744627<br \/>\n<a href=\"mailto:pjutt@hotmail.com\">pjutt@hotmail.com<\/a><br \/>\n<a href=\"http:\/\/www.kennelstorabjorn.com\">Hemsida<\/a><\/td><td class=\"column-3\">Uppsala<\/td><td class=\"column-4\">Pembroke<\/td>\n<\/tr>\n<tr class=\"row-18\">\n\t<td class=\"column-1\">\u00c4lvdrottningens<\/td><td class=\"column-2\">Monika Johansson<br \/>\n\u00c4rlagatan 21<br \/>\n268 77 K\u00e5ger\u00f6d<br \/>\n070-4974417<br \/>\n<a href=\"mailto:monikascorgi@hotmail.com\">monikascorgi@hotmail.com<\/a><br \/>\n<a href=\"http:\/\/www.alvdrottningens.se\" rel=\"noopener noreferrer\" target=\"_blank\">Hemsida<\/a><\/td><td class=\"column-3\">Sk\u00e5ne<\/td><td class=\"column-4\">Pembroke<\/td>\n<\/tr>\n<\/tbody>\n<\/table>\n<!-- #tablepress-2 from cache -->\n","protected":false},"excerpt":{"rendered":"<p>I tabellen nedan kan du sj\u00e4lv v\u00e4lja hur du vill sortera inneh\u00e5llet f\u00f6r att det b\u00e4st passar dig. Tryck p\u00e5 respektive rubrik s\u00e5 sk\u00f6ter tabellen resten.<\/p>\n","protected":false},"author":1,"featured_media":0,"parent":13,"menu_order":0,"comment_status":"closed","ping_status":"closed","template":"","meta":{"footnotes":""},"class_list":["post-2771","page","type-page","status-publish","hentry"],"_links":{"self":[{"href":"https:\/\/swck.org\/wop\/wordpress\/index.php?rest_route=\/wp\/v2\/pages\/2771","targetHints":{"allow":["GET"]}}],"collection":[{"href":"https:\/\/swck.org\/wop\/wordpress\/index.php?rest_route=\/wp\/v2\/pages"}],"about":[{"href":"https:\/\/swck.org\/wop\/wordpress\/index.php?rest_route=\/wp\/v2\/types\/page"}],"author":[{"embeddable":true,"href":"https:\/\/swck.org\/wop\/wordpress\/index.php?rest_route=\/wp\/v2\/users\/1"}],"replies":[{"embeddable":true,"href":"https:\/\/swck.org\/wop\/wordpress\/index.php?rest_route=%2Fwp%2Fv2%2Fcomments&post=2771"}],"version-history":[{"count":1,"href":"https:\/\/swck.org\/wop\/wordpress\/index.php?rest_route=\/wp\/v2\/pages\/2771\/revisions"}],"predecessor-version":[{"id":2772,"href":"https:\/\/swck.org\/wop\/wordpress\/index.php?rest_route=\/wp\/v2\/pages\/2771\/revisions\/2772"}],"up":[{"embeddable":true,"href":"https:\/\/swck.org\/wop\/wordpress\/index.php?rest_route=\/wp\/v2\/pages\/13"}],"wp:attachment":[{"href":"https:\/\/swck.org\/wop\/wordpress\/index.php?rest_route=%2Fwp%2Fv2%2Fmedia&parent=2771"}],"curies":[{"name":"wp","href":"https:\/\/api.w.org\/{rel}","templated":true}]}}