{"id":232,"date":"2015-03-04T10:38:30","date_gmt":"2015-03-04T10:38:30","guid":{"rendered":"http:\/\/swck.org\/wop\/wordpress\/?page_id=232"},"modified":"2026-03-18T20:23:08","modified_gmt":"2026-03-18T20:23:08","slug":"fodda-valpar","status":"publish","type":"page","link":"https:\/\/swck.org\/wop\/wordpress\/?page_id=232","title":{"rendered":"F\u00f6dda valpar"},"content":{"rendered":"\n<p class=\"has-text-align-left\"><span style=\"font-size: 14pt;\"><strong>Lista \u00f6ver&nbsp;f\u00f6dda valpkullar gjorda av uppf\u00f6dare som \u00e4r medlemmar i SWCK&nbsp;<\/strong><\/span><span style=\"font-size: 14pt;\"><strong>och f\u00f6ljer rasklubbens regler och krav f\u00f6r valph\u00e4nvisning.<\/strong><\/span><br>F\u00f6r komplett stamtavla h\u00e4nvisas till <a href=\"https:\/\/hundar.skk.se\/hunddata\/\" target=\"_blank\" rel=\"noopener noreferrer\">SKK Hunddata.<\/a><\/p>\n\n\n\n<p class=\"has-text-align-left\"><span style=\"text-decoration: underline;\"><span style=\"font-size: 16pt;\"><strong>Welsh Corgi Cardigan<br><\/strong><\/span><\/span><br><span style=\"font-size: 10pt;\"><strong>Valpar f\u00f6dda 2026-02-22<\/strong><br>Moder: SE49948\/2023 Poziomka Quitte Ray<br>Fader: SE46146\/2022 Ancylus Dynamic<br>2 hanar + 4 tikar<br><\/span><br><span style=\"font-size: 10pt;\">\u00c4lvlyckans Kennel<\/span><br><span style=\"font-size: 10pt;\"><a href=\"http:\/\/www.alvlyckans.se\/\" target=\"_blank\" rel=\"noreferrer noopener\">www.alvlyckans.se<\/a><\/span><br><span style=\"font-size: 10pt;\">073-5267723<\/span><\/p>\n\n\n\n<p class=\"has-text-align-left\"><\/p>\n\n\n\n<p><\/p>\n\n\n\n<p><span style=\"font-size: 10pt;\"><strong><span style=\"text-decoration: underline;\"><span style=\"font-size: 16pt;\">Welsh Corgi Pembroke<\/span><\/span><\/strong><\/span><br><br><span style=\"font-size: 10pt;\"><strong>Valpar f\u00f6dda 2026-0<\/strong>2-08<br>Moder: SE11369\/2022&nbsp;Chibidas Alba Maxima<br>Fader: SE34308\/2021&nbsp;Sea-Croft I Want It All<br>4 tikar + 1 hane&nbsp;<br><\/span><br>Ida Ericsson<br>Chibidas Kennel, Vinsl\u00f6v<br>0730226198&nbsp;<br>idaericss0n@hotmail.com&nbsp;<\/p>\n\n\n\n<hr class=\"wp-block-separator has-alpha-channel-opacity\"\/>\n\n\n\n<p><strong>Vill du annonsera din valpkull?<br><\/strong>Annonserade parningar\/kullar m\u00e5ste uppfylla&nbsp;<a href=\"https:\/\/swck.org\/wop\/wordpress\/?page_id=60\">kraven<\/a>&nbsp;f\u00f6r SWCKs regler f\u00f6r valph\u00e4nvisning.<br>Annonsen \u00e4r gratis f\u00f6r dig som har en kennelannons, \u00f6vriga medlemmar betalar 150 SEK.<br><br>\u00d6nskar du en valpannons mailar du till&nbsp;<a href=\"mailto:pembroke@swck.org\">pembroke@swck.org<\/a>&nbsp;eller&nbsp;<a href=\"mailto:cardigan@swck.org\">cardigan@swck.org<\/a>&nbsp;<br>Mailet ska inneh\u00e5lla namn och registreringsnummer p\u00e5 f\u00f6r\u00e4ldradjuren, datum och information om hur m\u00e5nga valpar som du v\u00e4lkomnat till v\u00e4rlden samt kontaktuppgifter till dig som v\u00e4ntar valpkullen<\/p>\n\n\n\n<p>Annonsen finns kvar tills valparna fyller 12 veckor, \u00f6nskar du l\u00e4ngre annonsering s\u00e5 maila avelsr\u00e5det f\u00f6r f\u00f6rl\u00e4ngning upp till 16 veckor.<\/p>\n\n\n\n<p><strong>Krav f\u00f6r valph\u00e4nvisning<br><\/strong>F\u00f6ljande kr\u00e4vs f\u00f6r att f\u00e5 valph\u00e4nvisning genom SWCK:<br>\u2013 Uppf\u00f6daren skall vara medlem i SKK och SWCK.<br>\u2013 Avelsdjur skall vara \u00f6gonlysta inf\u00f6r parning<br>\u2013 Avelsdjur ska vara HD r\u00f6ntgade och avl\u00e4sta hos SKK innan parning<br>\u2013 Skall i avel endast anv\u00e4nda hundar som vid officiell utst\u00e4llning minst har f\u00e5tt kvalitetsbed\u00f6mningen VERY GOOD<\/p>\n\n\n\n<p><\/p>\n\n\n\n<p><em>CARDIGAN<\/em><br>\u2013 F\u00f6r\u00e4ldradjuren skall vara fria fr\u00e5n PRA. Kunna visa upp resultat ihop med intyg, d\u00e4r hundens identitet \u00e4r styrkt, p\u00e5 resultat av DNA-test eller h\u00e4rstammar fr\u00e5n fria linjer genom blodtest enligt av SKK godk\u00e4nt laboratorium.&nbsp;<a href=\"https:\/\/swck.org\/wop\/wordpress\/?page_id=2131\">Mer info h\u00e4r.<\/a><\/p>\n\n\n\n<p>Av uppf\u00f6dare som f\u00e5r valph\u00e4nvisning genom SWCK f\u00f6rv\u00e4ntar klubben sig att:<\/p>\n\n\n\n<p>\u2013 Uppf\u00f6daren informerar valpk\u00f6paren om rasens egenskaper och anv\u00e4ndbarhet samt ger st\u00f6d och v\u00e4gledning till valpk\u00f6paren<br>-Uppf\u00f6daren vid f\u00f6rs\u00e4ljning av valpar upplyser om att det finns en rasklubb och hur man kommer i kontakt med den.<\/p>\n\n\n\n<p><\/p>\n\n\n\n<details class=\"wp-block-details is-layout-flow wp-block-details-is-layout-flow\"><summary><\/summary>\n<p><\/p>\n\n\n\n<p>&nbsp;<\/p>\n<\/details>\n","protected":false},"excerpt":{"rendered":"<p>Lista \u00f6ver&nbsp;f\u00f6dda valpkullar gjorda av uppf\u00f6dare som \u00e4r medlemmar i SWCK&nbsp;och f\u00f6ljer rasklubbens regler och krav f\u00f6r valph\u00e4nvisning.F\u00f6r komplett stamtavla h\u00e4nvisas till SKK Hunddata. Welsh Corgi CardiganValpar f\u00f6dda 2026-02-22Moder: SE49948\/2023 &#8230;<\/p>\n","protected":false},"author":1,"featured_media":0,"parent":13,"menu_order":0,"comment_status":"closed","ping_status":"closed","template":"","meta":{"footnotes":""},"class_list":["post-232","page","type-page","status-publish","hentry"],"_links":{"self":[{"href":"https:\/\/swck.org\/wop\/wordpress\/index.php?rest_route=\/wp\/v2\/pages\/232","targetHints":{"allow":["GET"]}}],"collection":[{"href":"https:\/\/swck.org\/wop\/wordpress\/index.php?rest_route=\/wp\/v2\/pages"}],"about":[{"href":"https:\/\/swck.org\/wop\/wordpress\/index.php?rest_route=\/wp\/v2\/types\/page"}],"author":[{"embeddable":true,"href":"https:\/\/swck.org\/wop\/wordpress\/index.php?rest_route=\/wp\/v2\/users\/1"}],"replies":[{"embeddable":true,"href":"https:\/\/swck.org\/wop\/wordpress\/index.php?rest_route=%2Fwp%2Fv2%2Fcomments&post=232"}],"version-history":[{"count":315,"href":"https:\/\/swck.org\/wop\/wordpress\/index.php?rest_route=\/wp\/v2\/pages\/232\/revisions"}],"predecessor-version":[{"id":5644,"href":"https:\/\/swck.org\/wop\/wordpress\/index.php?rest_route=\/wp\/v2\/pages\/232\/revisions\/5644"}],"up":[{"embeddable":true,"href":"https:\/\/swck.org\/wop\/wordpress\/index.php?rest_route=\/wp\/v2\/pages\/13"}],"wp:attachment":[{"href":"https:\/\/swck.org\/wop\/wordpress\/index.php?rest_route=%2Fwp%2Fv2%2Fmedia&parent=232"}],"curies":[{"name":"wp","href":"https:\/\/api.w.org\/{rel}","templated":true}]}}