{"id":23,"date":"2015-02-18T16:48:28","date_gmt":"2015-02-18T16:48:28","guid":{"rendered":"http:\/\/swck.org\/wop\/wordpress\/?page_id=23"},"modified":"2025-04-04T15:59:43","modified_gmt":"2025-04-04T15:59:43","slug":"klubben","status":"publish","type":"page","link":"https:\/\/swck.org\/wop\/wordpress\/?page_id=23","title":{"rendered":"Klubben"},"content":{"rendered":"\n<p>Svenska Welsh Corgi Klubben (SWCK) \u00e4r en SKK-ansluten specialklubb med ansvar f\u00f6r raserna Welsh corgi Cardigan och Welsh corgi Pembroke. Ansvaret innefattar bland annat rasspecifika avelsstrategier (RAS) och att vara samtalspartner till SKK i fr\u00e5gor som r\u00f6r raserna.<\/p>\n\n\n\n<p>SWCK grundades 1963, d\u00e5 under namnet Svenska Welsh Corgi S\u00e4llskapet. Mer om klubbens tidiga historia kan du l\u00e4sa <a rel=\"noreferrer noopener\" href=\"http:\/\/www.swck.org\/swck_klubb\/Historik%20SWCK.PDF\" target=\"_blank\">h\u00e4r<\/a>.<\/p>\n\n\n<div class=\"wp-block-image\">\n<figure class=\"aligncenter size-large is-resized\"><a href=\"https:\/\/swck.org\/wop\/wordpress\/wp-content\/uploads\/2025\/04\/487202748_678355441334111_7513774954424964197_n.jpg\"><img loading=\"lazy\" decoding=\"async\" width=\"1024\" height=\"768\" src=\"https:\/\/swck.org\/wop\/wordpress\/wp-content\/uploads\/2025\/04\/487202748_678355441334111_7513774954424964197_n-1024x768.jpg\" alt=\"\" class=\"wp-image-4922\" style=\"width:366px;height:auto\" srcset=\"https:\/\/swck.org\/wop\/wordpress\/wp-content\/uploads\/2025\/04\/487202748_678355441334111_7513774954424964197_n-1024x768.jpg 1024w, https:\/\/swck.org\/wop\/wordpress\/wp-content\/uploads\/2025\/04\/487202748_678355441334111_7513774954424964197_n-300x225.jpg 300w, https:\/\/swck.org\/wop\/wordpress\/wp-content\/uploads\/2025\/04\/487202748_678355441334111_7513774954424964197_n-768x576.jpg 768w, https:\/\/swck.org\/wop\/wordpress\/wp-content\/uploads\/2025\/04\/487202748_678355441334111_7513774954424964197_n-1536x1152.jpg 1536w, https:\/\/swck.org\/wop\/wordpress\/wp-content\/uploads\/2025\/04\/487202748_678355441334111_7513774954424964197_n.jpg 2048w\" sizes=\"auto, (max-width: 1024px) 100vw, 1024px\" \/><\/a><figcaption class=\"wp-element-caption\">Nyvald styrelsem\u00f6te p\u00e5 \u00e5rsm\u00f6tet 2025<br>Fr\u00e5n v\u00e4nster: Eva Sahlin, Victoria Jansson, Eva Granlund, Jennica Skoglund, Michaela S\u00f6derstr\u00f6m, Anna-Mia Jonsson, Sofia Berg och Louise Karlsson. Fattas g\u00f6r Daria Lewandowska<\/figcaption><\/figure>\n<\/div>","protected":false},"excerpt":{"rendered":"<p>Svenska Welsh Corgi Klubben (SWCK) \u00e4r en SKK-ansluten specialklubb med ansvar f\u00f6r raserna Welsh corgi Cardigan och Welsh corgi Pembroke. Ansvaret innefattar bland annat rasspecifika avelsstrategier (RAS) och att vara &#8230;<\/p>\n","protected":false},"author":1,"featured_media":0,"parent":0,"menu_order":0,"comment_status":"closed","ping_status":"closed","template":"","meta":{"footnotes":""},"class_list":["post-23","page","type-page","status-publish","hentry"],"_links":{"self":[{"href":"https:\/\/swck.org\/wop\/wordpress\/index.php?rest_route=\/wp\/v2\/pages\/23","targetHints":{"allow":["GET"]}}],"collection":[{"href":"https:\/\/swck.org\/wop\/wordpress\/index.php?rest_route=\/wp\/v2\/pages"}],"about":[{"href":"https:\/\/swck.org\/wop\/wordpress\/index.php?rest_route=\/wp\/v2\/types\/page"}],"author":[{"embeddable":true,"href":"https:\/\/swck.org\/wop\/wordpress\/index.php?rest_route=\/wp\/v2\/users\/1"}],"replies":[{"embeddable":true,"href":"https:\/\/swck.org\/wop\/wordpress\/index.php?rest_route=%2Fwp%2Fv2%2Fcomments&post=23"}],"version-history":[{"count":4,"href":"https:\/\/swck.org\/wop\/wordpress\/index.php?rest_route=\/wp\/v2\/pages\/23\/revisions"}],"predecessor-version":[{"id":4930,"href":"https:\/\/swck.org\/wop\/wordpress\/index.php?rest_route=\/wp\/v2\/pages\/23\/revisions\/4930"}],"wp:attachment":[{"href":"https:\/\/swck.org\/wop\/wordpress\/index.php?rest_route=%2Fwp%2Fv2%2Fmedia&parent=23"}],"curies":[{"name":"wp","href":"https:\/\/api.w.org\/{rel}","templated":true}]}}