{"id":2131,"date":"2018-11-07T09:34:54","date_gmt":"2018-11-07T09:34:54","guid":{"rendered":"http:\/\/swck.org\/wop\/wordpress\/?page_id=2131"},"modified":"2021-02-21T20:09:54","modified_gmt":"2021-02-21T20:09:54","slug":"angaende-dna-test-for-pra","status":"publish","type":"page","link":"https:\/\/swck.org\/wop\/wordpress\/?page_id=2131","title":{"rendered":"Ang\u00e5ende DNA-test f\u00f6r PRA"},"content":{"rendered":"<p class=\"p1\"><span class=\"s1\">Den dokumentation som styrker DNA-testad fri fr\u00e5n PRA eller fr\u00e5n PRA fria linjer i samband med parning\/valph\u00e4nvisning skickas till sammankallande f\u00f6r avelskommitt\u00e9n<\/span><\/p>\n<p class=\"p1\"><span class=\"s1\">N\u00e4r det g\u00e4ller att fastst\u00e4lla DNA-testade individer eller fr\u00e5n fria linjer p\u00e5 kombinationer inf\u00f6r SWCKs parning\/valph\u00e4nvisning s\u00e5 kommer avelskommitt\u00e9n att som tidigare hj\u00e4lpa och bist\u00e5 uppf\u00f6darna med detta.<\/span><\/p>\n<p class=\"p1\"><span class=\"s1\">Det test som g\u00f6rs \u00e4r detsamma som tidigare genom blodtest utf\u00f6rt av veterin\u00e4r som skickas till OptigGen, Laboklin eller Antagena f\u00f6r DNA analys.<\/span><\/p>\n<p class=\"p1\"><span class=\"s1\">Det \u00e4r en enkel hantering och ans\u00f6kan g\u00f6rs via n\u00e4tet. Blodprovet tas av veterin\u00e4r som bekr\u00e4ftar hunden identitet och skickar provet vidare till laboratoriet. Hund\u00e4garen och veterin\u00e4ren f\u00e5r sedan svar p\u00e5 testet ganska omg\u00e5ende.<\/span><\/p>\n<p class=\"p1\"><strong><span class=\"s1\">Laboratorier som utf\u00f6r DNA- test f\u00f6r PRA Welsh Corgi Cardigan<\/span><\/strong><\/p>\n<p class=\"p2\"><span class=\"s2\">OptiGen&nbsp;&nbsp;<a href=\"http:\/\/www.optigen.com\/opt11_form.taf?lang=en\"><span class=\"s3\">http:\/\/www.optigen.com\/opt11_form.taf?lang=en<\/span><\/a><\/span><\/p>\n<p class=\"p2\"><span class=\"s2\">Laboklin <a href=\"http:\/\/www.laboklin.co.uk\/laboklin\/showGeneticTest.jsp?testID=8002rcd3\"><span class=\"s3\">http:\/\/www.laboklin.co.uk\/laboklin\/showGeneticTest.jsp?testID=8002rcd3<\/span><\/a><\/span><\/p>\n<p class=\"p2\"><span class=\"s2\">Antagene <a href=\"http:\/\/order.antagene.com\/4DCGI\/Order\"><span class=\"s3\">http:\/\/order.antagene.com\/4DCGI\/Order<\/span><\/a><\/span><\/p>\n<p class=\"p1\"><span class=\"s1\"><b>Hur skall vi nu agera med att DNA-testa v\u00e5ra hundar.<br \/>\n<\/b><\/span><span class=\"s1\">Om man g\u00e5r bak\u00e5t i stamtavlorna p\u00e5 v\u00e5ra skandinaviska hundar \u00e4r de ofta mycket t\u00e4ckande eftersom de \u00e4r testade p\u00e5 Optigen genom blodtest utf\u00f6rt av veterin\u00e4r sedan 1998.<\/span><\/p>\n<p class=\"p1\"><span class=\"s1\">Det finns en viss os\u00e4kerhet ju l\u00e4ngre bort de testade individerna finns i stamtavlan.<\/span><\/p>\n<p class=\"p1\"><span class=\"s1\">Om det \u00e4r minsta tvekan eller att DNA-testet \u00e4r gjort mer \u00e4n fem generationer bak\u00e5t i leden s\u00e5 \u00e4r sannolikheten f\u00f6r luckor stor och d\u00e5 \u00e4r det relevant att DNA-testa den individ som skall anv\u00e4ndas i avel idag.<\/span><\/p>\n<p class=\"p1\"><span class=\"s1\">Att hitta testade individer i rasen finns ett samlat register genom AKC, detta \u00e4r inte 100% eftersom det baseras p\u00e5 inskickad dokumentation men det ger en hel del information om DNA-testade Cardigans. Endast resultat fr\u00e5n blodtest utf\u00f6rt av veterin\u00e4r g\u00e4ller.<\/span><\/p>\n<p class=\"p1\"><strong><span class=\"s1\">L\u00e4nkar<br \/>\n<\/span><\/strong>Amerikanska corgiklubben<br \/>\n<span class=\"s2\"><a href=\"http:\/\/cardigancorgis.com\/prastatus.asp\"><span class=\"s3\">http:\/\/cardigancorgis.com\/prastatus.asp<\/span><\/a><\/span><\/p>\n<p class=\"p2\"><span class=\"s2\">Engelska kennelklubben<br \/>\n<a href=\"http:\/\/www.thekennelclub.org.uk\/services\/public\/mateselect\/test\/Default.aspx\"><span class=\"s3\">http:\/\/www.thekennelclub.org.uk\/services\/public\/mateselect\/test\/Default.aspx<\/span><\/a><\/span><\/p>\n<p class=\"p1\"><span class=\"s1\">&nbsp;<\/span><span class=\"s4\"><a href=\"http:\/\/swck.org\/wop\/wordpress\/?p=2663\">Mer info om h\u00e4lsoprogrammet hos SKK&nbsp;<\/a><\/span><\/p>\n<p class=\"p1\"><span class=\"s1\">SWCK \/ Avelskommitt\u00e9n f\u00f6r Cardigan<\/span><\/p>\n","protected":false},"excerpt":{"rendered":"<p>Den dokumentation som styrker DNA-testad fri fr\u00e5n PRA eller fr\u00e5n PRA fria linjer i samband med parning\/valph\u00e4nvisning skickas till sammankallande f\u00f6r avelskommitt\u00e9n N\u00e4r det g\u00e4ller att fastst\u00e4lla DNA-testade individer eller &#8230;<\/p>\n","protected":false},"author":1,"featured_media":0,"parent":308,"menu_order":0,"comment_status":"closed","ping_status":"closed","template":"","meta":{"footnotes":""},"class_list":["post-2131","page","type-page","status-publish","hentry"],"_links":{"self":[{"href":"https:\/\/swck.org\/wop\/wordpress\/index.php?rest_route=\/wp\/v2\/pages\/2131","targetHints":{"allow":["GET"]}}],"collection":[{"href":"https:\/\/swck.org\/wop\/wordpress\/index.php?rest_route=\/wp\/v2\/pages"}],"about":[{"href":"https:\/\/swck.org\/wop\/wordpress\/index.php?rest_route=\/wp\/v2\/types\/page"}],"author":[{"embeddable":true,"href":"https:\/\/swck.org\/wop\/wordpress\/index.php?rest_route=\/wp\/v2\/users\/1"}],"replies":[{"embeddable":true,"href":"https:\/\/swck.org\/wop\/wordpress\/index.php?rest_route=%2Fwp%2Fv2%2Fcomments&post=2131"}],"version-history":[{"count":3,"href":"https:\/\/swck.org\/wop\/wordpress\/index.php?rest_route=\/wp\/v2\/pages\/2131\/revisions"}],"predecessor-version":[{"id":3014,"href":"https:\/\/swck.org\/wop\/wordpress\/index.php?rest_route=\/wp\/v2\/pages\/2131\/revisions\/3014"}],"up":[{"embeddable":true,"href":"https:\/\/swck.org\/wop\/wordpress\/index.php?rest_route=\/wp\/v2\/pages\/308"}],"wp:attachment":[{"href":"https:\/\/swck.org\/wop\/wordpress\/index.php?rest_route=%2Fwp%2Fv2%2Fmedia&parent=2131"}],"curies":[{"name":"wp","href":"https:\/\/api.w.org\/{rel}","templated":true}]}}