{"id":2078,"date":"2018-10-24T20:26:46","date_gmt":"2018-10-24T20:26:46","guid":{"rendered":"http:\/\/swck.org\/wop\/wordpress\/?page_id=2078"},"modified":"2026-03-31T11:51:56","modified_gmt":"2026-03-31T11:51:56","slug":"resultat","status":"publish","type":"page","link":"https:\/\/swck.org\/wop\/wordpress\/?page_id=2078","title":{"rendered":"Resultat"},"content":{"rendered":"<p>Resultatet f\u00f6r <a href=\"https:\/\/swck.org\/wop\/wordpress\/wp-content\/uploads\/2026\/03\/ARETS-CORGI-2025-4.pdf\" target=\"_blank\" rel=\"noopener\">\u00c5rets Corgi 2025<\/a> hittar du h\u00e4r!<\/p>\n<hr \/>\n<p>Lisan f\u00f6r \u00e5rets corgiar f\u00f6r <a href=\"https:\/\/swck.org\/wop\/wordpress\/wp-content\/uploads\/2025\/02\/A%CC%8ARETS-CORGI-2024.pdf\" target=\"_blank\" rel=\"noopener\">2024 hittar du h\u00e4r!<\/a><\/p>\n<hr \/>\n<p>Listan f\u00f6r \u00c5rets Welsh corgi cardigan\/pembroke 2023<\/p>\n<p><a href=\"https:\/\/swck.org\/wop\/wordpress\/wp-content\/uploads\/2024\/02\/Arets-Corgi-SPORT-1.pdf\">Agility, Freestyle\/Heelwork to music, lydnad, nose work, rallylydnad<\/a><\/p>\n<p><a href=\"https:\/\/swck.org\/wop\/wordpress\/wp-content\/uploads\/2024\/02\/CARDIGAN-2023-hela-listan.pdf\" target=\"_blank\" rel=\"noopener\">Utst\u00e4llning &#8211; Cardigan<\/a><\/p>\n<p><a href=\"https:\/\/swck.org\/wop\/wordpress\/wp-content\/uploads\/2024\/02\/PEMBROKE-2023-Korrigerad-lista.pdf\">Utst\u00e4llning &#8211; Pembroke<\/a><\/p>\n<hr \/>\n<p><span style=\"font-size: 10pt;\"><strong>Listan f\u00f6r \u00c5rets Welsh corgi cardigan\/pembroke 2022<\/strong><\/span><\/p>\n<p><span style=\"font-size: 10pt;\"><a href=\"https:\/\/swck.org\/wop\/wordpress\/wp-content\/uploads\/2023\/02\/ARETS-CORGI-2022-resultat-1.pdf\">Rallylydnad, agility, lydnad, nose work, mest aktiverade<\/a><\/span><\/p>\n<p><span style=\"font-size: 10pt;\"><a href=\"https:\/\/swck.org\/wop\/wordpress\/wp-content\/uploads\/2023\/02\/UTSTALLNING-CARDIGAN-2022.pdf\">Utst\u00e4llning &#8211; cardigan<\/a><\/span><\/p>\n<p><span style=\"font-size: 10pt;\"><a href=\"https:\/\/swck.org\/wop\/wordpress\/wp-content\/uploads\/2023\/02\/UTSTALLNING-PEMBROKE-2022.pdf\">Utst\u00e4llning &#8211; pembroke<\/a><\/span><\/p>\n<hr \/>\n<p><span style=\"font-size: 10pt;\"><strong>Listan f\u00f6r \u00c5rets Welsh Corgi Cardigan\/Pembroke 2021<\/strong><\/span><\/p>\n<p><span style=\"font-size: 10pt;\">Rallylydnad, agility, lydnad, bruks, nose work,\u00a0htm\/freestyle och viltsp\u00e5r<\/span><br \/>\n<span style=\"font-size: 10pt;\"><a href=\"https:\/\/swck.org\/wop\/wordpress\/wp-content\/uploads\/2022\/02\/Arets-Corgi-Hundsport-2021.pdf\">2021<\/a><\/span><br \/>\n<span style=\"font-size: 10pt;\">Utst\u00e4llning<\/span><br \/>\n<span style=\"font-size: 10pt;\">Cardigan &#8211; <a href=\"https:\/\/swck.org\/wop\/wordpress\/wp-content\/uploads\/2022\/04\/Arets-Cardigan-Tik_Hane-2021.pdf\">2021<\/a><\/span><br \/>\n<span style=\"font-size: 10pt;\">Pembroke &#8211; <a href=\"https:\/\/swck.org\/wop\/wordpress\/wp-content\/uploads\/2022\/04\/Arets-Pembroke-Utstallning-2021.pdf\">2021<\/a><\/span><\/p>\n<hr \/>\n<p><span style=\"font-size: 10pt;\"><strong>Listan f\u00f6r \u00c5rets Welsh Corgi Cardigan\/Pembroke 2020<\/strong><\/span><\/p>\n<p><span style=\"font-size: 10pt;\">Rallylydnad, agility, lydnad, bruks, nose work,\u00a0htm\/freestyle och viltsp\u00e5r<\/span><br \/>\n<span style=\"font-size: 10pt;\"><a href=\"https:\/\/swck.org\/wop\/wordpress\/wp-content\/uploads\/2021\/02\/\u00c5retsCorgiHundsport-2020.pdf\">2020<\/a><\/span><\/p>\n<hr \/>\n<p><span style=\"font-size: 10pt;\"><strong>Listan f\u00f6r \u00c5rets Welsh Corgi Cardigan\/Pembroke 2019<\/strong><\/span><\/p>\n<p><span style=\"font-size: 10pt;\">Rallylydnad, agility, lydnad, bruks, nose work,\u00a0htm\/freestyle och viltsp\u00e5r<\/span><br \/>\n<span style=\"font-size: 10pt;\"><a href=\"http:\/\/swck.org\/wop\/wordpress\/wp-content\/uploads\/2020\/02\/\u00c5retsCorgiHundsport2019.pdf\">2019<\/a><\/span><\/p>\n<p><span style=\"font-size: 10pt;\">Utst\u00e4llning<\/span><br \/>\n<span style=\"font-size: 10pt;\"><a href=\"http:\/\/swck.org\/wop\/wordpress\/wp-content\/uploads\/2020\/02\/pembroke-2019.pdf\">2019 &#8211; pembroke<\/a><\/span><br \/>\n<span style=\"font-size: 10pt;\"><a href=\"http:\/\/swck.org\/wop\/wordpress\/wp-content\/uploads\/2020\/02\/lista-1.pdf\">2019 &#8211; cardigan<\/a><\/span><\/p>\n<hr \/>\n<p><span style=\"font-size: 10pt;\"><strong>Listan f\u00f6r \u00c5rets Welsh Corgi Cardigan\/Pembroke 2018<\/strong><\/span><\/p>\n<p><span style=\"font-size: 10pt;\">Utst\u00e4llning<\/span><br \/>\n<span style=\"font-size: 10pt;\"><a href=\"http:\/\/swck.org\/wop\/wordpress\/wp-content\/uploads\/2019\/03\/\u00e5rets-Pembroke.pdf\">2018 &#8211; pembroke<\/a><\/span><br \/>\n<span style=\"font-size: 10pt;\"><a href=\"http:\/\/swck.org\/wop\/wordpress\/wp-content\/uploads\/2019\/03\/\u00e5rets-corgi-2018.pdf\">2018 &#8211; cardigan<\/a><\/span><\/p>\n<p><span style=\"font-size: 10pt;\">Rallylydnad, agility, lydnad, bruks, nose work,\u00a0htm\/freestyle och viltsp\u00e5r<\/span><br \/>\n<span style=\"font-size: 10pt;\"><a href=\"http:\/\/swck.org\/wop\/wordpress\/wp-content\/uploads\/2019\/02\/Corgilistor_2018-FINAL-1.pdf\">2018<\/a><\/span><\/p>\n<p><span style=\"font-size: 10pt;\">Aktivaste<\/span><br \/>\n<span style=\"font-size: 10pt;\"><a href=\"http:\/\/swck.org\/wop\/wordpress\/wp-content\/uploads\/2019\/02\/\u00c5rets-aktivaste.pdf\">2018<\/a><\/span><\/p>\n<hr \/>\n<p><span style=\"font-size: 10pt;\"><strong>Listan f\u00f6r \u00c5rets Welsh Corgi Cardigan\/Pembroke 2017<\/strong><\/span><\/p>\n<p><span style=\"font-size: 10pt;\"><a href=\"http:\/\/swck.org\/wop\/wordpress\/wp-content\/uploads\/2018\/01\/lista2017corgi.pdf\">Utst\u00e4llning<\/a><\/span><\/p>\n<p><span style=\"font-size: 10pt;\"><a href=\"https:\/\/swck.org\/wop\/wordpress\/wp-content\/uploads\/2018\/02\/Resultatlistor_2017_FINAL.pdf\">Rallylydnad, lydnad, agility, bruks, nose work<\/a><\/span><\/p>\n<hr \/>\n<p><span style=\"font-size: 10pt;\"><strong>Listan f\u00f6r \u00c5rets Welsh Corgi Cardigan\/Pembroke 2016<\/strong><\/span><\/p>\n<p><span style=\"font-size: 10pt;\"><a href=\"http:\/\/www.swck.org\/web2016\/ARETS_UTSTLLNINGSCORGI_2016b.pdf\">Utst\u00e4llning<\/a><\/span><\/p>\n<p><span style=\"font-size: 10pt;\"><a href=\"http:\/\/swck.org\/wop\/wordpress\/wp-content\/uploads\/2015\/09\/lydnad_pc_2016.jpg\">Lydnad<\/a><\/span><\/p>\n<p><span style=\"font-size: 10pt;\"><a href=\"http:\/\/swck.org\/wop\/wordpress\/wp-content\/uploads\/2015\/09\/rally_card_2016.jpg\">Rallylydnad &#8211; cardigan<\/a><\/span><\/p>\n<p><span style=\"font-size: 10pt;\"><a href=\"http:\/\/swck.org\/wop\/wordpress\/wp-content\/uploads\/2015\/09\/pem_rally_2016.jpg\">Rallylydnad &#8211; pembroke<\/a><\/span><\/p>\n<p><span style=\"font-size: 10pt;\"><a href=\"http:\/\/swck.org\/wop\/wordpress\/wp-content\/uploads\/2015\/09\/agility_card_2016.jpg\">Agility<\/a><\/span><\/p>\n<hr \/>\n<p><span style=\"font-size: 10pt;\"><strong>Listan f\u00f6r \u00c5rets Welsh Corgi Cardigan\/Pembroke 2015<\/strong><\/span><\/p>\n<p><span style=\"font-size: 10pt;\"><a href=\"http:\/\/www.swck.org\/web2016\/aretscorgi15c.pdf\">Utst\u00e4llning<\/a><\/span><\/p>\n<p><span style=\"font-size: 10pt;\"><a href=\"http:\/\/www.swck.org\/rallylydnadscorgi 2015.pdf\" data-wplink-url-error=\"true\">Rallylydnad<\/a><br \/>\n<\/span><\/p>\n<hr \/>\n<p><span style=\"font-size: 10pt;\"><strong>Listan f\u00f6r \u00c5rets Welsh Corgi Cardigan\/Pembroke 2014<\/strong><\/span><\/p>\n<p><span style=\"font-size: 10pt;\"><a href=\"http:\/\/www.swck.org\/frames\/listarbetsbok.pdf\">Utst\u00e4llning<\/a><\/span><\/p>\n","protected":false},"excerpt":{"rendered":"<p>Resultatet f\u00f6r \u00c5rets Corgi 2025 hittar du h\u00e4r! Lisan f\u00f6r \u00e5rets corgiar f\u00f6r 2024 hittar du h\u00e4r! Listan f\u00f6r \u00c5rets Welsh corgi cardigan\/pembroke 2023 Agility, Freestyle\/Heelwork to music, lydnad, nose &#8230;<\/p>\n","protected":false},"author":1,"featured_media":0,"parent":406,"menu_order":0,"comment_status":"closed","ping_status":"closed","template":"","meta":{"footnotes":""},"class_list":["post-2078","page","type-page","status-publish","hentry"],"_links":{"self":[{"href":"https:\/\/swck.org\/wop\/wordpress\/index.php?rest_route=\/wp\/v2\/pages\/2078","targetHints":{"allow":["GET"]}}],"collection":[{"href":"https:\/\/swck.org\/wop\/wordpress\/index.php?rest_route=\/wp\/v2\/pages"}],"about":[{"href":"https:\/\/swck.org\/wop\/wordpress\/index.php?rest_route=\/wp\/v2\/types\/page"}],"author":[{"embeddable":true,"href":"https:\/\/swck.org\/wop\/wordpress\/index.php?rest_route=\/wp\/v2\/users\/1"}],"replies":[{"embeddable":true,"href":"https:\/\/swck.org\/wop\/wordpress\/index.php?rest_route=%2Fwp%2Fv2%2Fcomments&post=2078"}],"version-history":[{"count":40,"href":"https:\/\/swck.org\/wop\/wordpress\/index.php?rest_route=\/wp\/v2\/pages\/2078\/revisions"}],"predecessor-version":[{"id":5691,"href":"https:\/\/swck.org\/wop\/wordpress\/index.php?rest_route=\/wp\/v2\/pages\/2078\/revisions\/5691"}],"up":[{"embeddable":true,"href":"https:\/\/swck.org\/wop\/wordpress\/index.php?rest_route=\/wp\/v2\/pages\/406"}],"wp:attachment":[{"href":"https:\/\/swck.org\/wop\/wordpress\/index.php?rest_route=%2Fwp%2Fv2%2Fmedia&parent=2078"}],"curies":[{"name":"wp","href":"https:\/\/api.w.org\/{rel}","templated":true}]}}