{"id":2068,"date":"2018-10-24T20:13:53","date_gmt":"2018-10-24T20:13:53","guid":{"rendered":"http:\/\/swck.org\/wop\/wordpress\/?page_id=2068"},"modified":"2026-03-18T18:12:44","modified_gmt":"2026-03-18T18:12:44","slug":"regler","status":"publish","type":"page","link":"https:\/\/swck.org\/wop\/wordpress\/?page_id=2068","title":{"rendered":"Regler"},"content":{"rendered":"\n<p>\u00c5rets corgi listor 2025 r\u00e4knas efter f\u00f6ljande regler:<\/p>\n\n\n\n<p><a href=\"https:\/\/swck.org\/wop\/wordpress\/wp-content\/uploads\/2026\/03\/TAVLINGSREGLER-Utstallning.pdf\" target=\"_blank\" rel=\"noreferrer noopener\">Regler \u00c5rets Corgi \u2013 Utst\u00e4llning\u00a0<\/a><\/p>\n\n\n\n<p><a href=\"https:\/\/swck.org\/wop\/wordpress\/wp-content\/uploads\/2025\/03\/TAVLINGSREGLER-Hundsport.pdf\" target=\"_blank\" rel=\"noreferrer noopener\">Regler \u00c5rets Corgi \u2013 Hundsporter<\/a><\/p>\n\n\n\n<p><a href=\"https:\/\/swck.org\/wop\/wordpress\/wp-content\/uploads\/2025\/03\/TAVLINGSREGLER-hundungdom.pdf\" target=\"_blank\" rel=\"noreferrer noopener\">Regler \u00c5rets hundungdom&nbsp;<\/a><\/p>\n\n\n\n<p><strong>T\u00c4VLINGSREGLER F\u00d6R SWCKS \u00c5RLIGA TOPPLISTA F\u00d6R<\/strong><br><strong>UTST\u00c4LLNING<\/strong><br>Fastst\u00e4lld vid styrelsem\u00f6te 2025-03-03<\/p>\n\n\n\n<p>Tv\u00e5 helt separata topplistor ber\u00e4knas \u2013 en f\u00f6r welsh corgi cardigan och en f\u00f6r welsh<br>corgi pembroke.<br>Varje lista av dessa tv\u00e5 baseras p\u00e5 enbart den egna rasens resultat.<br>Po\u00e4ng ber\u00e4knas p\u00e5 resultat som uppn\u00e5tts vid officiella utst\u00e4llningar i Sverige under<br>kalender\u00e5ret. Hela underlaget till po\u00e4ngber\u00e4kningen ska h\u00e4mtas fr\u00e5n SKKs databas<br>Hunddata.<br>I texten nedan inneb\u00e4r \u201c5*\u201d att om f\u00e4rre \u00e4n 5 stycken av angiven enhet finns<br>registrerad i SKKs databas Hunddata skall registrerat antal och resultat anv\u00e4ndas.<br>F\u00f6r att delta i t\u00e4vlingen kr\u00e4vs f\u00f6ljande:<br>\u2022 \u00c4garen till hunden ska vara bosatt i Sverige<br>\u2022 \u00c4garen till hunden ska vara medlem av Svenska Welsh Corgi Klubben (SWCK) vid<br>t\u00e4vlingstillf\u00e4llet och vid tiden f\u00f6r listans sammanst\u00e4llande.<br>\u2022Om hunden har flera \u00e4gare kr\u00e4vs att minst en (1) av dessa \u00e4r medlem i klubben<br>vid t\u00e4vlingstillf\u00e4llet och vid tiden f\u00f6r listans sammanst\u00e4llande.<br>\u2022 \u00c4garen till hunden m\u00e5ste ha sina uppgisynliga p\u00e5 SKKs databas Hunddata.<br>Om inte; m\u00e5ste \u00e4garen skicka mail till styrelsen och informera om detta.<br>T\u00e4vlingsregler \u00c5rets Corgi \u2013 Utst\u00e4llning 1<br>\u00c5rets corgi hane\/tik<br>Po\u00e4ngen best\u00e5r av grundpo\u00e4ng f\u00f6r placering i B\u00e4sta hanhunds- resp. B\u00e4sta tikklass,<br>samt till\u00e4ggspo\u00e4ng. Po\u00e4ng fr\u00e5n de 5* b\u00e4sta utst\u00e4llningarna summeras.<br>Grundpo\u00e4ng:<\/p>\n\n\n\n<figure class=\"wp-block-table\"><table><tbody><tr><td>BIR<\/td><td>12 PO\u00c4NG<\/td><\/tr><tr><td>BIM<\/td><td>10 PO\u00c4NG<\/td><\/tr><tr><td>2 bhkl\/btkl<\/td><td>8 PO\u00c4NG<\/td><\/tr><tr><td>3 bhkl\/btkl<\/td><td>6 PO\u00c4NG<\/td><\/tr><tr><td>4 bhkl\/btkl<\/td><td>4 PO\u00c4NG<\/td><\/tr><tr><td>CK utan placering<\/td><td>1 PO\u00c4NG<\/td><\/tr><\/tbody><\/table><\/figure>\n\n\n\n<p>Till\u00e4ggspo\u00e4ng i rasen:<br>F\u00f6r BIR 1 po\u00e4ng f\u00f6r samtliga \u201dslagna\u201d hundar i rasen.<br>F\u00f6r \u00f6vriga (g\u00e4ller BIM och 2a, 3a och 4a i bhkl\/btkl) 1 po\u00e4ng f\u00f6r varje \u201dslagen\u201d hund<br>av eget k\u00f6n.<\/p>\n\n\n\n<p><strong>\u00c5rets avelscorgi hane\/tik<\/strong><br>Hund med avkomma som kvalificerat sig f\u00f6r po\u00e4ng enligt \u00c5rets corgi.<br>De 5 b\u00e4sta avkommornas 5* b\u00e4sta resultat summeras.<\/p>\n\n\n\n<p><strong>\u00c5rets veterancorgi hane\/tik<\/strong><br>Veteraner har separat po\u00e4ngber\u00e4kning, men kan \u00e4ven placera sig p\u00e5 \u00c5rets corgi om<br>veteranen f\u00e5 CK och\/eller placerar sig i btkl\/bhkl.<br>Po\u00e4ng fr\u00e5n de 5* b\u00e4sta utst\u00e4llningarna summeras.<br>Excellent kr\u00e4vs f\u00f6r att f\u00e5 po\u00e4ng p\u00e5 veteranlistan.<\/p>\n\n\n\n<figure class=\"wp-block-table\"><table><tbody><tr><td>BIR- veteran<\/td><td>12 PO\u00c4NG<\/td><\/tr><tr><td>BIM \u2013 vetaran<\/td><td>10 PO\u00c4NG<\/td><\/tr><tr><td>2 bhkl\/btkl<\/td><td>8 PO\u00c4NG<\/td><\/tr><tr><td>3 bhkl\/btkl<\/td><td>6 PO\u00c4NG<\/td><\/tr><tr><td>4 bhkl\/btkl<\/td><td>4 PO\u00c4NG<\/td><\/tr><\/tbody><\/table><\/figure>\n\n\n\n<p>Till\u00e4ggspo\u00e4ng:<br>F\u00f6r BIR-veteran 1 po\u00e4ng f\u00f6r samtliga \u201dslagna\u201d veteraner i rasen.<br>F\u00f6r \u00f6vriga i veteranklass (g\u00e4ller BIM-veteran och 2a, 3a och 4a i vetkk) 1 po\u00e4ng f\u00f6r<br>varje \u201dslagen\u201d veteran i eget k\u00f6n.<br><strong><br>BPH<\/strong><br>Tv\u00e5 BPH-listor sammanst\u00e4lls: en f\u00f6r Cardigan och en f\u00f6r Pembroke, med de hundar<br>som under \u00e5ret har genomf\u00f6rt BPH, med eller utan skott. Varje hund p\u00e5 listan<br>motsvarar 10 po\u00e4ng. Det \u00e4r ingen hund som vinner BPH-listan. Po\u00e4ngen l\u00e4ggs endast<br>till som ett \u201cBPH-till\u00e4gg\u201d i utr\u00e4kningen f\u00f6r \u00e5rets uppf\u00f6dare. Det finns inget max-antal<br>p\u00e5 hur m\u00e5nga hundar en uppf\u00f6dare kan tillgodor\u00e4kna sig fr\u00e5n \u00e5rets genomf\u00f6rda BPH.<\/p>\n\n\n\n<p><strong>\u00c5rets uppf\u00f6dare<\/strong><br>Uppf\u00f6daren beh\u00f6ver vara medlem i Svenska Welsh Corgi Klubben f\u00f6r att kvalificera sig till \u00e5rets uppf\u00f6dare.&nbsp;&nbsp;<\/p>\n\n\n\n<p>Uppf\u00f6daren f\u00e5r tillgodor\u00e4kna sig de 5 b\u00e4sta&nbsp; resultaten fr\u00e5n \u00e5rets utst\u00e4llningslista samt ett till\u00e4gg p\u00e5 10 po\u00e4ng f\u00f6r varje BPH beskriven hund fr\u00e5n uppf\u00f6daren.<br><\/p>\n\n\n\n<hr class=\"wp-block-separator has-alpha-channel-opacity\"\/>\n\n\n\n<p><strong>T\u00c4VLINGSREGLER F\u00d6R SWCKS \u00c5RLIGA TOPPLISTA F\u00d6R \u2013<\/strong><br><strong>HUNDUNGDOM<\/strong><br>Fastst\u00e4lld vid styrelsem\u00f6te 2025-03-03<br>\u2013 Resultat fr\u00e5n max 5 officiella t\u00e4vlingar<br>\u2013 Kvalperiod \u00e4r 1 januari- 31 december<br>\u2013 Medlem i SWCK och under 25 \u00e5r.<br>Start p\u00e5 officiell t\u00e4vling oavsett gren \u2013&nbsp; &nbsp; &nbsp; &nbsp; &nbsp; &nbsp; &nbsp; &nbsp; &nbsp; &nbsp; &nbsp; &nbsp; &nbsp; 4 po\u00e4ng<br>Kvalificerat resultat&nbsp; \u2013&nbsp; &nbsp; &nbsp; &nbsp; &nbsp; &nbsp; &nbsp; &nbsp; &nbsp; &nbsp; &nbsp; &nbsp; &nbsp; &nbsp; &nbsp; &nbsp; &nbsp; &nbsp; &nbsp; &nbsp; &nbsp; &nbsp; &nbsp; &nbsp; &nbsp; &nbsp; &nbsp; 6 po\u00e4ng<br><em>(agility \u2013 pinne, rally \u2013 kvalificerat resultat, nose work \u2013 100 p, lydnad \u2013 godk\/1 pris,<\/em><br><em>bruks -godk\u00e4nt, viltsp\u00e5r- god\/1:a pris, juniorhandling \u2013 vinnare av sin \u00e5ldersklass)<\/em><\/p>\n\n\n\n<p>Deltagande p\u00e5 Corgi-SM&nbsp; &nbsp; &nbsp; &nbsp; &nbsp; &nbsp; &nbsp; &nbsp; &nbsp; &nbsp; &nbsp; &nbsp; &nbsp; &nbsp; &nbsp; &nbsp; &nbsp; &nbsp; &nbsp; &nbsp; &nbsp; &nbsp; &nbsp; &nbsp; &nbsp; 8 p<br>Deltagande p\u00e5 ungdoms-SM&nbsp; &nbsp; &nbsp; &nbsp; &nbsp; &nbsp; &nbsp; &nbsp; &nbsp; &nbsp; &nbsp; &nbsp; &nbsp; &nbsp; &nbsp; &nbsp; &nbsp; &nbsp; &nbsp; &nbsp; &nbsp; 10 p<\/p>\n\n\n\n<hr class=\"wp-block-separator has-alpha-channel-opacity\"\/>\n\n\n\n<p><strong>T\u00c4VLINGSREGLER F\u00d6R SWCKS \u00c5RLIGA TOPPLISTA F\u00d6R &#8211;<br>HUNDSPORTER<\/strong><br>Fastst\u00e4lld vid styrelsem\u00f6te 2025-03-03<br>Regler f\u00f6r po\u00e4ngber\u00e4kning till corgilistorna f\u00f6r agility, bruks, freestyle\/heelwork to<br>music, lydnad, nose work, rallylydnad och viltsp\u00e5r.<\/p>\n\n\n\n<ul class=\"wp-block-list\">\n<li>Kvalperioden \u00e4r 1 januari-31 december<\/li>\n\n\n\n<li>Po\u00e4ngber\u00e4kning g\u00f6rs av arbetsgruppen f\u00f6r \u00c5rets Corgi men datum f\u00f6r t\u00e4vlingar<br>som ska r\u00e4knas skickas in av t\u00e4vlande sj\u00e4lv via formul\u00e4r som publiceras p\u00e5 hemsidan.<\/li>\n\n\n\n<li>Det \u00e4r resultat i officiell t\u00e4vling i agility, bruks, freestyle\/heelwork to music, lydnad,<br>nose work, rallylydnad och viltsp\u00e5r som f\u00e5r tillgodor\u00e4knas.<\/li>\n\n\n\n<li>Resultat fr\u00e5n Svenska m\u00e4sterskap arrangerat av SBK, Agilityklubben, Svenska Nose<br>work klubben och Hundfreestyleklubben f\u00e5r tillgodor\u00e4knas.<\/li>\n\n\n\n<li>Resultat fr\u00e5n Ungdoms-SM i varje hundsport f\u00e5r r\u00e4knas till listan \u201c\u00e5rets<br>hundungdom\u201d<\/li>\n\n\n\n<li>De 10 b\u00e4sta hundarna med kvalificerande resultat vid officiell t\u00e4vling under det<br>g\u00e5ngna \u00e5ret kommer att finnas med p\u00e5 resultatlistan.<\/li>\n\n\n\n<li>Det sammanst\u00e4lls tv\u00e5 listor f\u00f6r varje gren, en f\u00f6r vardera ras.<\/li>\n\n\n\n<li>Den hund som blir 1:a p\u00e5 resultatlistan f\u00f6r respektive gren kommer att premieras<br>vid \u00e5rsm\u00f6tet.<\/li>\n\n\n\n<li>\u00c4gare till hund p\u00e5 resultatlistan m\u00e5ste vara medlem i SWCK vid t\u00e4vlings tillf\u00e4llet<br>och vid tiden f\u00f6r listans sammanst\u00e4llande. Vid del\u00e4garskap kr\u00e4vs det att minst en<br>\u00e4gare \u00e4r medlem i SWCK.<\/li>\n\n\n\n<li>Fr\u00e5gor skickas till styrelse@swck.org<br><br>F\u00f6r alla sporter utom viltsp\u00e5r g\u00e4ller f\u00f6ljande till\u00e4ggspo\u00e4ng om ekipaget kvalificerat sig till officiellt svenskt m\u00e4sterskap.<br>SM- kvalificerad 25 PO\u00c4NG<br>SM &#8211; final 50 PO\u00c4NG<br>SM-vinnare 200 PO\u00c4NG<\/li>\n<\/ul>\n\n\n\n<p><br><strong>RALLYLYDNAD<br><\/strong>Max 5 t\u00e4vlingsresultat r\u00e4knas.<br>. \u2022 F\u00f6r att en hund ska kunna vara med i utr\u00e4kningen av \u00c5rets rally corgi kr\u00e4vs det att hunden under \u00e5ret klarat ett kvalificerat resultat av en officiell rallylydnadst\u00e4vling<br>. \u2022 Max 5 t\u00e4vlingsresultat r\u00e4knas<\/p>\n\n\n\n<p>Skiljer\u00e4kning:<br>Om flera hundar vid slutr\u00e4kningen har samma po\u00e4ng, vinner den hund som har h\u00f6gst antal t\u00e4vlingspo\u00e4ng p\u00e5 de medr\u00e4knade t\u00e4vlingarna. Vid samma slutresultat d\u00e4r flera hundar har 7 st 100 p rundor i m\u00e4starklass koras den hund som \u00e4r yngst.<br>Ber\u00e4kningstabell&nbsp;<\/p>\n\n\n\n<figure class=\"wp-block-table\"><table><tbody><tr><td>Po\u00e4ng<\/td><td>Nyb\u00f6rjarklass<\/td><td>Forts\u00e4ttningsklass<\/td><td>Avancerad klass<\/td><td>M\u00e4starklass<\/td><\/tr><tr><td>0-69<\/td><td>1<\/td><td>1<\/td><td>1<\/td><td>1<\/td><\/tr><tr><td>70-74<\/td><td>5<\/td><td>1<\/td><td>1<\/td><td>1<\/td><\/tr><tr><td>75-79<\/td><td>6<\/td><td>10<\/td><td>1<\/td><td>1<\/td><\/tr><tr><td>80-89<\/td><td>7<\/td><td>11<\/td><td>15<\/td><td>1<\/td><\/tr><tr><td>90-99<\/td><td>8<\/td><td>12<\/td><td>16<\/td><td>20<\/td><\/tr><tr><td>100<\/td><td>10<\/td><td>15<\/td><td>20<\/td><td>30<\/td><\/tr><\/tbody><\/table><figcaption class=\"wp-element-caption\"><em>Ber\u00e4kningstabell rallylydnad<\/em><\/figcaption><\/figure>\n\n\n\n<p><\/p>\n\n\n\n<figure class=\"wp-block-table\"><table><tbody><tr><td>Nyb\u00f6rjarklass<\/td><td>6<\/td><\/tr><tr><td>Forts\u00e4ttningsklass<\/td><td>8<\/td><\/tr><tr><td>Avancerad Klass<\/td><td>10<\/td><\/tr><tr><td>Championat<\/td><td>15<\/td><\/tr><\/tbody><\/table><figcaption class=\"wp-element-caption\"><em>Till\u00e4ggspo\u00e4ng  rallylydnad<\/em><\/figcaption><\/figure>\n\n\n\n<p><br><strong>AGILITY\/HOPP<\/strong><br>Max 5 t\u00e4vlingsresultat r\u00e4knas (agility och\/eller hopp).<br>Om flera hundar vid slutr\u00e4kningen har samma po\u00e4ng, vinner den hund som har minst<br>antal fel p\u00e5 de medr\u00e4knade t\u00e4vlingarna.<br>Om flera hundar vid slutr\u00e4kningen har samma po\u00e4ng, vinner den hund som t\u00e4vlar i<br>den h\u00f6gsta klassen. Om hundarna t\u00e4vlar i samma klass vinner den hund som har<br>snabbast meter\/sekund p\u00e5 felfritt lopp.<\/p>\n\n\n\n<figure class=\"wp-block-table\"><table><tbody><tr><td><\/td><td>Felfritt lopp<\/td><td>1-10 fel<\/td><td>11-20 fel<\/td><td>20+fel\/disk<\/td><\/tr><tr><td>Klass 1<\/td><td>15<\/td><td>6<\/td><td>4<\/td><td>1<\/td><\/tr><tr><td>Klass 2<\/td><td>20<\/td><td>10<\/td><td>8<\/td><td>1<\/td><\/tr><tr><td>Klass 3<\/td><td>30<\/td><td>14<\/td><td>12<\/td><td>1<\/td><\/tr><\/tbody><\/table><figcaption class=\"wp-element-caption\"><em>Ber\u00e4kningstabell agility<\/em><\/figcaption><\/figure>\n\n\n\n<p><br><\/p>\n\n\n\n<figure class=\"wp-block-table\"><table><tbody><tr><td>Pinne klass 1<\/td><td>6 po\u00e4ng<\/td><\/tr><tr><td>Pinne klass 2<\/td><td>8 po\u00e4ng<\/td><\/tr><tr><td>SM-pinne<\/td><td>10 po\u00e4ng<\/td><\/tr><tr><td>SE AgCh \/ SE Ag(hopp)Ch<\/td><td>15 po\u00e4ng<\/td><\/tr><\/tbody><\/table><figcaption class=\"wp-element-caption\"><em>Till\u00e4ggspo\u00e4ng agility<\/em><br><\/figcaption><\/figure>\n\n\n\n<p><strong>NOSE WORK<br><\/strong>Max 5 t\u00e4vlingsresultat (TSM och\/eller TEM) r\u00e4knas.<br>Om flera hundar vid slutr\u00e4kningen har samma po\u00e4ng, vinner den hund som har h\u00f6gst<br>antal t\u00e4vlingspo\u00e4ng p\u00e5 de medr\u00e4knade t\u00e4vlingarna.<\/p>\n\n\n\n<figure class=\"wp-block-table\"><table><tbody><tr><td colspan=\"4\">Godk\u00e4nt doftprov oavsett doft&nbsp;<\/td><td colspan=\"2\">5 po\u00e4ng<\/td><\/tr><tr><td colspan=\"4\">SSE<\/td><td colspan=\"2\">2 po\u00e4ng<\/td><\/tr><tr><td><\/td><td>100 p m diplom<\/td><td>76-100 p<\/td><td>51-75 p<\/td><td>26 -50 p<\/td><td>0-25 p<\/td><\/tr><tr><td>NW 1<\/td><td>10<\/td><td>4<\/td><td>3<\/td><td>2<\/td><td>1<\/td><\/tr><tr><td>NW 2<\/td><td>15<\/td><td>5<\/td><td>4<\/td><td>3<\/td><td>2<\/td><\/tr><tr><td>NW 3<\/td><td>20<\/td><td>6<\/td><td>5<\/td><td>4<\/td><td>3<\/td><\/tr><tr><td>NW Elit<\/td><td>30<\/td><td>7<\/td><td>6<\/td><td>5<\/td><td>4<\/td><\/tr><\/tbody><\/table><figcaption class=\"wp-element-caption\"><em>Ber\u00e4kningstabell nosework<\/em><\/figcaption><\/figure>\n\n\n\n<p><br><\/p>\n\n\n\n<figure class=\"wp-block-table\"><table><tbody><tr><td>NW 1<\/td><td>6<\/td><\/tr><tr><td>NW 2<\/td><td>8<\/td><\/tr><tr><td>NW 3<\/td><td>10<\/td><\/tr><tr><td>Championat<\/td><td>15&nbsp;<\/td><\/tr><\/tbody><\/table><figcaption class=\"wp-element-caption\"><em>Till\u00e4ggspo\u00e4ng nosework<\/em><\/figcaption><\/figure>\n\n\n\n<p><br><br><br><strong>LYDNAD<\/strong><br>Max 5 t\u00e4vlingsresultat r\u00e4knas.<br>Om flera hundar vid slutr\u00e4kningen har samma po\u00e4ng, vinner den hund som har h\u00f6gst<br>antal t\u00e4vlingspo\u00e4ng p\u00e5 de medr\u00e4knade t\u00e4vlingarna.<br>Ber\u00e4kningstabell<\/p>\n\n\n\n<figure class=\"wp-block-table\"><table><tbody><tr><td><\/td><td>1:a pris<\/td><td>2:a pris<\/td><td>3:e pris<\/td><\/tr><tr><td>STARTKLASS<\/td><td>10<\/td><td>2<\/td><td>1<\/td><\/tr><tr><td>KLASS 1<\/td><td>15<\/td><td>5<\/td><td>2<\/td><\/tr><tr><td>KLASS 2<\/td><td>20<\/td><td>7<\/td><td>3<\/td><\/tr><tr><td>KLASS 3<\/td><td>30<\/td><td>10<\/td><td>5<\/td><\/tr><\/tbody><\/table><figcaption class=\"wp-element-caption\"><em>Ber\u00e4kningstabell lydnad<\/em><\/figcaption><\/figure>\n\n\n\n<p><br>Till\u00e4gg f\u00f6r diplom\/championat<br>LD startklass                                                           6 po\u00e4ng<br>LD 1                                                                          8 po\u00e4ng<br>LD 2                                                                         10 po\u00e4ng<br>Championat                                                           15 po\u00e4ng<\/p>\n\n\n\n<p><\/p>\n\n\n\n<p><strong>FREESTYLE \/ \/HTM<\/strong><br>Max 5 t\u00e4vlingsresultat r\u00e4knas. (Freestyle och\/eller HtM)<br>Om flera hundar vid slutr\u00e4kningen har samma po\u00e4ng, vinner den hund som har h\u00f6gst<br>antal t\u00e4vlingspo\u00e4ng p\u00e5 de medr\u00e4knade t\u00e4vlingarna.<\/p>\n\n\n\n<figure class=\"wp-block-table\"><table><tbody><tr><td><\/td><td>Klass 1<\/td><td>Klass 2<\/td><td>Klass 3<\/td><\/tr><tr><td>0-22 p<\/td><td>1<\/td><td>1<\/td><td>2<\/td><\/tr><tr><td>22,01-25<\/td><td>2<br>3 vid uppflytt<\/td><td>3<br>4 vid uppflytt<\/td><td>4<\/td><\/tr><tr><td>25,01-30<\/td><td>3<br>4 vid uppflytt<\/td><td>4<br>5 vid uppflytt<\/td><td>5<\/td><\/tr><\/tbody><\/table><figcaption class=\"wp-element-caption\"><em>Ber\u00e4kningstabell freestyle\/HtM<\/em><\/figcaption><\/figure>\n\n\n\n<p><br>Till\u00e4ggspo\u00e4ng<br>Certpo\u00e4ng elitklass                                                   19 po\u00e4ng<br>Certifikat                                                                     20 po\u00e4ng<br>Championat                                                               25 po\u00e4ng<\/p>\n\n\n\n<p><br><strong>VILTSP\u00c5R<\/strong><br>F\u00f6r att kvalificera sig g\u00e4ller f\u00f6ljande:<br>. \u2022 F\u00f6r att en hund ska kunna vara med i utr\u00e4kningen av \u00c5rets Viltsp\u00e5rscorgi kr\u00e4vs det att hunden under \u00e5ret tagit minst ett f\u00f6rstapris i viltsp\u00e5r<br>\u2022 F\u00f6r att kunna r\u00e4kna in ett prov m\u00e5ste hundens \u00e4gare ha varit medlem i SWCK vid den tiden d\u00e5 provet gicks&nbsp;<\/p>\n\n\n\n<p>Utr\u00e4kning av po\u00e4ng sker enligt f\u00f6ljande skala:&nbsp;<\/p>\n\n\n\n<figure class=\"wp-block-table\"><table><tbody><tr><td>Godk\u00e4nd anlagsklass<\/td><td>15 po\u00e4ng<\/td><\/tr><tr><td>3:a i \u00f6ppenklass<\/td><td>10 po\u00e4ng<\/td><\/tr><tr><td>2:a i \u00f6ppenklass<\/td><td>20 po\u00e4ng<\/td><\/tr><tr><td>1:a i \u00f6ppenklassen<\/td><td>40 po\u00e4ng<\/td><\/tr><tr><td>Viltsp\u00e5rschampionat<\/td><td>10 po\u00e4ng<\/td><\/tr><\/tbody><\/table><\/figure>\n\n\n\n<p>Skiljer\u00e4kning:<br>Erh\u00e5ller tv\u00e5 eller flera hundar samma po\u00e4ng skall den hund som erh\u00e5llit h\u00f6gsta medelpo\u00e4ng erh\u00e5lla priset. Vid framr\u00e4knande av medelpo\u00e4ngen sammanr\u00e4knas alla viltsp\u00e5rprov som hunden g\u00e5tt under \u00e5ret utom ev. anlagsprov. Skulle \u00e4ven hundarnas medelpo\u00e4ng vara lika tillfaller priset den hund som var yngst vid det sista provtillf\u00e4llet som genererade po\u00e4ng, i steg 1, innan skiljer\u00e4kning.<\/p>\n\n\n\n<p><br><br><strong>BRUKS<\/strong><br>Max 5 t\u00e4vlingsresultat r\u00e4knas.<br>Om flera hundar vid slutr\u00e4kningen har samma po\u00e4ng, vinner den hund som har h\u00f6gst<br>antal t\u00e4vlingspo\u00e4ng p\u00e5 de medr\u00e4knade t\u00e4vlingarna.<br>Ber\u00e4kningstabell :<br>Godk\u00e4nd appellklass                                                 4 po\u00e4ng<br>Uppflyttning fr\u00e5n appellklass                                   5 po\u00e4ng<br>Godk\u00e4nd l\u00e4gre klass                                                  8 po\u00e4ng<br>Uppflyttning fr\u00e5n l\u00e4gre klass                                  10 po\u00e4ng<br>Godk\u00e4nd h\u00f6gre klass                                               13 po\u00e4ng<br>Uppflyttning fr\u00e5n h\u00f6gre klass                                 15 po\u00e4ng<br>Godk\u00e4nd elitklass                                                     18 po\u00e4ng<br>Certpo\u00e4ng elitklass                                                   19 po\u00e4ng<br>Certifikat elitklass                                                     20 po\u00e4ng<br>Brukschampionat                                                     25 po\u00e4ng<br><\/p>\n","protected":false},"excerpt":{"rendered":"<p>\u00c5rets corgi listor 2025 r\u00e4knas efter f\u00f6ljande regler: Regler \u00c5rets Corgi \u2013 Utst\u00e4llning\u00a0 Regler \u00c5rets Corgi \u2013 Hundsporter Regler \u00c5rets hundungdom&nbsp; T\u00c4VLINGSREGLER F\u00d6R SWCKS \u00c5RLIGA TOPPLISTA F\u00d6RUTST\u00c4LLNINGFastst\u00e4lld vid styrelsem\u00f6te 2025-03-03 &#8230;<\/p>\n","protected":false},"author":1,"featured_media":0,"parent":406,"menu_order":0,"comment_status":"closed","ping_status":"closed","template":"","meta":{"footnotes":""},"class_list":["post-2068","page","type-page","status-publish","hentry"],"_links":{"self":[{"href":"https:\/\/swck.org\/wop\/wordpress\/index.php?rest_route=\/wp\/v2\/pages\/2068","targetHints":{"allow":["GET"]}}],"collection":[{"href":"https:\/\/swck.org\/wop\/wordpress\/index.php?rest_route=\/wp\/v2\/pages"}],"about":[{"href":"https:\/\/swck.org\/wop\/wordpress\/index.php?rest_route=\/wp\/v2\/types\/page"}],"author":[{"embeddable":true,"href":"https:\/\/swck.org\/wop\/wordpress\/index.php?rest_route=\/wp\/v2\/users\/1"}],"replies":[{"embeddable":true,"href":"https:\/\/swck.org\/wop\/wordpress\/index.php?rest_route=%2Fwp%2Fv2%2Fcomments&post=2068"}],"version-history":[{"count":16,"href":"https:\/\/swck.org\/wop\/wordpress\/index.php?rest_route=\/wp\/v2\/pages\/2068\/revisions"}],"predecessor-version":[{"id":5637,"href":"https:\/\/swck.org\/wop\/wordpress\/index.php?rest_route=\/wp\/v2\/pages\/2068\/revisions\/5637"}],"up":[{"embeddable":true,"href":"https:\/\/swck.org\/wop\/wordpress\/index.php?rest_route=\/wp\/v2\/pages\/406"}],"wp:attachment":[{"href":"https:\/\/swck.org\/wop\/wordpress\/index.php?rest_route=%2Fwp%2Fv2%2Fmedia&parent=2068"}],"curies":[{"name":"wp","href":"https:\/\/api.w.org\/{rel}","templated":true}]}}