{"id":2042,"date":"2018-10-24T19:11:32","date_gmt":"2018-10-24T19:11:32","guid":{"rendered":"http:\/\/swck.org\/wop\/wordpress\/?page_id=2042"},"modified":"2025-11-05T07:48:40","modified_gmt":"2025-11-05T07:48:40","slug":"kontakt","status":"publish","type":"page","link":"https:\/\/swck.org\/wop\/wordpress\/?page_id=2042","title":{"rendered":"Styrelse"},"content":{"rendered":"\n<figure class=\"wp-block-table\"><table><tbody><tr><td><strong>Tj\u00e4nstg\u00f6rande<\/strong><\/td><td>&nbsp;<\/td><td>E-post:<\/td><\/tr><tr><td><strong>Mail till hela styrelsen:<\/strong><\/td><td>&nbsp;<\/td><td>&nbsp;<a href=\"mailto:styrelse@swck.org\">styrelse@swck.org<\/a><\/td><\/tr><tr><td>Ordf\u00f6rande<\/td><td>Jennica Skoglund<\/td><td><a href=\"mailto:ordforande@swck.org\">ordforande@swck.org<\/a><\/td><\/tr><tr><td>Sekreterare<\/td><td>Sofia Berg<\/td><td><a href=\"mailto:sekreterare@swck.org\">sekreterare@swck.org<\/a><\/td><\/tr><tr><td>Kass\u00f6r<\/td><td>Victoria Jansson (fd. Axelsson)<\/td><td><a href=\"mailto:kassor@swck.org\">kassor@swck.org<\/a><\/td><\/tr><tr><td>Vice ordf\u00f6rande<\/td><td>Eva Granlund<\/td><td>&nbsp;<\/td><\/tr><tr><td>Ordinarie ledamot<\/td><td>Eva Sahlin<\/td><td>&nbsp;<\/td><\/tr><tr><td>Ordinarie ledamot<\/td><td>Michaela S\u00f6derstr\u00f6m<\/td><td>&nbsp;<\/td><\/tr><tr><td>Ordinarie ledamot<\/td><td>Louise Karlsson<\/td><td>&nbsp;<\/td><\/tr><tr><td>Suppleant 1<\/td><td>Anna-mia Jonsson<\/td><td>&nbsp;<\/td><\/tr><tr><td>Suppleant 2<\/td><td>Daria Lewandowska<\/td><td>&nbsp;<\/td><\/tr><tr><td><\/td><td><\/td><td><\/td><\/tr><tr><td><strong>Revisorer<\/strong><\/td><td>&nbsp;<\/td><td>&nbsp;<\/td><\/tr><tr><td>Ordinarie revisorer 1 \u00e5r:<\/td><td>Frida Lundqvist<\/td><td><a href=\"mailto:revisor@swck.org\">revisor@swck.org<\/a><\/td><\/tr><tr><td>&nbsp;<\/td><td>Kristina Sporre<\/td><td>&nbsp;<\/td><\/tr><tr><td>Revisorssuppleanter 1 \u00e5r:<\/td><td>Ulla Therman<\/td><td>&nbsp;<\/td><\/tr><tr><td>&nbsp;<\/td><td>Malin Eriksson<\/td><td>&nbsp;<\/td><\/tr><tr><td><strong>Valberedning<\/strong><\/td><td>&nbsp;<\/td><td><a href=\"mailto:valberedning@swck.org\">valberedning@swck.org<\/a><\/td><\/tr><tr><td>Sammankallande<\/td><td>Carina Sandell Widin<\/td><td>&nbsp;<\/td><\/tr><tr><td>Ledamot<\/td><td>Helene Henriksson<\/td><td>&nbsp;<\/td><\/tr><tr><td>Ledamot&nbsp;<\/td><td>Mia Br\u00e5ve<\/td><td>&nbsp;<\/td><\/tr><tr><td><strong>Materialansvarig<\/strong><\/td><td>Jennica skoglund<\/td><td>&nbsp;<\/td><\/tr><\/tbody><\/table><\/figure>\n\n\n\n<hr class=\"wp-block-separator has-alpha-channel-opacity\"\/>\n\n\n\n<p><strong>Kommitt\u00e9er i Svenska Welsh corgiklubben<\/strong><br>Styrelsen och \u00f6vriga funktion\u00e4rer arbetar helt ideellt och efter denna befattningsbeskrivning som fastst\u00e4lldes av styrelsen 2024-04-07<br><a href=\"https:\/\/swck.org\/wop\/wordpress\/wp-content\/uploads\/2024\/05\/Befattningsbeskrivningar-funktionarer-SVENSKA-WELSH-CORGI-KLUBBEN-.pdf\" data-type=\"link\" data-id=\"https:\/\/swck.org\/wop\/wordpress\/wp-content\/uploads\/2024\/05\/Befattningsbeskrivningar-funktionarer-SVENSKA-WELSH-CORGI-KLUBBEN-.pdf\" target=\"_blank\" rel=\"noreferrer noopener\">Befattningsbeskrivning f\u00f6r funktion\u00e4rer i SWCK <\/a> <br><br><br><strong>Avelskommitt\u00e9 Welsh Corgi&nbsp;Cardigan<\/strong> &#8211; <a href=\"mailto:cardigan@swck.org\" target=\"_blank\" rel=\"noreferrer noopener\">cardigan@swck.org<\/a><br>Sofia Berg &#8211; sammankallande<br>Eva Sahlin <br>Janneke Plomp<br><strong><br>Avelskommitt\u00e9 Welsh Corgi Pembroke<\/strong>&#8211; <a href=\"mailto:pembroke@swck.org\" target=\"_blank\" rel=\"noreferrer noopener\">pembroke@swck.org<\/a> <br>Eva Granlund &#8211; sammankallande<br>M\u00e4rta Brandts<br>Jennica Skoglund<\/p>\n\n\n\n<p><strong>Utst\u00e4llningskommitt\u00e9:&nbsp;<\/strong><a href=\"mailto:utstallning@swck.org\">utstallning@swck.org<\/a><br>Jennica Skoglund- sammankallande<br>M\u00e4rta Brandts<br>Mikaela Edvinsson<br>Louise Karlsson<\/p>\n\n\n\n<p><strong>Hundsports kommitt\u00e9n: <\/strong><a href=\"mailto:rallylydnad@swck.org\">rallylydnad@swck.org<\/a><br>Michaela S\u00f6derstr\u00f6m &#8211; sammankallande<br>Anna-Mia Jonsson<br>Petra Wikstr\u00f6m<\/p>\n\n\n\n<p><strong>Vallningskommitt\u00e9<\/strong>: <a href=\"mailto:vallning@swck.org\">vallning@swck.org<\/a><br>Victoria Jansson &#8211; sammankallande<br>Cor van der Beek<br>Janneke Plomp<br>Sara Rosenkvist<\/p>\n\n\n\n<p><strong>Regionombudsansvarig: <\/strong><a href=\"mailto:styrelse@swck.org\">styrelse@swck.org<\/a><br>Eva Sahlin-sammankallande <br>Anna-mia Jonsson<\/p>\n\n\n\n<p><strong>Medlemskommitt\u00e9<\/strong><br>Daria Lewandowska<\/p>\n\n\n\n<p><strong>Redaktion&nbsp;Welsh Corgi Prat:&nbsp;<\/strong><a href=\"mailto:redaktor@swck.org\">redaktor@swck.org<\/a><br>Louise Karlsson &#8211; sammankallande<\/p>\n\n\n\n<p><strong>Webbansvarig:<\/strong><br>Jennica Skoglund, <a href=\"mailto:ordforande@swck.org\">ordforande@swck.org<\/a><\/p>\n\n\n<div class=\"wp-block-image\">\n<figure class=\"aligncenter size-large is-resized\"><a href=\"https:\/\/swck.org\/wop\/wordpress\/wp-content\/uploads\/2025\/04\/487202748_678355441334111_7513774954424964197_n.jpg\"><img loading=\"lazy\" decoding=\"async\" width=\"1024\" height=\"768\" src=\"https:\/\/swck.org\/wop\/wordpress\/wp-content\/uploads\/2025\/04\/487202748_678355441334111_7513774954424964197_n-1024x768.jpg\" alt=\"\" class=\"wp-image-4922\" style=\"width:448px;height:auto\" srcset=\"https:\/\/swck.org\/wop\/wordpress\/wp-content\/uploads\/2025\/04\/487202748_678355441334111_7513774954424964197_n-1024x768.jpg 1024w, https:\/\/swck.org\/wop\/wordpress\/wp-content\/uploads\/2025\/04\/487202748_678355441334111_7513774954424964197_n-300x225.jpg 300w, https:\/\/swck.org\/wop\/wordpress\/wp-content\/uploads\/2025\/04\/487202748_678355441334111_7513774954424964197_n-768x576.jpg 768w, https:\/\/swck.org\/wop\/wordpress\/wp-content\/uploads\/2025\/04\/487202748_678355441334111_7513774954424964197_n-1536x1152.jpg 1536w, https:\/\/swck.org\/wop\/wordpress\/wp-content\/uploads\/2025\/04\/487202748_678355441334111_7513774954424964197_n.jpg 2048w\" sizes=\"auto, (max-width: 1024px) 100vw, 1024px\" \/><\/a><figcaption class=\"wp-element-caption\">Nyvald styrelsem\u00f6te p\u00e5 \u00e5rsm\u00f6tet 2025<br>Fr\u00e5n v\u00e4nster: Eva Sahlin, Victoria Jansson, Eva Granlund, Jennica Skoglund, Michaela S\u00f6derstr\u00f6m, Anna-Mia Jonsson, Sofia Berg och Louise Karlsson. Fattas g\u00f6r Daria Lewandowska<\/figcaption><\/figure>\n<\/div>","protected":false},"excerpt":{"rendered":"<p>Tj\u00e4nstg\u00f6rande &nbsp; E-post: Mail till hela styrelsen: &nbsp; &nbsp;styrelse@swck.org Ordf\u00f6rande Jennica Skoglund ordforande@swck.org Sekreterare Sofia Berg sekreterare@swck.org Kass\u00f6r Victoria Jansson (fd. Axelsson) kassor@swck.org Vice ordf\u00f6rande Eva Granlund &nbsp; Ordinarie ledamot &#8230;<\/p>\n","protected":false},"author":1,"featured_media":0,"parent":23,"menu_order":0,"comment_status":"closed","ping_status":"closed","template":"","meta":{"footnotes":""},"class_list":["post-2042","page","type-page","status-publish","hentry"],"_links":{"self":[{"href":"https:\/\/swck.org\/wop\/wordpress\/index.php?rest_route=\/wp\/v2\/pages\/2042","targetHints":{"allow":["GET"]}}],"collection":[{"href":"https:\/\/swck.org\/wop\/wordpress\/index.php?rest_route=\/wp\/v2\/pages"}],"about":[{"href":"https:\/\/swck.org\/wop\/wordpress\/index.php?rest_route=\/wp\/v2\/types\/page"}],"author":[{"embeddable":true,"href":"https:\/\/swck.org\/wop\/wordpress\/index.php?rest_route=\/wp\/v2\/users\/1"}],"replies":[{"embeddable":true,"href":"https:\/\/swck.org\/wop\/wordpress\/index.php?rest_route=%2Fwp%2Fv2%2Fcomments&post=2042"}],"version-history":[{"count":34,"href":"https:\/\/swck.org\/wop\/wordpress\/index.php?rest_route=\/wp\/v2\/pages\/2042\/revisions"}],"predecessor-version":[{"id":5396,"href":"https:\/\/swck.org\/wop\/wordpress\/index.php?rest_route=\/wp\/v2\/pages\/2042\/revisions\/5396"}],"up":[{"embeddable":true,"href":"https:\/\/swck.org\/wop\/wordpress\/index.php?rest_route=\/wp\/v2\/pages\/23"}],"wp:attachment":[{"href":"https:\/\/swck.org\/wop\/wordpress\/index.php?rest_route=%2Fwp%2Fv2%2Fmedia&parent=2042"}],"curies":[{"name":"wp","href":"https:\/\/api.w.org\/{rel}","templated":true}]}}