{"id":168,"date":"2015-03-04T07:30:57","date_gmt":"2015-03-04T07:30:57","guid":{"rendered":"http:\/\/swck.org\/wop\/wordpress\/?page_id=168"},"modified":"2026-03-23T09:30:32","modified_gmt":"2026-03-23T09:30:32","slug":"medlemssidan","status":"publish","type":"page","link":"https:\/\/swck.org\/wop\/wordpress\/?page_id=168","title":{"rendered":"M\u00f6tesprotokoll"},"content":{"rendered":"<p style=\"text-align: left;\"><span style=\"font-family: georgia, palatino, serif; font-size: 10pt;\">H\u00e4r finner du styrelsem\u00f6tesprotokoll, \u00e5rsm\u00f6teshandlingar, \u00e5rsm\u00f6tesprotokoll mm.<br \/>\nF\u00f6r beg\u00e4ran av tidigare protokoll\/handlingar kontakta klubben.<\/span><\/p>\n<table class=\" alignleft\" style=\"height: 1097px;\" width=\"839\">\n<tbody>\n<tr>\n<td><span style=\"font-size: 10pt; font-family: georgia, palatino, serif;\"><strong>Styrelsem\u00f6tesprotokoll<\/strong><\/span><\/td>\n<td><\/td>\n<\/tr>\n<tr>\n<td><span style=\"font-size: 10pt; font-family: georgia, palatino, serif;\"><strong>2026<\/strong><\/span><\/td>\n<td><\/td>\n<\/tr>\n<tr>\n<td><span style=\"font-size: 10pt; font-family: georgia, palatino, serif;\">Protokoll nr 1 &#8211; <a href=\"https:\/\/swck.org\/wop\/wordpress\/wp-content\/uploads\/2026\/01\/protokoll-260108.pdf\" target=\"_blank\" rel=\"noopener\">260108<\/a><\/span><\/td>\n<td><span style=\"font-family: georgia, palatino, serif;\">Konstituerande 260329<\/span><\/td>\n<\/tr>\n<tr>\n<td><span style=\"font-size: 10pt; font-family: georgia, palatino, serif;\">Styrelsem\u00f6te nr 2- <a href=\"https:\/\/swck.org\/wop\/wordpress\/wp-content\/uploads\/2026\/03\/Protokoll-260219.pdf\" target=\"_blank\" rel=\"noopener\">260219<\/a><\/span><\/td>\n<td><\/td>\n<\/tr>\n<tr>\n<td><span style=\"font-size: 10pt; font-family: georgia, palatino, serif;\">Styrelsem\u00f6te nr 2- <a href=\"https:\/\/swck.org\/wop\/wordpress\/wp-content\/uploads\/2026\/03\/Protokoll-260319.pdf\" target=\"_blank\" rel=\"noopener\">260319<\/a><\/span><\/td>\n<td><\/td>\n<\/tr>\n<tr>\n<td><span style=\"font-size: 10pt; font-family: georgia, palatino, serif;\">\u00c5rsm\u00f6te &#8211; 260329<\/span><\/td>\n<td><\/td>\n<\/tr>\n<tr>\n<td><\/td>\n<td><\/td>\n<\/tr>\n<tr>\n<td><span style=\"font-size: 10pt; font-family: georgia, palatino, serif;\"><strong>2025<\/strong><\/span><\/td>\n<td><\/td>\n<\/tr>\n<tr>\n<td><span style=\"font-size: 10pt; font-family: georgia, palatino, serif;\">Protokoll nr 1 &#8211; <a href=\"https:\/\/swck.org\/wop\/wordpress\/wp-content\/uploads\/2025\/03\/Protokoll-250116-1.pdf\" target=\"_blank\" rel=\"noopener\">250116<\/a><\/span><\/td>\n<td><span style=\"font-size: 10pt; font-family: georgia, palatino, serif;\">Protokoll nr 7 &#8211; <a href=\"https:\/\/swck.org\/wop\/wordpress\/wp-content\/uploads\/2025\/08\/Protokoll-250513.pdf\" target=\"_blank\" rel=\"noopener\">250513<\/a><\/span><\/td>\n<\/tr>\n<tr>\n<td><span style=\"font-size: 10pt; font-family: georgia, palatino, serif;\">Protokoll nr 2 &#8211; <a href=\"https:\/\/swck.org\/wop\/wordpress\/wp-content\/uploads\/2025\/03\/Protokoll-250303.pdf\" target=\"_blank\" rel=\"noopener\">250303<\/a><\/span><\/td>\n<td><span style=\"font-size: 10pt; font-family: georgia, palatino, serif;\">Protokoll nr 8 &#8211; <a href=\"https:\/\/swck.org\/wop\/wordpress\/wp-content\/uploads\/2025\/08\/Styrelsemote-20250624-1.pdf\" target=\"_blank\" rel=\"noopener\">250624<\/a><\/span><\/td>\n<\/tr>\n<tr>\n<td><span style=\"font-size: 10pt; font-family: georgia, palatino, serif;\">Protokoll nr 3 &#8211; <a href=\"https:\/\/swck.org\/wop\/wordpress\/wp-content\/uploads\/2025\/04\/Protokoll-250323.pdf\" target=\"_blank\" rel=\"noopener\">250323<\/a><\/span><\/td>\n<td><span style=\"font-size: 10pt; font-family: georgia, palatino, serif;\">Protokoll nr 9 &#8211; <a href=\"https:\/\/swck.org\/wop\/wordpress\/wp-content\/uploads\/2025\/08\/protokoll-250805.pdf\" target=\"_blank\" rel=\"noopener\">250804<\/a><\/span><\/td>\n<\/tr>\n<tr>\n<td><span style=\"font-size: 10pt; font-family: georgia, palatino, serif;\">Protokoll nr 4 &#8211; <a href=\"https:\/\/swck.org\/wop\/wordpress\/wp-content\/uploads\/2025\/08\/Arsmotesprotokoll-swck.pdf\" target=\"_blank\" rel=\"noopener\">\u00c5rsm\u00f6te 250330<\/a><\/span><\/td>\n<td><span style=\"font-size: 10pt; font-family: georgia, palatino, serif;\">Protokoll nr 10- <a href=\"https:\/\/swck.org\/wop\/wordpress\/wp-content\/uploads\/2025\/11\/Protokoll-250902.pdf?fbclid=IwY2xjawOMJ0BleHRuA2FlbQIxMABicmlkETFid1FGY1VmNGNKQmNBS0drc3J0YwZhcHBfaWQQMjIyMDM5MTc4ODIwMDg5MgABHsXcVqs0DiA7YSdAYpschWnc7lImme5Yt5q-tVFSc-NzApmtOsZSd7HKOlwF_aem_vnPlNlAnWMIN-aWqjJbk7g\" target=\"_blank\" rel=\"noopener\">250902<\/a><\/span><\/td>\n<\/tr>\n<tr>\n<td><span style=\"font-size: 10pt; font-family: georgia, palatino, serif;\">Protokoll nr 5 &#8211; <a href=\"https:\/\/swck.org\/wop\/wordpress\/wp-content\/uploads\/2025\/04\/konstituerande-250330.pdf\" target=\"_blank\" rel=\"noopener\">Konstituerande<\/a><\/span><\/td>\n<td><span style=\"font-size: 10pt; font-family: georgia, palatino, serif;\">Protokoll nr 11- <a href=\"https:\/\/l.facebook.com\/l.php?u=https%3A%2F%2Fswck.org%2Fwop%2Fwordpress%2Fwp-content%2Fuploads%2F2025%2F11%2Fprotokoll-251023.pdf%3Ffbclid%3DIwZXh0bgNhZW0CMTAAYnJpZBExYndRRmNVZjRjSkJjQUtHa3NydGMGYXBwX2lkEDIyMjAzOTE3ODgyMDA4OTIAAR5hEfLEf6RV1kZkpev-k1JEu3tjNZevtkiAemugQCKpDyDM_8stGVN5YkoK4g_aem_-iEAFkE9d0oLoE0ClSZ5PQ&amp;h=AT0OrdNoGgGkNtgxyMu6-HynyqclqDD91pl1QFYU1yO3kO99dRIxF519uDRtETnHlMTjWkNX8cW9u3Ovm5Alha3BGUkhCtzhTvObA2Uy2L4G81aGDlRbA9beAB6yMEtehtK9XTz4_fI6jro8lpY\" target=\"_blank\" rel=\"noopener\">251023<\/a><\/span><\/td>\n<\/tr>\n<tr>\n<td><span style=\"font-size: 10pt; font-family: georgia, palatino, serif;\">Protokoll nr 6 &#8211; <a href=\"https:\/\/swck.org\/wop\/wordpress\/wp-content\/uploads\/2025\/08\/Protokoll-250413.pdf\" target=\"_blank\" rel=\"noopener\">250413<\/a><\/span><\/td>\n<td><span style=\"font-size: 10pt; font-family: georgia, palatino, serif;\">Protokoll nr 12- <a href=\"https:\/\/swck.org\/wop\/wordpress\/wp-content\/uploads\/2026\/01\/Protokoll-251120.pdf\" target=\"_blank\" rel=\"noopener\">251120<\/a><\/span><\/td>\n<\/tr>\n<tr>\n<td><\/td>\n<td><\/td>\n<\/tr>\n<tr>\n<td><span style=\"font-family: georgia, palatino, serif; font-size: 10pt;\"><strong>2024<\/strong><\/span><\/td>\n<td><\/td>\n<\/tr>\n<tr>\n<td><span style=\"font-size: 10pt; font-family: georgia, palatino, serif;\"><a href=\"https:\/\/swck.org\/wop\/wordpress\/wp-content\/uploads\/2024\/01\/protokoll-240118signerat.pdf\" target=\"_blank\" rel=\"noopener\">Protokoll nr 1 240118<\/a> + <a href=\"https:\/\/swck.org\/wop\/wordpress\/wp-content\/uploads\/2024\/01\/Skrivelse-fran-Sv-Welsh-Corgi-Klubben-till-AK.pdf\"><span style=\"font-size: 10pt; font-family: georgia, palatino, serif;\">bilaga<\/span><\/a><\/span><\/td>\n<td><a href=\"https:\/\/swck.org\/wop\/wordpress\/wp-content\/uploads\/2024\/06\/Protokoll-240516.pdf\"><span style=\"font-size: 10pt; font-family: georgia, palatino, serif;\">Protokoll nr 7 &#8211; 240516<\/span><\/a><\/td>\n<\/tr>\n<tr>\n<td><span style=\"font-size: 10pt; font-family: georgia, palatino, serif;\"><a href=\"https:\/\/swck.org\/wop\/wordpress\/wp-content\/uploads\/2024\/03\/protokoll-240229.pdf\" target=\"_blank\" rel=\"noopener\">Protokoll nr 2 &#8211; 240229<\/a><\/span><\/td>\n<td><a href=\"https:\/\/swck.org\/wop\/wordpress\/wp-content\/uploads\/2024\/11\/Protokoll-240808.pdf\" target=\"_blank\" rel=\"noopener\"><span style=\"font-family: georgia, palatino, serif;\"><span style=\"font-size: 13.3333px;\">Protokoll nr 8 &#8211; 240808<\/span><\/span><\/a><\/td>\n<\/tr>\n<tr>\n<td><span style=\"font-size: 10pt; font-family: georgia, palatino, serif;\"><a href=\"https:\/\/swck.org\/wop\/wordpress\/wp-content\/uploads\/2024\/03\/protokoll-240314.pdf\" target=\"_blank\" rel=\"noopener\">Protokoll nr 3 &#8211; 240314<\/a><\/span><\/td>\n<td><a href=\"https:\/\/swck.org\/wop\/wordpress\/wp-content\/uploads\/2024\/11\/Protokoll-240918.pdf\" target=\"_blank\" rel=\"noopener\"><span style=\"font-family: georgia, palatino, serif;\">Protokoll nr 9 &#8211; 240919<\/span><\/a><\/td>\n<\/tr>\n<tr>\n<td><a href=\"https:\/\/swck.org\/wop\/wordpress\/wp-content\/uploads\/2024\/05\/Arsmotesprotokoll-2024-signerat.pdf\" target=\"_blank\" rel=\"noopener\"><span style=\"font-size: 10pt; font-family: georgia, palatino, serif;\">Protokoll nr 4- \u00c5RSM\u00d6TESPROTOKOLL<\/span><\/a><\/td>\n<td><a href=\"https:\/\/swck.org\/wop\/wordpress\/wp-content\/uploads\/2025\/01\/Protokoll-241024.pdf\" target=\"_blank\" rel=\"noopener\"><span style=\"font-family: georgia, palatino, serif;\">Protokoll nr 10 &#8211; 241024<\/span><\/a><\/td>\n<\/tr>\n<tr>\n<td><span style=\"font-size: 10pt; font-family: georgia, palatino, serif;\"><a href=\"https:\/\/swck.org\/wop\/wordpress\/wp-content\/uploads\/2024\/05\/Konstituerande-mote-240323.pdf\" target=\"_blank\" rel=\"noopener\">Protokoll nr 5 &#8211; konstituerande<\/a><\/span><\/td>\n<td><a href=\"https:\/\/swck.org\/wop\/wordpress\/wp-content\/uploads\/2025\/01\/Protokoll-241205.pdf\" target=\"_blank\" rel=\"noopener\"><span style=\"font-family: georgia, palatino, serif;\">Protokoll nr 11 &#8211; 241205<\/span><\/a><\/td>\n<\/tr>\n<tr>\n<td><span style=\"font-size: 10pt; font-family: georgia, palatino, serif;\"><a href=\"https:\/\/swck.org\/wop\/wordpress\/wp-content\/uploads\/2024\/05\/Protokoll-240407.pdf\" target=\"_blank\" rel=\"noopener\">Protokoll nr 6 &#8211; 240407<\/a><\/span><\/td>\n<td><\/td>\n<\/tr>\n<tr>\n<td><strong><span style=\"font-family: georgia, palatino, serif; font-size: 10pt;\">2023<\/span><\/strong><\/td>\n<td><\/td>\n<\/tr>\n<tr>\n<td><span style=\"font-size: 10pt; font-family: georgia, palatino, serif;\"><a href=\"https:\/\/swck.org\/wop\/wordpress\/wp-content\/uploads\/2023\/03\/Protokoll-230117.pdf\">Protokoll nr 1 &#8211; 2023<\/a><\/span><\/td>\n<td><span style=\"font-family: georgia, palatino, serif; font-size: 10pt;\"><a href=\"https:\/\/swck.org\/wop\/wordpress\/wp-content\/uploads\/2023\/10\/protokoll-6juni.pdf\">Protokoll nr 8 -230606<\/a><\/span><\/td>\n<\/tr>\n<tr>\n<td><span style=\"font-size: 10pt; font-family: georgia, palatino, serif;\"><a href=\"https:\/\/swck.org\/wop\/wordpress\/wp-content\/uploads\/2023\/03\/Protokoll-230227.pdf\">Protokoll nr 2 &#8211; 2023<\/a><\/span><\/td>\n<td><span style=\"font-family: georgia, palatino, serif; font-size: 10pt;\"><a href=\"https:\/\/swck.org\/wop\/wordpress\/wp-content\/uploads\/2023\/10\/Protokoll-230619.pdf\">Protokoll nr 9 -230619<\/a><\/span><\/td>\n<\/tr>\n<tr>\n<td><span style=\"font-family: georgia, palatino, serif; font-size: 10pt;\"><a href=\"https:\/\/swck.org\/wop\/wordpress\/wp-content\/uploads\/2023\/03\/Protokoll-230307.pdf\">Protokoll nr 3 &#8211; 2023<\/a><\/span><\/td>\n<td><span style=\"font-family: georgia, palatino, serif; font-size: 10pt;\"><a href=\"https:\/\/swck.org\/wop\/wordpress\/wp-content\/uploads\/2023\/11\/Protokoll-230815.pdf\">Protokoll nr 10-230815<\/a><\/span><\/td>\n<\/tr>\n<tr>\n<td><span style=\"font-size: 10pt; font-family: georgia, palatino, serif;\"><a href=\"https:\/\/swck.org\/wop\/wordpress\/wp-content\/uploads\/2023\/05\/protokoll-konstituerande.pdf\">Protokoll nr 4 &#8211; 2023 (konstituerande)<\/a><\/span><\/td>\n<td><span style=\"font-family: georgia, palatino, serif; font-size: 10pt;\"><a href=\"https:\/\/swck.org\/wop\/wordpress\/wp-content\/uploads\/2023\/11\/230907.pdf\">Protokoll nr 11- 230907<\/a><\/span><\/td>\n<\/tr>\n<tr>\n<td><span style=\"font-size: 10pt; font-family: georgia, palatino, serif;\"><a href=\"https:\/\/swck.org\/wop\/wordpress\/wp-content\/uploads\/2023\/05\/protokoll230330.pdf\">Protokoll nr 5 &#8211; 2023<\/a><\/span><\/td>\n<td><span style=\"font-family: georgia, palatino, serif; font-size: 10pt;\"><a href=\"https:\/\/swck.org\/wop\/wordpress\/wp-content\/uploads\/2023\/11\/231024.pdf\">Protokoll nr 12- 231024<\/a><\/span><\/td>\n<\/tr>\n<tr>\n<td><span style=\"font-size: 10pt; font-family: georgia, palatino, serif;\"><a href=\"https:\/\/swck.org\/wop\/wordpress\/wp-content\/uploads\/2023\/10\/Protokoll-230405-.pdf\">Protokoll nr 6 -230405<\/a><\/span><\/td>\n<td><span style=\"font-size: 10pt; font-family: georgia, palatino, serif;\"><a href=\"https:\/\/swck.org\/wop\/wordpress\/wp-content\/uploads\/2024\/01\/protokoll-231109.pdf\">Protokoll nr 13- 231109<\/a><\/span><\/td>\n<\/tr>\n<tr>\n<td><span style=\"font-size: 10pt; font-family: georgia, palatino, serif;\"><a href=\"https:\/\/swck.org\/wop\/wordpress\/wp-content\/uploads\/2023\/10\/protokoll-230426.pdf\">Protokoll nr 7- 230426<\/a><\/span><\/td>\n<td><span style=\"font-family: georgia, palatino, serif; font-size: 10pt;\"><a href=\"https:\/\/swck.org\/wop\/wordpress\/wp-content\/uploads\/2024\/01\/Protokoll-231207-signerat.pdf\">Protokoll nr 14- 231207<\/a><\/span><\/td>\n<\/tr>\n<tr>\n<td><\/td>\n<td><a href=\"https:\/\/swck.org\/wop\/wordpress\/wp-content\/uploads\/2024\/02\/protokoll-15-231230.pdf\"><span style=\"font-family: georgia, palatino, serif; font-size: 10pt;\">Protokoll nr 15- 23123<\/span><\/a><\/td>\n<\/tr>\n<tr>\n<td><\/td>\n<td><\/td>\n<\/tr>\n<\/tbody>\n<\/table>\n","protected":false},"excerpt":{"rendered":"<p>H\u00e4r finner du styrelsem\u00f6tesprotokoll, \u00e5rsm\u00f6teshandlingar, \u00e5rsm\u00f6tesprotokoll mm. F\u00f6r beg\u00e4ran av tidigare protokoll\/handlingar kontakta klubben. Styrelsem\u00f6tesprotokoll 2026 Protokoll nr 1 &#8211; 260108 Konstituerande 260329 Styrelsem\u00f6te nr 2- 260219 Styrelsem\u00f6te nr 2- &#8230;<\/p>\n","protected":false},"author":1,"featured_media":0,"parent":23,"menu_order":0,"comment_status":"closed","ping_status":"closed","template":"","meta":{"footnotes":""},"class_list":["post-168","page","type-page","status-publish","hentry"],"_links":{"self":[{"href":"https:\/\/swck.org\/wop\/wordpress\/index.php?rest_route=\/wp\/v2\/pages\/168","targetHints":{"allow":["GET"]}}],"collection":[{"href":"https:\/\/swck.org\/wop\/wordpress\/index.php?rest_route=\/wp\/v2\/pages"}],"about":[{"href":"https:\/\/swck.org\/wop\/wordpress\/index.php?rest_route=\/wp\/v2\/types\/page"}],"author":[{"embeddable":true,"href":"https:\/\/swck.org\/wop\/wordpress\/index.php?rest_route=\/wp\/v2\/users\/1"}],"replies":[{"embeddable":true,"href":"https:\/\/swck.org\/wop\/wordpress\/index.php?rest_route=%2Fwp%2Fv2%2Fcomments&post=168"}],"version-history":[{"count":146,"href":"https:\/\/swck.org\/wop\/wordpress\/index.php?rest_route=\/wp\/v2\/pages\/168\/revisions"}],"predecessor-version":[{"id":5659,"href":"https:\/\/swck.org\/wop\/wordpress\/index.php?rest_route=\/wp\/v2\/pages\/168\/revisions\/5659"}],"up":[{"embeddable":true,"href":"https:\/\/swck.org\/wop\/wordpress\/index.php?rest_route=\/wp\/v2\/pages\/23"}],"wp:attachment":[{"href":"https:\/\/swck.org\/wop\/wordpress\/index.php?rest_route=%2Fwp%2Fv2%2Fmedia&parent=168"}],"curies":[{"name":"wp","href":"https:\/\/api.w.org\/{rel}","templated":true}]}}